{"id":23944968,"date":"2024-01-03T10:37:28","date_gmt":"2024-01-03T09:37:28","guid":{"rendered":"https:\/\/ottaskifer.no\/ensjo-station\/"},"modified":"2024-08-14T11:50:49","modified_gmt":"2024-08-14T10:50:49","slug":"ensjo-station","status":"publish","type":"page","link":"https:\/\/ottaskifer.no\/en\/references\/ensjo-station\/","title":{"rendered":"Ensj\u00f8 Station"},"content":{"rendered":"<p>[et_pb_section fb_built=&#8221;1&#8243; _builder_version=&#8221;4.23.4&#8243; _module_preset=&#8221;default&#8221; background_color=&#8221;#D0D3B5&#8243; custom_margin=&#8221;-13vh||||false|false&#8221; custom_padding=&#8221;13vh||10vh||false|false&#8221; locked=&#8221;off&#8221; global_colors_info=&#8221;{}&#8221;][et_pb_row custom_padding_last_edited=&#8221;on|tablet&#8221; _builder_version=&#8221;4.23.1&#8243; _module_preset=&#8221;default&#8221; custom_padding=&#8221;5%||3%||false|false&#8221; custom_padding_tablet=&#8221;8%||8%||true|false&#8221; custom_padding_phone=&#8221;8%||8%||true|false&#8221; global_colors_info=&#8221;{}&#8221;][et_pb_column type=&#8221;4_4&#8243; _builder_version=&#8221;4.23&#8243; _module_preset=&#8221;default&#8221; global_colors_info=&#8221;{}&#8221;][et_pb_text _builder_version=&#8221;4.23.4&#8243; _module_preset=&#8221;default&#8221; header_text_align=&#8221;center&#8221; header_text_color=&#8221;#003A42&#8243; header_font_size=&#8221;4em&#8221; header_line_height=&#8221;1.3em&#8221; header_2_text_color=&#8221;#003A42&#8243; header_2_font_size=&#8221;4em&#8221; header_2_line_height=&#8221;1.3em&#8221; header_font_size_tablet=&#8221;3em&#8221; header_font_size_phone=&#8221;2.7em&#8221; header_font_size_last_edited=&#8221;on|phone&#8221; header_2_font_size_tablet=&#8221;3em&#8221; header_2_font_size_phone=&#8221;2.7em&#8221; header_2_font_size_last_edited=&#8221;on|desktop&#8221; global_colors_info=&#8221;{}&#8221;]<\/p>\n<h1 class=\"p1\">Ensj\u00f8 Station<\/h1>\n<p>[\/et_pb_text][\/et_pb_column][\/et_pb_row][et_pb_row custom_padding_last_edited=&#8221;on|tablet&#8221; _builder_version=&#8221;4.23.1&#8243; _module_preset=&#8221;default&#8221; custom_padding=&#8221;5%||3%||false|false&#8221; custom_padding_tablet=&#8221;8%||8%||true|false&#8221; custom_padding_phone=&#8221;8%||8%||true|false&#8221; global_colors_info=&#8221;{}&#8221; column_structure=&#8221;1_2,1_2&#8243;][et_pb_column type=&#8221;1_2&#8243; _builder_version=&#8221;4.23&#8243; _module_preset=&#8221;default&#8221; global_colors_info=&#8221;{}&#8221;][et_pb_text _builder_version=&#8221;4.24.0&#8243; _module_preset=&#8221;default&#8221; header_3_text_color=&#8221;#003A42&#8243; header_3_font_size=&#8221;1.8em&#8221; header_4_text_color=&#8221;#003A42&#8243; header_4_font_size=&#8221;1.6em&#8221; custom_margin=&#8221;||0px||false|false&#8221; custom_padding=&#8221;7%||0px||false|false&#8221; header_4_font_size_last_edited=&#8221;off|desktop&#8221; global_colors_info=&#8221;{}&#8221;]<\/p>\n<h3 class=\"p1\">Slate facade and interior<\/h3>\n<p>[\/et_pb_text][et_pb_text _builder_version=&#8221;4.24.0&#8243; _module_preset=&#8221;default&#8221; text_font=&#8221;Centra No2 Light||||||||&#8221; text_text_color=&#8221;#000000&#8243; text_font_size=&#8221;1.1em&#8221; text_line_height=&#8221;1.5em&#8221; hover_enabled=&#8221;0&#8243; global_colors_info=&#8221;{}&#8221; sticky_enabled=&#8221;0&#8243;]<\/p>\n<p>The new Ensj\u00f8 subway station is part of the ongoing transformation of Ensj\u00f8. Through urban materials, the station has been given a visual identity that links it more closely to the central stations.<\/p>\n<p>The client wanted durable materials that will also be available for years to come, and Norwegian natural stone was therefore chosen for both the platform floor and the station walls. This choice has also served the consideration of universal design; light granite has been chosen for the platform floor, while darker Ottaskifer has been chosen for the walls.<\/p>\n<p>The dark Ottaskiferen is also used as warning stripes in stairs and ramps. On the walls, Ottaskifer in various widths and thicknesses is installed in a fixed pattern, which has resulted in a better interaction between various wall installations such as advertising mounts, signs, benches and technical installations. By dividing the wall in this way, the wall is also made less accessible for tagging, graffiti and sticking up posters.<\/p>\n<p>[\/et_pb_text][\/et_pb_column][et_pb_column type=&#8221;1_2&#8243; _builder_version=&#8221;4.23&#8243; _module_preset=&#8221;default&#8221; global_colors_info=&#8221;{}&#8221;][et_pb_text _builder_version=&#8221;4.24.0&#8243; _module_preset=&#8221;default&#8221; text_font=&#8221;Centra No2 Light||||||||&#8221; text_text_color=&#8221;#FFFFFF&#8221; text_font_size=&#8221;1.1em&#8221; text_line_height=&#8221;1.5em&#8221; background_color=&#8221;#9C9666&#8243; custom_margin=&#8221;39px||||false|false&#8221; custom_padding=&#8221;18px||18px|48px|false|false&#8221; hover_enabled=&#8221;0&#8243; global_colors_info=&#8221;{}&#8221; theme_builder_area=&#8221;post_content&#8221; sticky_enabled=&#8221;0&#8243;]<\/p>\n<ul>\n<li>Place: Oslo<\/li>\n<li>Year of construction: 2013<\/li>\n<li>Builder: Sporveien Oslo AS<\/li>\n<li>Architect: Flux Arkitekter AS, Jan Asgaard Stavik<\/li>\n<li>Stone supplier: Ellingard Collection AS<\/li>\n<\/ul>\n<p>[\/et_pb_text][\/et_pb_column][\/et_pb_row][et_pb_row column_structure=&#8221;2_3,1_3&#8243; use_custom_gutter=&#8221;on&#8221; gutter_width=&#8221;2&#8243; _builder_version=&#8221;4.23.4&#8243; _module_preset=&#8221;default&#8221; global_colors_info=&#8221;{}&#8221;][et_pb_column type=&#8221;2_3&#8243; _builder_version=&#8221;4.23.4&#8243; _module_preset=&#8221;default&#8221; global_colors_info=&#8221;{}&#8221;][et_pb_image src=&#8221;https:\/\/ottaskifer.no\/wp-content\/uploads\/2023\/11\/Ensjo-Stasjon_Otta-fasadeplater-vegg-fliser__MG_0039-scaled.jpg&#8221; alt=&#8221;Facade slate Ensj\u00f8 Station | Otta Skifer&#8221; title_text=&#8221;Facade slate Ensj\u00f8 Station | Otta Skifer&#8221; _builder_version=&#8221;4.23.4&#8243; _module_preset=&#8221;default&#8221; global_colors_info=&#8221;{}&#8221;][\/et_pb_image][\/et_pb_column][et_pb_column type=&#8221;1_3&#8243; _builder_version=&#8221;4.23.4&#8243; _module_preset=&#8221;default&#8221; global_colors_info=&#8221;{}&#8221;][et_pb_image src=&#8221;https:\/\/ottaskifer.no\/wp-content\/uploads\/2024\/01\/Ensjo-Stasjon_Otta-fasadeplater-vegg-fliser__MG_0008.jpg&#8221; alt=&#8221;Facade slate Ensj\u00f8 Station | Otta Skifer&#8221; title_text=&#8221;Facade slate Ensj\u00f8 Station | Otta Skifer&#8221; _builder_version=&#8221;4.23.4&#8243; _module_preset=&#8221;default&#8221; width=&#8221;80%&#8221; width_tablet=&#8221;100%&#8221; width_phone=&#8221;100%&#8221; width_last_edited=&#8221;on|tablet&#8221; global_colors_info=&#8221;{}&#8221;][\/et_pb_image][\/et_pb_column][\/et_pb_row][\/et_pb_section][et_pb_section fb_built=&#8221;1&#8243; _builder_version=&#8221;4.23.4&#8243; _module_preset=&#8221;default&#8221; background_color=&#8221;rgba(0,58,66,0.1)&#8221; custom_padding=&#8221;10vh||10vh||true|false&#8221; global_colors_info=&#8221;{}&#8221;][et_pb_row column_structure=&#8221;1_4,3_4&#8243; _builder_version=&#8221;4.23.4&#8243; _module_preset=&#8221;default&#8221; global_colors_info=&#8221;{}&#8221;][et_pb_column type=&#8221;1_4&#8243; _builder_version=&#8221;4.23.4&#8243; _module_preset=&#8221;default&#8221; global_colors_info=&#8221;{}&#8221;][\/et_pb_column][et_pb_column type=&#8221;3_4&#8243; _builder_version=&#8221;4.23.4&#8243; _module_preset=&#8221;default&#8221; global_colors_info=&#8221;{}&#8221;][et_pb_image src=&#8221;https:\/\/ottaskifer.no\/wp-content\/uploads\/2024\/01\/Ensjo-Stasjon_Otta-fasadeplater-vegg-fliser__MG_0056.jpg&#8221; title_text=&#8221;Ensj\u00f8-Stasjon_Otta-fasadeplater-vegg-fliser__MG_0056&#8243; _builder_version=&#8221;4.23.4&#8243; _module_preset=&#8221;default&#8221; global_colors_info=&#8221;{}&#8221;][\/et_pb_image][\/et_pb_column][\/et_pb_row][\/et_pb_section][et_pb_section fb_built=&#8221;1&#8243; _builder_version=&#8221;4.23.4&#8243; _module_preset=&#8221;default&#8221; background_color=&#8221;rgba(107,176,177,0.2)&#8221; custom_padding=&#8221;10vh||15vh||false|false&#8221; global_colors_info=&#8221;{}&#8221;][et_pb_row column_structure=&#8221;1_3,2_3&#8243; use_custom_gutter=&#8221;on&#8221; gutter_width=&#8221;2&#8243; make_equal=&#8221;on&#8221; _builder_version=&#8221;4.23.4&#8243; _module_preset=&#8221;default&#8221; global_colors_info=&#8221;{}&#8221;][et_pb_column type=&#8221;1_3&#8243; _builder_version=&#8221;4.23.4&#8243; _module_preset=&#8221;default&#8221; custom_css_main_element=&#8221;margin: auto auto 0;&#8221; global_colors_info=&#8221;{}&#8221;][et_pb_image src=&#8221;https:\/\/ottaskifer.no\/wp-content\/uploads\/2024\/01\/Ensjo-Stasjon_Otta-fasadeplater-vegg-fliser__MG_9980.jpg&#8221; alt=&#8221;Facade slate Ensj\u00f8 Station | Otta Skifer&#8221; title_text=&#8221;Facade slate Ensj\u00f8 Station | Otta Skifer&#8221; _builder_version=&#8221;4.23.4&#8243; _module_preset=&#8221;default&#8221; width=&#8221;70%&#8221; width_tablet=&#8221;100%&#8221; width_phone=&#8221;100%&#8221; width_last_edited=&#8221;on|tablet&#8221; global_colors_info=&#8221;{}&#8221;][\/et_pb_image][\/et_pb_column][et_pb_column type=&#8221;2_3&#8243; _builder_version=&#8221;4.23.4&#8243; _module_preset=&#8221;default&#8221; global_colors_info=&#8221;{}&#8221;][et_pb_image src=&#8221;https:\/\/ottaskifer.no\/wp-content\/uploads\/2024\/01\/Ensjo-Stasjon_Otta-fasadeplater-vegg-fliser__MG_0062.jpg&#8221; alt=&#8221;Facade slate Ensj\u00f8 Station | Otta Skifer&#8221; title_text=&#8221;Facade slate Ensj\u00f8 Station | Otta Skifer&#8221; _builder_version=&#8221;4.23.4&#8243; _module_preset=&#8221;default&#8221; global_colors_info=&#8221;{}&#8221;][\/et_pb_image][\/et_pb_column][\/et_pb_row][\/et_pb_section]<\/p>\n","protected":false},"excerpt":{"rendered":"<p>Ensj\u00f8 StationSlate facade and interiorThe new Ensj\u00f8 subway station is part of the ongoing transformation of Ensj\u00f8. Through urban materials, the station has been given a visual identity that links it more closely to the central stations. The client wanted durable materials that will also be available for years to come, and Norwegian natural stone [&hellip;]<\/p>\n","protected":false},"author":4,"featured_media":0,"parent":23944992,"menu_order":0,"comment_status":"closed","ping_status":"closed","template":"","meta":{"_et_pb_use_builder":"on","_et_pb_old_content":"","_et_gb_content_width":"","footnotes":""},"dipi_cpt_category":[],"class_list":["post-23944968","page","type-page","status-publish","hentry"],"yoast_head":"<!-- This site is optimized with the Yoast SEO plugin v27.5 - https:\/\/yoast.com\/product\/yoast-seo-wordpress\/ -->\n<title>Ensj\u00f8 Station - Otta Skifer AS<\/title>\n<meta name=\"robots\" content=\"index, follow, max-snippet:-1, max-image-preview:large, max-video-preview:-1\" \/>\n<link rel=\"canonical\" href=\"https:\/\/ottaskifer.no\/en\/references\/ensjo-station\/\" \/>\n<meta property=\"og:locale\" content=\"en_US\" \/>\n<meta property=\"og:type\" content=\"article\" \/>\n<meta property=\"og:title\" content=\"Ensj\u00f8 Station - Otta Skifer AS\" \/>\n<meta property=\"og:description\" content=\"Ensj\u00f8 StationSlate facade and interiorThe new Ensj\u00f8 subway station is part of the ongoing transformation of Ensj\u00f8. Through urban materials, the station has been given a visual identity that links it more closely to the central stations. The client wanted durable materials that will also be available for years to come, and Norwegian natural stone [&hellip;]\" \/>\n<meta property=\"og:url\" content=\"https:\/\/ottaskifer.no\/en\/references\/ensjo-station\/\" \/>\n<meta property=\"og:site_name\" content=\"Otta Skifer AS\" \/>\n<meta property=\"article:publisher\" content=\"https:\/\/www.facebook.com\/profile.php?id=61556584597085\" \/>\n<meta property=\"article:modified_time\" content=\"2024-08-14T10:50:49+00:00\" \/>\n<meta name=\"twitter:card\" content=\"summary_large_image\" \/>\n<meta name=\"twitter:label1\" content=\"Est. reading time\" \/>\n\t<meta name=\"twitter:data1\" content=\"5 minutes\" \/>\n<script type=\"application\/ld+json\" class=\"yoast-schema-graph\">{\"@context\":\"https:\\\/\\\/schema.org\",\"@graph\":[{\"@type\":\"WebPage\",\"@id\":\"https:\\\/\\\/ottaskifer.no\\\/en\\\/references\\\/ensjo-station\\\/\",\"url\":\"https:\\\/\\\/ottaskifer.no\\\/en\\\/references\\\/ensjo-station\\\/\",\"name\":\"Ensj\u00f8 Station - Otta Skifer AS\",\"isPartOf\":{\"@id\":\"https:\\\/\\\/ottaskifer.no\\\/en\\\/#website\"},\"datePublished\":\"2024-01-03T09:37:28+00:00\",\"dateModified\":\"2024-08-14T10:50:49+00:00\",\"breadcrumb\":{\"@id\":\"https:\\\/\\\/ottaskifer.no\\\/en\\\/references\\\/ensjo-station\\\/#breadcrumb\"},\"inLanguage\":\"en-US\",\"potentialAction\":[{\"@type\":\"ReadAction\",\"target\":[\"https:\\\/\\\/ottaskifer.no\\\/en\\\/references\\\/ensjo-station\\\/\"]}]},{\"@type\":\"BreadcrumbList\",\"@id\":\"https:\\\/\\\/ottaskifer.no\\\/en\\\/references\\\/ensjo-station\\\/#breadcrumb\",\"itemListElement\":[{\"@type\":\"ListItem\",\"position\":1,\"name\":\"Hjem\",\"item\":\"https:\\\/\\\/ottaskifer.no\\\/en\\\/front-page\\\/\"},{\"@type\":\"ListItem\",\"position\":2,\"name\":\"References\",\"item\":\"https:\\\/\\\/ottaskifer.no\\\/en\\\/references\\\/\"},{\"@type\":\"ListItem\",\"position\":3,\"name\":\"Ensj\u00f8 Station\"}]},{\"@type\":\"WebSite\",\"@id\":\"https:\\\/\\\/ottaskifer.no\\\/en\\\/#website\",\"url\":\"https:\\\/\\\/ottaskifer.no\\\/en\\\/\",\"name\":\"Otta Skifer\",\"description\":\"Stein som b\u00e6rer over generasjoner\",\"publisher\":{\"@id\":\"https:\\\/\\\/ottaskifer.no\\\/en\\\/#organization\"},\"potentialAction\":[{\"@type\":\"SearchAction\",\"target\":{\"@type\":\"EntryPoint\",\"urlTemplate\":\"https:\\\/\\\/ottaskifer.no\\\/en\\\/?s={search_term_string}\"},\"query-input\":{\"@type\":\"PropertyValueSpecification\",\"valueRequired\":true,\"valueName\":\"search_term_string\"}}],\"inLanguage\":\"en-US\"},{\"@type\":\"Organization\",\"@id\":\"https:\\\/\\\/ottaskifer.no\\\/en\\\/#organization\",\"name\":\"Otta Skifer AS\",\"url\":\"https:\\\/\\\/ottaskifer.no\\\/en\\\/\",\"logo\":{\"@type\":\"ImageObject\",\"inLanguage\":\"en-US\",\"@id\":\"https:\\\/\\\/ottaskifer.no\\\/en\\\/#\\\/schema\\\/logo\\\/image\\\/\",\"url\":\"https:\\\/\\\/ottaskifer.no\\\/wp-content\\\/uploads\\\/2023\\\/10\\\/Otta_Skifer_staende_lys_RGB.svg\",\"contentUrl\":\"https:\\\/\\\/ottaskifer.no\\\/wp-content\\\/uploads\\\/2023\\\/10\\\/Otta_Skifer_staende_lys_RGB.svg\",\"width\":566,\"height\":336,\"caption\":\"Otta Skifer AS\"},\"image\":{\"@id\":\"https:\\\/\\\/ottaskifer.no\\\/en\\\/#\\\/schema\\\/logo\\\/image\\\/\"},\"sameAs\":[\"https:\\\/\\\/www.facebook.com\\\/profile.php?id=61556584597085\"]}]}<\/script>\n<!-- \/ Yoast SEO plugin. -->","yoast_head_json":{"title":"Ensj\u00f8 Station - Otta Skifer AS","robots":{"index":"index","follow":"follow","max-snippet":"max-snippet:-1","max-image-preview":"max-image-preview:large","max-video-preview":"max-video-preview:-1"},"canonical":"https:\/\/ottaskifer.no\/en\/references\/ensjo-station\/","og_locale":"en_US","og_type":"article","og_title":"Ensj\u00f8 Station - Otta Skifer AS","og_description":"Ensj\u00f8 StationSlate facade and interiorThe new Ensj\u00f8 subway station is part of the ongoing transformation of Ensj\u00f8. Through urban materials, the station has been given a visual identity that links it more closely to the central stations. The client wanted durable materials that will also be available for years to come, and Norwegian natural stone [&hellip;]","og_url":"https:\/\/ottaskifer.no\/en\/references\/ensjo-station\/","og_site_name":"Otta Skifer AS","article_publisher":"https:\/\/www.facebook.com\/profile.php?id=61556584597085","article_modified_time":"2024-08-14T10:50:49+00:00","twitter_card":"summary_large_image","twitter_misc":{"Est. reading time":"5 minutes"},"schema":{"@context":"https:\/\/schema.org","@graph":[{"@type":"WebPage","@id":"https:\/\/ottaskifer.no\/en\/references\/ensjo-station\/","url":"https:\/\/ottaskifer.no\/en\/references\/ensjo-station\/","name":"Ensj\u00f8 Station - Otta Skifer AS","isPartOf":{"@id":"https:\/\/ottaskifer.no\/en\/#website"},"datePublished":"2024-01-03T09:37:28+00:00","dateModified":"2024-08-14T10:50:49+00:00","breadcrumb":{"@id":"https:\/\/ottaskifer.no\/en\/references\/ensjo-station\/#breadcrumb"},"inLanguage":"en-US","potentialAction":[{"@type":"ReadAction","target":["https:\/\/ottaskifer.no\/en\/references\/ensjo-station\/"]}]},{"@type":"BreadcrumbList","@id":"https:\/\/ottaskifer.no\/en\/references\/ensjo-station\/#breadcrumb","itemListElement":[{"@type":"ListItem","position":1,"name":"Hjem","item":"https:\/\/ottaskifer.no\/en\/front-page\/"},{"@type":"ListItem","position":2,"name":"References","item":"https:\/\/ottaskifer.no\/en\/references\/"},{"@type":"ListItem","position":3,"name":"Ensj\u00f8 Station"}]},{"@type":"WebSite","@id":"https:\/\/ottaskifer.no\/en\/#website","url":"https:\/\/ottaskifer.no\/en\/","name":"Otta Skifer","description":"Stein som b\u00e6rer over generasjoner","publisher":{"@id":"https:\/\/ottaskifer.no\/en\/#organization"},"potentialAction":[{"@type":"SearchAction","target":{"@type":"EntryPoint","urlTemplate":"https:\/\/ottaskifer.no\/en\/?s={search_term_string}"},"query-input":{"@type":"PropertyValueSpecification","valueRequired":true,"valueName":"search_term_string"}}],"inLanguage":"en-US"},{"@type":"Organization","@id":"https:\/\/ottaskifer.no\/en\/#organization","name":"Otta Skifer AS","url":"https:\/\/ottaskifer.no\/en\/","logo":{"@type":"ImageObject","inLanguage":"en-US","@id":"https:\/\/ottaskifer.no\/en\/#\/schema\/logo\/image\/","url":"https:\/\/ottaskifer.no\/wp-content\/uploads\/2023\/10\/Otta_Skifer_staende_lys_RGB.svg","contentUrl":"https:\/\/ottaskifer.no\/wp-content\/uploads\/2023\/10\/Otta_Skifer_staende_lys_RGB.svg","width":566,"height":336,"caption":"Otta Skifer AS"},"image":{"@id":"https:\/\/ottaskifer.no\/en\/#\/schema\/logo\/image\/"},"sameAs":["https:\/\/www.facebook.com\/profile.php?id=61556584597085"]}]}},"_links":{"self":[{"href":"https:\/\/ottaskifer.no\/en\/wp-json\/wp\/v2\/pages\/23944968","targetHints":{"allow":["GET"]}}],"collection":[{"href":"https:\/\/ottaskifer.no\/en\/wp-json\/wp\/v2\/pages"}],"about":[{"href":"https:\/\/ottaskifer.no\/en\/wp-json\/wp\/v2\/types\/page"}],"author":[{"embeddable":true,"href":"https:\/\/ottaskifer.no\/en\/wp-json\/wp\/v2\/users\/4"}],"replies":[{"embeddable":true,"href":"https:\/\/ottaskifer.no\/en\/wp-json\/wp\/v2\/comments?post=23944968"}],"version-history":[{"count":0,"href":"https:\/\/ottaskifer.no\/en\/wp-json\/wp\/v2\/pages\/23944968\/revisions"}],"up":[{"embeddable":true,"href":"https:\/\/ottaskifer.no\/en\/wp-json\/wp\/v2\/pages\/23944992"}],"wp:attachment":[{"href":"https:\/\/ottaskifer.no\/en\/wp-json\/wp\/v2\/media?parent=23944968"}],"wp:term":[{"taxonomy":"dipi_cpt_category","embeddable":true,"href":"https:\/\/ottaskifer.no\/en\/wp-json\/wp\/v2\/dipi_cpt_category?post=23944968"}],"curies":[{"name":"wp","href":"https:\/\/api.w.org\/{rel}","templated":true}]}}