{"id":23945285,"date":"2025-11-18T13:51:19","date_gmt":"2025-11-18T12:51:19","guid":{"rendered":"https:\/\/ottaskifer.no\/the-viking-age-museum\/"},"modified":"2025-11-18T14:20:23","modified_gmt":"2025-11-18T13:20:23","slug":"the-viking-age-museum","status":"publish","type":"page","link":"https:\/\/ottaskifer.no\/en\/the-viking-age-museum\/","title":{"rendered":"The Museum of the Viking Age"},"content":{"rendered":"<p>[et_pb_section fb_built=&#8221;1&#8243; _builder_version=&#8221;4.23.4&#8243; _module_preset=&#8221;default&#8221; background_color=&#8221;#D0D3B5&#8243; custom_margin=&#8221;-13vh||||false|false&#8221; custom_padding=&#8221;13vh||10vh||false|false&#8221; locked=&#8221;off&#8221; global_colors_info=&#8221;{}&#8221; theme_builder_area=&#8221;post_content&#8221;][et_pb_row custom_padding_last_edited=&#8221;on|tablet&#8221; _builder_version=&#8221;4.23.1&#8243; _module_preset=&#8221;default&#8221; custom_padding=&#8221;5%||3%||false|false&#8221; custom_padding_tablet=&#8221;8%||8%||true|false&#8221; custom_padding_phone=&#8221;8%||8%||true|false&#8221; global_colors_info=&#8221;{}&#8221; theme_builder_area=&#8221;post_content&#8221;][et_pb_column type=&#8221;4_4&#8243; _builder_version=&#8221;4.23&#8243; _module_preset=&#8221;default&#8221; global_colors_info=&#8221;{}&#8221; theme_builder_area=&#8221;post_content&#8221;][et_pb_text _builder_version=&#8221;4.23.4&#8243; _module_preset=&#8221;default&#8221; header_text_align=&#8221;center&#8221; header_text_color=&#8221;#003A42&#8243; header_font_size=&#8221;4em&#8221; header_line_height=&#8221;1.3em&#8221; header_2_text_color=&#8221;#003A42&#8243; header_2_font_size=&#8221;4em&#8221; header_2_line_height=&#8221;1.3em&#8221; header_font_size_tablet=&#8221;3em&#8221; header_font_size_phone=&#8221;2.7em&#8221; header_font_size_last_edited=&#8221;on|phone&#8221; header_2_font_size_tablet=&#8221;3em&#8221; header_2_font_size_phone=&#8221;2.7em&#8221; header_2_font_size_last_edited=&#8221;on|desktop&#8221; global_colors_info=&#8221;{}&#8221; theme_builder_area=&#8221;post_content&#8221;]<\/p>\n<h1 class=\"p1\">The Museum of the Viking Age at Bygd\u00f8y<\/h1>\n<p>[\/et_pb_text][\/et_pb_column][\/et_pb_row][et_pb_row column_structure=&#8221;1_2,1_2&#8243; custom_padding_last_edited=&#8221;on|tablet&#8221; _builder_version=&#8221;4.23.1&#8243; _module_preset=&#8221;default&#8221; custom_padding=&#8221;5%||3%||false|false&#8221; custom_padding_tablet=&#8221;8%||8%||true|false&#8221; custom_padding_phone=&#8221;8%||8%||true|false&#8221; global_colors_info=&#8221;{}&#8221; theme_builder_area=&#8221;post_content&#8221;][et_pb_column type=&#8221;1_2&#8243; _builder_version=&#8221;4.23&#8243; _module_preset=&#8221;default&#8221; global_colors_info=&#8221;{}&#8221; theme_builder_area=&#8221;post_content&#8221;][et_pb_text _builder_version=&#8221;4.24.0&#8243; _module_preset=&#8221;default&#8221; header_3_text_color=&#8221;#003A42&#8243; header_3_font_size=&#8221;1.8em&#8221; header_4_text_color=&#8221;#003A42&#8243; header_4_font_size=&#8221;1.6em&#8221; custom_margin=&#8221;||0px||false|false&#8221; custom_padding=&#8221;7%||0px||false|false&#8221; header_4_font_size_last_edited=&#8221;off|desktop&#8221; global_colors_info=&#8221;{}&#8221; theme_builder_area=&#8221;post_content&#8221;]<\/p>\n<h3 class=\"p1\">Modern architecture meets ancient raw material<\/h3>\n<p>[\/et_pb_text][et_pb_text _builder_version=&#8221;4.27.4&#8243; _module_preset=&#8221;default&#8221; text_font=&#8221;Centra No2 Light||||||||&#8221; text_text_color=&#8221;#000000&#8243; text_font_size=&#8221;1.1em&#8221; text_line_height=&#8221;1.5em&#8221; custom_padding=&#8221;||0px|||&#8221; hover_enabled=&#8221;0&#8243; global_colors_info=&#8221;{}&#8221; theme_builder_area=&#8221;post_content&#8221; sticky_enabled=&#8221;0&#8243;]<\/p>\n<p>The roof of the new Museum of the Viking Age on Bygd\u00f8y is covered with Otta slate. It has been an incredibly exciting project, not least because the roof is curved and double-curved, and the ridge has a height difference of 2.5 meters. The solution was therefore to lay the slate tiles with a large overlap.  <\/p>\n<p>Ottaskifer is used, and 20% of all the stone is Ottaskifer rust. All the slate is extracted from the Pillarguri quarry here at Otta. Extraction takes place all year round, from the hottest summer days to sub-zero temperatures that creep down to 30\u00b0C. The first stone was delivered in October 2024, and by the end of April 2025 all stones had been delivered. The museum will be ready for visitors in 2026.    <\/p>\n<h3>One of our biggest projects<\/h3>\n<p>The day we were told that the assignment was ours, there was a big celebration in the production hall, and the pride was palpable. A delivery of such dimensions requires extreme knowledge, craftsmanship and accuracy, and the entire delivery value chain is local. As a small production company in Gudbrandsdalen, it&#8217;s really cool to be noticed on a national (and international) level! It&#8217;s even more rewarding to know that government clients choose local suppliers and genuine Norwegian raw materials that will last for generations.   <\/p>\n<p>Then we quickly landed on our feet as we realized the extreme complexity of what such a delivery entailed: This is a large and demanding project with a delivery of 54,706 slate tiles in six months!<\/p>\n<p>The slate tiles were produced in 30 different sizes for both roofs and facades, and production was therefore intensive in several ways: the production itself was complicated, the packaging was complicated and the logistics more complicated.<\/p>\n<h3>Solid delivery<\/h3>\n<p>Not a single stone was delivered late, and not a single error or defect was registered. We managed production by running efficient daytime operations only, and therefore avoided 24-hour shifts. <\/p>\n<p>What&#8217;s more, all the slate is hand-nailed, with as many as 110,000 holes punched at the construction site! This roof is truly proof that old building techniques go hand in hand with modern architecture. <\/p>\n<h3>Advanced assembly<\/h3>\n<p>The architects had decided that the slate should not have a fixed pattern, which meant that laying the slate was somewhat more complicated because it had to be ensured that no patterns were created along the way. The skilled professionals from Ellinggard really excelled at this task.<\/p>\n<h3>Natural beautification and development<\/h3>\n<p>Prior to installation, the slate was tested for temperatures down to 20 below zero. Slate is one of nature&#8217;s most durable materials and is ideal for harsh weather conditions. <\/p>\n<p>The spectacular slate roof is now complete and will develop a stunning patina over the years. This is something to look forward to observing in the future! <\/p>\n<p>[\/et_pb_text][\/et_pb_column][et_pb_column type=&#8221;1_2&#8243; _builder_version=&#8221;4.23&#8243; _module_preset=&#8221;default&#8221; global_colors_info=&#8221;{}&#8221; theme_builder_area=&#8221;post_content&#8221;][et_pb_text _builder_version=&#8221;4.27.4&#8243; _module_preset=&#8221;default&#8221; text_font=&#8221;Centra No2 Light||||||||&#8221; text_text_color=&#8221;#FFFFFF&#8221; text_font_size=&#8221;1.1em&#8221; text_line_height=&#8221;1.5em&#8221; background_color=&#8221;#9C9666&#8243; custom_margin=&#8221;39px||||false|false&#8221; custom_padding=&#8221;18px||18px|48px|false|false&#8221; hover_enabled=&#8221;0&#8243; global_colors_info=&#8221;{}&#8221; theme_builder_area=&#8221;post_content&#8221; sticky_enabled=&#8221;0&#8243;]<\/p>\n<ul>\n<li>Location: Bygd\u00f8y, Oslo<\/li>\n<li>Construction years: 2024-2026<\/li>\n<li>Client: AF Gruppen<\/li>\n<li>Architect: AART Architects<\/li>\n<li>Installation: Ellinggard<\/li>\n<\/ul>\n<p>[\/et_pb_text][et_pb_image src=&#8221;https:\/\/ottaskifer.no\/wp-content\/uploads\/2025\/11\/VikingT.jpg&#8221; _builder_version=&#8221;4.27.4&#8243; _module_preset=&#8221;default&#8221; theme_builder_area=&#8221;post_content&#8221; alt=&#8221;Otta slate facade at the Museum of the Viking Age, Bygd\u00f8y, Oslo&#8221; title_text=&#8221;Otta slate facade at the Museum of the Viking Age, Bygd\u00f8y, Oslo&#8221; hover_enabled=&#8221;0&#8243; sticky_enabled=&#8221;0&#8243;][\/et_pb_image][et_pb_image src=&#8221;https:\/\/ottaskifer.no\/wp-content\/uploads\/2025\/11\/Bilde-3-OS.png&#8221; _builder_version=&#8221;4.27.4&#8243; _module_preset=&#8221;default&#8221; theme_builder_area=&#8221;post_content&#8221; alt=&#8221;Roof slate of Otta slate at the Museum of the Viking Age, Bygd\u00f8y, Oslo.&#8221; title_text=&#8221;Roof slate of Otta slate at the Museum of the Viking Age, Bygd\u00f8y, Oslo.&#8221; hover_enabled=&#8221;0&#8243; sticky_enabled=&#8221;0&#8243;][\/et_pb_image][\/et_pb_column][\/et_pb_row][et_pb_row column_structure=&#8221;2_3,1_3&#8243; use_custom_gutter=&#8221;on&#8221; gutter_width=&#8221;2&#8243; _builder_version=&#8221;4.23.4&#8243; _module_preset=&#8221;default&#8221; global_colors_info=&#8221;{}&#8221; theme_builder_area=&#8221;post_content&#8221;][et_pb_column type=&#8221;2_3&#8243; _builder_version=&#8221;4.23.4&#8243; _module_preset=&#8221;default&#8221; global_colors_info=&#8221;{}&#8221; theme_builder_area=&#8221;post_content&#8221;][et_pb_image src=&#8221;https:\/\/ottaskifer.no\/wp-content\/uploads\/2025\/11\/Tak-VTM-31.10.2025-Foto-Marius-Lyso.png&#8221; alt=&#8221;Roof slate in Otta slate at the Museum of the Viking Age, Bygd\u00f8y, Oslo. Photo: Marius Lys\u00f8. &#8221; title_text=&#8221;Roof slate in Otta slate at the Museum of the Viking Age, Bygd\u00f8y, Oslo. Photo: Marius Lys\u00f8. &#8221; _builder_version=&#8221;4.27.4&#8243; _module_preset=&#8221;default&#8221; hover_enabled=&#8221;0&#8243; global_colors_info=&#8221;{}&#8221; theme_builder_area=&#8221;post_content&#8221; sticky_enabled=&#8221;0&#8243;][\/et_pb_image][\/et_pb_column][et_pb_column type=&#8221;1_3&#8243; _builder_version=&#8221;4.23.4&#8243; _module_preset=&#8221;default&#8221; global_colors_info=&#8221;{}&#8221; theme_builder_area=&#8221;post_content&#8221;][et_pb_image src=&#8221;https:\/\/ottaskifer.no\/wp-content\/uploads\/2025\/11\/Bilde-4-OS.png&#8221; title_text=&#8221;Ottaskifer roof slate installed at the Museum of the Viking Age, Bygd\u00f8y, Oslo.&#8221; _builder_version=&#8221;4.27.4&#8243; _module_preset=&#8221;default&#8221; width=&#8221;80%&#8221; width_tablet=&#8221;100%&#8221; width_phone=&#8221;100%&#8221; width_last_edited=&#8221;on|tablet&#8221; hover_enabled=&#8221;0&#8243; global_colors_info=&#8221;{}&#8221; theme_builder_area=&#8221;post_content&#8221; alt=&#8221;Ottaskifer roof slate installed at the Museum of the Viking Age, Bygd\u00f8y, Oslo.&#8221; sticky_enabled=&#8221;0&#8243;][\/et_pb_image][\/et_pb_column][\/et_pb_row][\/et_pb_section][et_pb_section fb_built=&#8221;1&#8243; _builder_version=&#8221;4.23.4&#8243; _module_preset=&#8221;default&#8221; background_color=&#8221;rgba(0,58,66,0.1)&#8221; custom_padding=&#8221;10vh||10vh||true|false&#8221; global_colors_info=&#8221;{}&#8221; theme_builder_area=&#8221;post_content&#8221;][et_pb_row _builder_version=&#8221;4.23.4&#8243; _module_preset=&#8221;default&#8221; global_colors_info=&#8221;{}&#8221; theme_builder_area=&#8221;post_content&#8221;][et_pb_column type=&#8221;4_4&#8243; _builder_version=&#8221;4.23.4&#8243; _module_preset=&#8221;default&#8221; global_colors_info=&#8221;{}&#8221; theme_builder_area=&#8221;post_content&#8221;][et_pb_image src=&#8221;https:\/\/ottaskifer.no\/wp-content\/uploads\/2025\/11\/Vikingtid.png&#8221; title_text=&#8221;Otta slate facade at the Museum of the Viking Age, Bygd\u00f8y, Oslo&#8221; _builder_version=&#8221;4.27.4&#8243; _module_preset=&#8221;default&#8221; hover_enabled=&#8221;0&#8243; global_colors_info=&#8221;{}&#8221; theme_builder_area=&#8221;post_content&#8221; alt=&#8221;Otta slate facade at the Museum of the Viking Age, Bygd\u00f8y, Oslo&#8221; sticky_enabled=&#8221;0&#8243;][\/et_pb_image][\/et_pb_column][\/et_pb_row][\/et_pb_section][et_pb_section fb_built=&#8221;1&#8243; _builder_version=&#8221;4.23.4&#8243; _module_preset=&#8221;default&#8221; background_color=&#8221;rgba(107,176,177,0.2)&#8221; custom_padding=&#8221;10vh||10vh||true|false&#8221; global_colors_info=&#8221;{}&#8221; theme_builder_area=&#8221;post_content&#8221;][et_pb_row column_structure=&#8221;1_3,1_3,1_3&#8243; use_custom_gutter=&#8221;on&#8221; gutter_width=&#8221;2&#8243; make_equal=&#8221;on&#8221; _builder_version=&#8221;4.23.4&#8243; _module_preset=&#8221;default&#8221; global_colors_info=&#8221;{}&#8221; theme_builder_area=&#8221;post_content&#8221;][et_pb_column type=&#8221;1_3&#8243; _builder_version=&#8221;4.23.4&#8243; _module_preset=&#8221;default&#8221; global_colors_info=&#8221;{}&#8221; theme_builder_area=&#8221;post_content&#8221;][et_pb_image src=&#8221;https:\/\/ottaskifer.no\/wp-content\/uploads\/2025\/11\/DJI_20250423114819_0009_D-scaled.jpg&#8221; title_text=&#8221;Otta slate is installed at the Museum of the Viking Age, Bygd\u00f8y, Oslo.&#8221; _builder_version=&#8221;4.27.4&#8243; _module_preset=&#8221;default&#8221; hover_enabled=&#8221;0&#8243; global_colors_info=&#8221;{}&#8221; theme_builder_area=&#8221;post_content&#8221; alt=&#8221;Otta slate is installed at the Museum of the Viking Age, Bygd\u00f8y, Oslo.&#8221; sticky_enabled=&#8221;0&#8243;][\/et_pb_image][\/et_pb_column][et_pb_column type=&#8221;1_3&#8243; _builder_version=&#8221;4.23.4&#8243; _module_preset=&#8221;default&#8221; global_colors_info=&#8221;{}&#8221; theme_builder_area=&#8221;post_content&#8221;][et_pb_image src=&#8221;https:\/\/ottaskifer.no\/wp-content\/uploads\/2025\/11\/Bilde-2-OS.png&#8221; title_text=&#8221;Roof slate of Otta slate at the Museum of the Viking Age, Bygd\u00f8y, Oslo.&#8221; _builder_version=&#8221;4.27.4&#8243; _module_preset=&#8221;default&#8221; hover_enabled=&#8221;0&#8243; global_colors_info=&#8221;{}&#8221; theme_builder_area=&#8221;post_content&#8221; alt=&#8221;Roof slate of Otta slate at the Museum of the Viking Age, Bygd\u00f8y, Oslo.&#8221; sticky_enabled=&#8221;0&#8243;][\/et_pb_image][\/et_pb_column][et_pb_column _builder_version=&#8221;4.27.4&#8243; _module_preset=&#8221;default&#8221; type=&#8221;1_3&#8243; theme_builder_area=&#8221;post_content&#8221;][et_pb_image src=&#8221;https:\/\/ottaskifer.no\/wp-content\/uploads\/2025\/11\/DJI_20250423114718_0004_D-scaled.jpg&#8221; title_text=&#8221;Otta slate is installed at the Museum of the Viking Age, Bygd\u00f8y, Oslo.&#8221; _builder_version=&#8221;4.27.4&#8243; _module_preset=&#8221;default&#8221; hover_enabled=&#8221;0&#8243; global_colors_info=&#8221;{}&#8221; theme_builder_area=&#8221;post_content&#8221; alt=&#8221;Otta slate is installed at the Museum of the Viking Age, Bygd\u00f8y, Oslo.&#8221; sticky_enabled=&#8221;0&#8243;][\/et_pb_image][\/et_pb_column][\/et_pb_row][\/et_pb_section][et_pb_section fb_built=&#8221;1&#8243; _builder_version=&#8221;4.23.4&#8243; _module_preset=&#8221;default&#8221; background_color=&#8221;rgba(0,58,66,0.1)&#8221; custom_padding=&#8221;10vh||10vh||true|false&#8221; global_colors_info=&#8221;{}&#8221; theme_builder_area=&#8221;post_content&#8221;][et_pb_row use_custom_gutter=&#8221;on&#8221; gutter_width=&#8221;2&#8243; make_equal=&#8221;on&#8221; _builder_version=&#8221;4.23.4&#8243; _module_preset=&#8221;default&#8221; global_colors_info=&#8221;{}&#8221; theme_builder_area=&#8221;post_content&#8221;][et_pb_column type=&#8221;4_4&#8243; _builder_version=&#8221;4.23.4&#8243; _module_preset=&#8221;default&#8221; custom_css_main_element=&#8221;margin: auto auto 0;&#8221; global_colors_info=&#8221;{}&#8221; theme_builder_area=&#8221;post_content&#8221;][et_pb_image src=&#8221;https:\/\/ottaskifer.no\/wp-content\/uploads\/2025\/11\/Bilde-1-OS.png&#8221; title_text=&#8221;Otta Slate at the Museum of the Viking Age, Bygd\u00f8y, Oslo.&#8221; _builder_version=&#8221;4.27.4&#8243; _module_preset=&#8221;default&#8221; hover_enabled=&#8221;0&#8243; global_colors_info=&#8221;{}&#8221; theme_builder_area=&#8221;post_content&#8221; alt=&#8221;Otta Slate at the Museum of the Viking Age, Bygd\u00f8y, Oslo.&#8221; sticky_enabled=&#8221;0&#8243;][\/et_pb_image][\/et_pb_column][\/et_pb_row][\/et_pb_section]<\/p>\n","protected":false},"excerpt":{"rendered":"<p>The Museum of the Viking Age at Bygd\u00f8yModern architecture meets ancient raw materialThe roof of the new Museum of the Viking Age on Bygd\u00f8y is covered with Otta slate. It has been an incredibly exciting project, not least because the roof is curved and double-curved, and the ridge has a height difference of 2.5 meters. [&hellip;]<\/p>\n","protected":false},"author":5,"featured_media":0,"parent":0,"menu_order":0,"comment_status":"closed","ping_status":"closed","template":"","meta":{"_et_pb_use_builder":"on","_et_pb_old_content":"","_et_gb_content_width":"","footnotes":""},"dipi_cpt_category":[],"class_list":["post-23945285","page","type-page","status-publish","hentry"],"yoast_head":"<!-- This site is optimized with the Yoast SEO plugin v27.5 - https:\/\/yoast.com\/product\/yoast-seo-wordpress\/ -->\n<title>The Museum of the Viking Age - Otta Skifer AS<\/title>\n<meta name=\"robots\" content=\"index, follow, max-snippet:-1, max-image-preview:large, max-video-preview:-1\" \/>\n<link rel=\"canonical\" href=\"https:\/\/ottaskifer.no\/en\/the-viking-age-museum\/\" \/>\n<meta property=\"og:locale\" content=\"en_US\" \/>\n<meta property=\"og:type\" content=\"article\" \/>\n<meta property=\"og:title\" content=\"The Museum of the Viking Age - Otta Skifer AS\" \/>\n<meta property=\"og:description\" content=\"The Museum of the Viking Age at Bygd\u00f8yModern architecture meets ancient raw materialThe roof of the new Museum of the Viking Age on Bygd\u00f8y is covered with Otta slate. It has been an incredibly exciting project, not least because the roof is curved and double-curved, and the ridge has a height difference of 2.5 meters. [&hellip;]\" \/>\n<meta property=\"og:url\" content=\"https:\/\/ottaskifer.no\/en\/the-viking-age-museum\/\" \/>\n<meta property=\"og:site_name\" content=\"Otta Skifer AS\" \/>\n<meta property=\"article:publisher\" content=\"https:\/\/www.facebook.com\/profile.php?id=61556584597085\" \/>\n<meta property=\"article:modified_time\" content=\"2025-11-18T13:20:23+00:00\" \/>\n<meta name=\"twitter:card\" content=\"summary_large_image\" \/>\n<meta name=\"twitter:label1\" content=\"Est. reading time\" \/>\n\t<meta name=\"twitter:data1\" content=\"9 minutes\" \/>\n<script type=\"application\/ld+json\" class=\"yoast-schema-graph\">{\"@context\":\"https:\\\/\\\/schema.org\",\"@graph\":[{\"@type\":\"WebPage\",\"@id\":\"https:\\\/\\\/ottaskifer.no\\\/en\\\/the-viking-age-museum\\\/\",\"url\":\"https:\\\/\\\/ottaskifer.no\\\/en\\\/the-viking-age-museum\\\/\",\"name\":\"The Museum of the Viking Age - Otta Skifer AS\",\"isPartOf\":{\"@id\":\"https:\\\/\\\/ottaskifer.no\\\/en\\\/#website\"},\"datePublished\":\"2025-11-18T12:51:19+00:00\",\"dateModified\":\"2025-11-18T13:20:23+00:00\",\"breadcrumb\":{\"@id\":\"https:\\\/\\\/ottaskifer.no\\\/en\\\/the-viking-age-museum\\\/#breadcrumb\"},\"inLanguage\":\"en-US\",\"potentialAction\":[{\"@type\":\"ReadAction\",\"target\":[\"https:\\\/\\\/ottaskifer.no\\\/en\\\/the-viking-age-museum\\\/\"]}]},{\"@type\":\"BreadcrumbList\",\"@id\":\"https:\\\/\\\/ottaskifer.no\\\/en\\\/the-viking-age-museum\\\/#breadcrumb\",\"itemListElement\":[{\"@type\":\"ListItem\",\"position\":1,\"name\":\"Hjem\",\"item\":\"https:\\\/\\\/ottaskifer.no\\\/en\\\/front-page\\\/\"},{\"@type\":\"ListItem\",\"position\":2,\"name\":\"The Museum of the Viking Age\"}]},{\"@type\":\"WebSite\",\"@id\":\"https:\\\/\\\/ottaskifer.no\\\/en\\\/#website\",\"url\":\"https:\\\/\\\/ottaskifer.no\\\/en\\\/\",\"name\":\"Otta Skifer\",\"description\":\"Stein som b\u00e6rer over generasjoner\",\"publisher\":{\"@id\":\"https:\\\/\\\/ottaskifer.no\\\/en\\\/#organization\"},\"potentialAction\":[{\"@type\":\"SearchAction\",\"target\":{\"@type\":\"EntryPoint\",\"urlTemplate\":\"https:\\\/\\\/ottaskifer.no\\\/en\\\/?s={search_term_string}\"},\"query-input\":{\"@type\":\"PropertyValueSpecification\",\"valueRequired\":true,\"valueName\":\"search_term_string\"}}],\"inLanguage\":\"en-US\"},{\"@type\":\"Organization\",\"@id\":\"https:\\\/\\\/ottaskifer.no\\\/en\\\/#organization\",\"name\":\"Otta Skifer AS\",\"url\":\"https:\\\/\\\/ottaskifer.no\\\/en\\\/\",\"logo\":{\"@type\":\"ImageObject\",\"inLanguage\":\"en-US\",\"@id\":\"https:\\\/\\\/ottaskifer.no\\\/en\\\/#\\\/schema\\\/logo\\\/image\\\/\",\"url\":\"https:\\\/\\\/ottaskifer.no\\\/wp-content\\\/uploads\\\/2023\\\/10\\\/Otta_Skifer_staende_lys_RGB.svg\",\"contentUrl\":\"https:\\\/\\\/ottaskifer.no\\\/wp-content\\\/uploads\\\/2023\\\/10\\\/Otta_Skifer_staende_lys_RGB.svg\",\"width\":566,\"height\":336,\"caption\":\"Otta Skifer AS\"},\"image\":{\"@id\":\"https:\\\/\\\/ottaskifer.no\\\/en\\\/#\\\/schema\\\/logo\\\/image\\\/\"},\"sameAs\":[\"https:\\\/\\\/www.facebook.com\\\/profile.php?id=61556584597085\"]}]}<\/script>\n<!-- \/ Yoast SEO plugin. -->","yoast_head_json":{"title":"The Museum of the Viking Age - Otta Skifer AS","robots":{"index":"index","follow":"follow","max-snippet":"max-snippet:-1","max-image-preview":"max-image-preview:large","max-video-preview":"max-video-preview:-1"},"canonical":"https:\/\/ottaskifer.no\/en\/the-viking-age-museum\/","og_locale":"en_US","og_type":"article","og_title":"The Museum of the Viking Age - Otta Skifer AS","og_description":"The Museum of the Viking Age at Bygd\u00f8yModern architecture meets ancient raw materialThe roof of the new Museum of the Viking Age on Bygd\u00f8y is covered with Otta slate. It has been an incredibly exciting project, not least because the roof is curved and double-curved, and the ridge has a height difference of 2.5 meters. [&hellip;]","og_url":"https:\/\/ottaskifer.no\/en\/the-viking-age-museum\/","og_site_name":"Otta Skifer AS","article_publisher":"https:\/\/www.facebook.com\/profile.php?id=61556584597085","article_modified_time":"2025-11-18T13:20:23+00:00","twitter_card":"summary_large_image","twitter_misc":{"Est. reading time":"9 minutes"},"schema":{"@context":"https:\/\/schema.org","@graph":[{"@type":"WebPage","@id":"https:\/\/ottaskifer.no\/en\/the-viking-age-museum\/","url":"https:\/\/ottaskifer.no\/en\/the-viking-age-museum\/","name":"The Museum of the Viking Age - Otta Skifer AS","isPartOf":{"@id":"https:\/\/ottaskifer.no\/en\/#website"},"datePublished":"2025-11-18T12:51:19+00:00","dateModified":"2025-11-18T13:20:23+00:00","breadcrumb":{"@id":"https:\/\/ottaskifer.no\/en\/the-viking-age-museum\/#breadcrumb"},"inLanguage":"en-US","potentialAction":[{"@type":"ReadAction","target":["https:\/\/ottaskifer.no\/en\/the-viking-age-museum\/"]}]},{"@type":"BreadcrumbList","@id":"https:\/\/ottaskifer.no\/en\/the-viking-age-museum\/#breadcrumb","itemListElement":[{"@type":"ListItem","position":1,"name":"Hjem","item":"https:\/\/ottaskifer.no\/en\/front-page\/"},{"@type":"ListItem","position":2,"name":"The Museum of the Viking Age"}]},{"@type":"WebSite","@id":"https:\/\/ottaskifer.no\/en\/#website","url":"https:\/\/ottaskifer.no\/en\/","name":"Otta Skifer","description":"Stein som b\u00e6rer over generasjoner","publisher":{"@id":"https:\/\/ottaskifer.no\/en\/#organization"},"potentialAction":[{"@type":"SearchAction","target":{"@type":"EntryPoint","urlTemplate":"https:\/\/ottaskifer.no\/en\/?s={search_term_string}"},"query-input":{"@type":"PropertyValueSpecification","valueRequired":true,"valueName":"search_term_string"}}],"inLanguage":"en-US"},{"@type":"Organization","@id":"https:\/\/ottaskifer.no\/en\/#organization","name":"Otta Skifer AS","url":"https:\/\/ottaskifer.no\/en\/","logo":{"@type":"ImageObject","inLanguage":"en-US","@id":"https:\/\/ottaskifer.no\/en\/#\/schema\/logo\/image\/","url":"https:\/\/ottaskifer.no\/wp-content\/uploads\/2023\/10\/Otta_Skifer_staende_lys_RGB.svg","contentUrl":"https:\/\/ottaskifer.no\/wp-content\/uploads\/2023\/10\/Otta_Skifer_staende_lys_RGB.svg","width":566,"height":336,"caption":"Otta Skifer AS"},"image":{"@id":"https:\/\/ottaskifer.no\/en\/#\/schema\/logo\/image\/"},"sameAs":["https:\/\/www.facebook.com\/profile.php?id=61556584597085"]}]}},"_links":{"self":[{"href":"https:\/\/ottaskifer.no\/en\/wp-json\/wp\/v2\/pages\/23945285","targetHints":{"allow":["GET"]}}],"collection":[{"href":"https:\/\/ottaskifer.no\/en\/wp-json\/wp\/v2\/pages"}],"about":[{"href":"https:\/\/ottaskifer.no\/en\/wp-json\/wp\/v2\/types\/page"}],"author":[{"embeddable":true,"href":"https:\/\/ottaskifer.no\/en\/wp-json\/wp\/v2\/users\/5"}],"replies":[{"embeddable":true,"href":"https:\/\/ottaskifer.no\/en\/wp-json\/wp\/v2\/comments?post=23945285"}],"version-history":[{"count":0,"href":"https:\/\/ottaskifer.no\/en\/wp-json\/wp\/v2\/pages\/23945285\/revisions"}],"wp:attachment":[{"href":"https:\/\/ottaskifer.no\/en\/wp-json\/wp\/v2\/media?parent=23945285"}],"wp:term":[{"taxonomy":"dipi_cpt_category","embeddable":true,"href":"https:\/\/ottaskifer.no\/en\/wp-json\/wp\/v2\/dipi_cpt_category?post=23945285"}],"curies":[{"name":"wp","href":"https:\/\/api.w.org\/{rel}","templated":true}]}}