{"id":23944961,"date":"2023-11-01T12:36:54","date_gmt":"2023-11-01T11:36:54","guid":{"rendered":"https:\/\/ottaskifer.no\/produkter\/"},"modified":"2024-10-23T11:37:02","modified_gmt":"2024-10-23T10:37:02","slug":"produkter","status":"publish","type":"page","link":"https:\/\/ottaskifer.no\/sv\/produkter\/","title":{"rendered":"Produkter"},"content":{"rendered":"<p>[et_pb_section fb_built=&#8221;1&#8243; _builder_version=&#8221;4.23.1&#8243; _module_preset=&#8221;default&#8221; background_color=&#8221;#e6e1d0&#8243; custom_margin=&#8221;-13vh||||false|false&#8221; custom_padding=&#8221;13vh||||false|false&#8221; global_colors_info=&#8221;{}&#8221;][et_pb_row custom_padding_last_edited=&#8221;on|tablet&#8221; _builder_version=&#8221;4.23.1&#8243; _module_preset=&#8221;default&#8221; custom_padding=&#8221;5%||3%||false|false&#8221; custom_padding_tablet=&#8221;8%||8%||true|false&#8221; custom_padding_phone=&#8221;8%||8%||true|false&#8221; global_colors_info=&#8221;{}&#8221;][et_pb_column type=&#8221;4_4&#8243; _builder_version=&#8221;4.23&#8243; _module_preset=&#8221;default&#8221; global_colors_info=&#8221;{}&#8221;][et_pb_text _builder_version=&#8221;4.23.1&#8243; _module_preset=&#8221;default&#8221; header_text_align=&#8221;center&#8221; header_text_color=&#8221;#003A42&#8243; header_font_size=&#8221;4em&#8221; header_line_height=&#8221;1.3em&#8221; header_2_text_color=&#8221;#003A42&#8243; header_2_font_size=&#8221;4em&#8221; header_2_line_height=&#8221;1.3em&#8221; header_font_size_tablet=&#8221;3em&#8221; header_font_size_phone=&#8221;2.7em&#8221; header_font_size_last_edited=&#8221;on|phone&#8221; header_2_font_size_tablet=&#8221;3em&#8221; header_2_font_size_phone=&#8221;2.7em&#8221; header_2_font_size_last_edited=&#8221;on|desktop&#8221; global_colors_info=&#8221;{}&#8221;]<\/p>\n<h1 class=\"p1\">Produkter<\/h1>\n<p>[\/et_pb_text][et_pb_text _builder_version=&#8221;4.24.0&#8243; _module_preset=&#8221;default&#8221; header_3_text_color=&#8221;#003A42&#8243; header_3_font_size=&#8221;1.8em&#8221; header_4_text_color=&#8221;#003A42&#8243; header_4_font_size=&#8221;1.6em&#8221; custom_margin=&#8221;||0px||false|false&#8221; custom_padding=&#8221;7%||0px||false|false&#8221; header_4_font_size_last_edited=&#8221;off|desktop&#8221; global_colors_info=&#8221;{}&#8221;]<\/p>\n<h3 class=\"p1\">Ottaskiffer, sten som varar i generationer<\/h3>\n<p>[\/et_pb_text][et_pb_text _builder_version=&#8221;4.24.0&#8243; _module_preset=&#8221;default&#8221; text_font=&#8221;Centra No2 Light||||||||&#8221; text_text_color=&#8221;#000000&#8243; text_font_size=&#8221;1.1em&#8221; text_line_height=&#8221;1.5em&#8221; global_colors_info=&#8221;{}&#8221;]<\/p>\n<p>Ottaskiffern utm\u00e4rker sig med sitt distinkta och speciella f\u00e4rgspektrum samt sin f\u00f6rm\u00e5ga att anpsassas. Med en l\u00e5ng livsl\u00e4ngd och en slutprodukt som kr\u00e4ver minimalt underh\u00e5ll \u00e4r Ottaskiffern ett fantastisk material f\u00f6r b\u00e5de utomhus- och inomhusbruk. Utforska v\u00e5rt m\u00e5ngsidiga utbud av produkter och f\u00e5 information och inspiration till dina egna id\u00e9er och projekt.<\/p>\n<p>[\/et_pb_text][\/et_pb_column][\/et_pb_row][et_pb_row column_structure=&#8221;1_3,1_3,1_3&#8243; use_custom_gutter=&#8221;on&#8221; gutter_width=&#8221;2&#8243; make_equal=&#8221;on&#8221; _builder_version=&#8221;4.23.1&#8243; _module_preset=&#8221;default&#8221; custom_margin=&#8221;0px||||false|false&#8221; custom_padding=&#8221;0px||||false|false&#8221; global_colors_info=&#8221;{}&#8221; custom_css_main_element_last_edited=&#8221;on|phone&#8221; custom_css_main_element_tablet=&#8221;display: flex;||justify-content: space-between;||gap: 10px;&#8221; custom_css_main_element_phone=&#8221; &#8221;][et_pb_column type=&#8221;1_3&#8243; admin_label=&#8221;Skiffertak&#8221; _builder_version=&#8221;4.23.1&#8243; _module_preset=&#8221;default&#8221; background_image=&#8221;https:\/\/ottaskifer.no\/wp-content\/uploads\/2023\/11\/Dombas-kirke_Otta-rust-takskifer-firkantskifer-takstein_04.jpg&#8221; global_colors_info=&#8221;{}&#8221;][dipi_pricing_table admin_label=&#8221;Skiferheller&#8221; _builder_version=&#8221;4.23.1&#8243; _dynamic_attributes=&#8221;link_option_url&#8221; _module_preset=&#8221;default&#8221; background_color=&#8221;rgba(0,58,66,0.85)&#8221; background_enable_image=&#8221;off&#8221; custom_padding=&#8221;60%|5%|60%|5%|true|true&#8221; custom_padding_tablet=&#8221;60%|5%|60%|5%|true|true&#8221; custom_padding_phone=&#8221;50%||50%||true|true&#8221; custom_padding_last_edited=&#8221;on|phone&#8221; link_option_url=&#8221;@ET-DC@eyJkeW5hbWljIjp0cnVlLCJjb250ZW50IjoicG9zdF9saW5rX3VybF9wYWdlIiwic2V0dGluZ3MiOnsicG9zdF9pZCI6IjIzOTQ0MTk0IiwiZW5hYmxlX2h0bWwiOiJvZmYifX0=@&#8221; global_colors_info=&#8221;{}&#8221; background__hover_enabled=&#8221;on|hover&#8221; background_color__hover=&#8221;#003a42&#8243; background_enable_color__hover=&#8221;on&#8221;][dipi_pricing_table_item text_content=&#8221;<\/p>\n<h2><a href=%22https:\/\/ottaskifer.no\/sv\/produkter\/skiffertak\/%22>Skiffertak<\/a><\/h2>\n<p>&#8221; _builder_version=&#8221;4.23.1&#8243; _module_preset=&#8221;default&#8221; default_font=&#8221;Centra No2 Light||||||||&#8221; default_text_align=&#8221;left&#8221; default_text_color=&#8221;#FFFFFF&#8221; default_font_size=&#8221;1em&#8221; header_2_text_align=&#8221;center&#8221; header_2_text_color=&#8221;#6BB0B1&#8243; header_2_font_size=&#8221;2.5em&#8221; background_enable_color=&#8221;off&#8221; global_colors_info=&#8221;{}&#8221; header_2_text_color__hover_enabled=&#8221;on|hover&#8221; header_2_text_color__hover=&#8221;#FFFFFF&#8221;][\/dipi_pricing_table_item][\/dipi_pricing_table][\/et_pb_column][et_pb_column type=&#8221;1_3&#8243; admin_label=&#8221;Skifferplattor&#8221; _builder_version=&#8221;4.23.1&#8243; _module_preset=&#8221;default&#8221; background_image=&#8221;https:\/\/ottaskifer.no\/wp-content\/uploads\/2023\/11\/Ensjo-Stasjon_Otta-fasadeplater-vegg-fliser__MG_0008-scaled.jpg&#8221; global_colors_info=&#8221;{}&#8221;][dipi_pricing_table admin_label=&#8221;Skifer fliser&#8221; _builder_version=&#8221;4.23.1&#8243; _dynamic_attributes=&#8221;link_option_url&#8221; _module_preset=&#8221;default&#8221; background_color=&#8221;rgba(0,58,66,0.85)&#8221; background_enable_image=&#8221;off&#8221; custom_padding=&#8221;60%|5%|60%|5%|true|true&#8221; custom_padding_tablet=&#8221;60%|5%|60%|5%|true|true&#8221; custom_padding_phone=&#8221;50%||50%||true|true&#8221; custom_padding_last_edited=&#8221;on|phone&#8221; link_option_url=&#8221;@ET-DC@eyJkeW5hbWljIjp0cnVlLCJjb250ZW50IjoicG9zdF9saW5rX3VybF9wYWdlIiwic2V0dGluZ3MiOnsicG9zdF9pZCI6IjIzOTQ0MTkxIiwiZW5hYmxlX2h0bWwiOiJvZmYifX0=@&#8221; locked=&#8221;off&#8221; global_colors_info=&#8221;{}&#8221; background__hover_enabled=&#8221;on|hover&#8221; background_color__hover=&#8221;#003a42&#8243; background_enable_color__hover=&#8221;on&#8221;][dipi_pricing_table_item text_content=&#8221;<\/p>\n<h2><a href=%22https:\/\/ottaskifer.no\/sv\/produkter\/skifferplattor\/%22>Skifferplattor<\/a><\/h2>\n<p>&#8221; _builder_version=&#8221;4.23.1&#8243; _module_preset=&#8221;default&#8221; default_font=&#8221;Centra No2 Light||||||||&#8221; default_text_align=&#8221;left&#8221; default_text_color=&#8221;#FFFFFF&#8221; default_font_size=&#8221;1em&#8221; header_2_text_align=&#8221;center&#8221; header_2_text_color=&#8221;#6BB0B1&#8243; header_2_font_size=&#8221;2.5em&#8221; background_enable_color=&#8221;off&#8221; global_colors_info=&#8221;{}&#8221; header_2_text_color__hover_enabled=&#8221;on|hover&#8221; header_2_text_color__hover=&#8221;#FFFFFF&#8221;][\/dipi_pricing_table_item][\/dipi_pricing_table][\/et_pb_column][et_pb_column type=&#8221;1_3&#8243; admin_label=&#8221;Skifferfasad&#8221; _builder_version=&#8221;4.23.1&#8243; _module_preset=&#8221;default&#8221; background_image=&#8221;https:\/\/ottaskifer.no\/wp-content\/uploads\/2023\/11\/IMG_1825-scaled.jpg&#8221; custom_css_free_form=&#8221;\/* Remove margin-bottom for tablets (768px &#8211; 980px) *\/||@media (min-width: 768px) and (max-width: 980px) {||    .et_pb_column {||        margin-bottom: 0 !important;||    }||}||&#8221; global_colors_info=&#8221;{}&#8221; custom_css_main_element_last_edited=&#8221;off|tablet&#8221;][dipi_pricing_table admin_label=&#8221;Skiferfasade&#8221; _builder_version=&#8221;4.23.1&#8243; _dynamic_attributes=&#8221;link_option_url&#8221; _module_preset=&#8221;default&#8221; background_color=&#8221;rgba(0,58,66,0.85)&#8221; background_enable_image=&#8221;off&#8221; custom_padding=&#8221;60%|5%|60%|5%|true|true&#8221; custom_padding_tablet=&#8221;60%|5%|60%|5%|true|true&#8221; custom_padding_phone=&#8221;50%||50%||true|true&#8221; custom_padding_last_edited=&#8221;on|phone&#8221; link_option_url=&#8221;@ET-DC@eyJkeW5hbWljIjp0cnVlLCJjb250ZW50IjoicG9zdF9saW5rX3VybF9wYWdlIiwic2V0dGluZ3MiOnsicG9zdF9pZCI6IjIzOTQ0MTkyIiwiZW5hYmxlX2h0bWwiOiJvZmYifX0=@&#8221; locked=&#8221;off&#8221; global_colors_info=&#8221;{}&#8221; background__hover_enabled=&#8221;on|hover&#8221; background_color__hover=&#8221;#003a42&#8243; background_enable_color__hover=&#8221;on&#8221;][dipi_pricing_table_item text_content=&#8221;<\/p>\n<h2><a href=%22https:\/\/ottaskifer.no\/sv\/produkter\/skifferfasad\/%22>Skifferfasad<\/a><\/h2>\n<p>&#8221; _builder_version=&#8221;4.23.1&#8243; _module_preset=&#8221;default&#8221; default_font=&#8221;Centra No2 Light||||||||&#8221; default_text_align=&#8221;left&#8221; default_text_color=&#8221;#FFFFFF&#8221; default_font_size=&#8221;1em&#8221; header_2_text_align=&#8221;center&#8221; header_2_text_color=&#8221;#6BB0B1&#8243; header_2_font_size=&#8221;2.5em&#8221; background_enable_color=&#8221;off&#8221; global_colors_info=&#8221;{}&#8221; header_2_text_color__hover_enabled=&#8221;on|hover&#8221; header_2_text_color__hover=&#8221;#FFFFFF&#8221;][\/dipi_pricing_table_item][\/dipi_pricing_table][\/et_pb_column][\/et_pb_row][et_pb_row column_structure=&#8221;1_2,1_2&#8243; use_custom_gutter=&#8221;on&#8221; gutter_width=&#8221;2&#8243; make_equal=&#8221;on&#8221; _builder_version=&#8221;4.23.1&#8243; _module_preset=&#8221;default&#8221; custom_margin=&#8221;0px||||false|false&#8221; custom_padding=&#8221;0px||||false|false&#8221; global_colors_info=&#8221;{}&#8221; custom_css_main_element_last_edited=&#8221;on|phone&#8221; custom_css_main_element_tablet=&#8221;display: flex;||justify-content: space-between;||gap: 10px;&#8221; custom_css_main_element_phone=&#8221; &#8221;][et_pb_column type=&#8221;1_2&#8243; admin_label=&#8221;Interi\u00f6r&#8221; _builder_version=&#8221;4.23.1&#8243; _module_preset=&#8221;default&#8221; background_image=&#8221;https:\/\/ottaskifer.no\/wp-content\/uploads\/2023\/11\/trapp-2-scaled.jpg&#8221; global_colors_info=&#8221;{}&#8221;][dipi_pricing_table admin_label=&#8221;Skifertrapp&#8221; _builder_version=&#8221;4.23.4&#8243; _dynamic_attributes=&#8221;link_option_url&#8221; _module_preset=&#8221;default&#8221; background_color=&#8221;rgba(0,58,66,0.85)&#8221; background_enable_image=&#8221;off&#8221; custom_padding=&#8221;50%|5%|50%|5%|true|true&#8221; link_option_url=&#8221;@ET-DC@eyJkeW5hbWljIjp0cnVlLCJjb250ZW50IjoicG9zdF9saW5rX3VybF9wYWdlIiwic2V0dGluZ3MiOnsicG9zdF9pZCI6IjIzOTQ0MjkxIiwiZW5hYmxlX2h0bWwiOiJvZmYifX0=@&#8221; global_colors_info=&#8221;{}&#8221; background__hover_enabled=&#8221;on|hover&#8221; background_color__hover=&#8221;#003a42&#8243; background_enable_color__hover=&#8221;on&#8221;][dipi_pricing_table_item text_content=&#8221;<\/p>\n<h2><a href=%22https:\/\/ottaskifer.no\/sv\/produkter\/interior\/%22>Interi\u00f6r<\/a><\/h2>\n<p>&#8221; _builder_version=&#8221;4.23.1&#8243; _module_preset=&#8221;default&#8221; default_font=&#8221;Centra No2 Light||||||||&#8221; default_text_align=&#8221;left&#8221; default_text_color=&#8221;#FFFFFF&#8221; default_font_size=&#8221;1em&#8221; header_2_text_align=&#8221;center&#8221; header_2_text_color=&#8221;#6BB0B1&#8243; header_2_font_size=&#8221;2.5em&#8221; background_enable_color=&#8221;off&#8221; global_colors_info=&#8221;{}&#8221; header_2_text_color__hover_enabled=&#8221;on|hover&#8221; header_2_text_color__hover=&#8221;#FFFFFF&#8221;][\/dipi_pricing_table_item][\/dipi_pricing_table][\/et_pb_column][et_pb_column type=&#8221;1_2&#8243; admin_label=&#8221;Skifferplattor&#8221; _builder_version=&#8221;4.23.1&#8243; _module_preset=&#8221;default&#8221; background_image=&#8221;https:\/\/ottaskifer.no\/wp-content\/uploads\/2023\/11\/DSF1662-scaled.jpg&#8221; global_colors_info=&#8221;{}&#8221;][dipi_pricing_table admin_label=&#8221;Skifertak&#8221; _builder_version=&#8221;4.24.0&#8243; _dynamic_attributes=&#8221;link_option_url&#8221; _module_preset=&#8221;default&#8221; background_color=&#8221;rgba(0,58,66,0.85)&#8221; background_enable_image=&#8221;off&#8221; custom_padding=&#8221;50%|5%|50%|5%|true|true&#8221; link_option_url=&#8221;@ET-DC@eyJkeW5hbWljIjp0cnVlLCJjb250ZW50IjoicG9zdF9saW5rX3VybF9wYWdlIiwic2V0dGluZ3MiOnsicG9zdF9pZCI6IjIzOTQ0MTkwIiwiZW5hYmxlX2h0bWwiOiJvZmYifX0=@&#8221; locked=&#8221;off&#8221; global_colors_info=&#8221;{}&#8221; background__hover_enabled=&#8221;on|hover&#8221; background_color__hover=&#8221;#003a42&#8243; background_enable_color__hover=&#8221;on&#8221;][dipi_pricing_table_item text_content=&#8221;<\/p>\n<h2><a href=%22https:\/\/ottaskifer.no\/sv\/produkter\/skifferplattor-2\/%22>Skifferplattor<\/a><\/h2>\n<p>&#8221; _builder_version=&#8221;4.24.0&#8243; _module_preset=&#8221;default&#8221; default_font=&#8221;Centra No2 Light||||||||&#8221; default_text_align=&#8221;left&#8221; default_text_color=&#8221;#FFFFFF&#8221; default_font_size=&#8221;1em&#8221; header_2_text_align=&#8221;center&#8221; header_2_text_color=&#8221;#6BB0B1&#8243; header_2_font_size=&#8221;2.5em&#8221; background_enable_color=&#8221;off&#8221; global_colors_info=&#8221;{}&#8221; header_2_text_color__hover_enabled=&#8221;on|hover&#8221; header_2_text_color__hover=&#8221;#FFFFFF&#8221;][\/dipi_pricing_table_item][\/dipi_pricing_table][\/et_pb_column][\/et_pb_row][\/et_pb_section][et_pb_section fb_built=&#8221;1&#8243; _builder_version=&#8221;4.23&#8243; _module_preset=&#8221;default&#8221; background_color=&#8221;rgba(0,0,0,0.5)&#8221; background_image=&#8221;https:\/\/ottaskifer.no\/wp-content\/uploads\/2023\/11\/DSF1428-scaled.jpg&#8221; background_blend=&#8221;darken&#8221; global_colors_info=&#8221;{}&#8221;][et_pb_row custom_padding_last_edited=&#8221;on|phone&#8221; _builder_version=&#8221;4.23&#8243; _module_preset=&#8221;default&#8221; custom_padding=&#8221;7%||7%||true|false&#8221; custom_padding_tablet=&#8221;10%||10%||true|false&#8221; custom_padding_phone=&#8221;10%||10%||true|false&#8221; locked=&#8221;off&#8221; global_colors_info=&#8221;{}&#8221;][et_pb_column type=&#8221;4_4&#8243; _builder_version=&#8221;4.23&#8243; _module_preset=&#8221;default&#8221; global_colors_info=&#8221;{}&#8221;][et_pb_text _builder_version=&#8221;4.24.0&#8243; _module_preset=&#8221;default&#8221; header_2_font=&#8221;|300|||||||&#8221; header_2_text_color=&#8221;#FFFFFF&#8221; header_2_font_size=&#8221;4em&#8221; header_2_line_height=&#8221;1.3em&#8221; hover_enabled=&#8221;0&#8243; header_2_font_size_tablet=&#8221;3em&#8221; header_2_font_size_phone=&#8221;2.7em&#8221; header_2_font_size_last_edited=&#8221;on|phone&#8221; global_colors_info=&#8221;{}&#8221; sticky_enabled=&#8221;0&#8243;]<\/p>\n<h2 class=\"p1\">Fr\u00e5n Van Gogh-museet till ditt badrum \u2013 Ottaskiffern passar till det mesta<\/h2>\n<p>[\/et_pb_text][et_pb_button button_url=&#8221;@ET-DC@eyJkeW5hbWljIjp0cnVlLCJjb250ZW50IjoicG9zdF9saW5rX3VybF9wYWdlIiwic2V0dGluZ3MiOnsicG9zdF9pZCI6Ijc0IiwiZW5hYmxlX2h0bWwiOiJvZmYifX0=@&#8221; button_text=&#8221;Bli inspirerad&#8221; _builder_version=&#8221;4.23.4&#8243; _dynamic_attributes=&#8221;button_url&#8221; _module_preset=&#8221;91d8e0fb-f3b3-456c-95a2-5ed261f6a0bf&#8221; custom_padding=&#8221;7vh|0px|0px|0px|false|false&#8221; global_colors_info=&#8221;{}&#8221;][\/et_pb_button][\/et_pb_column][\/et_pb_row][\/et_pb_section]<\/p>\n","protected":false},"excerpt":{"rendered":"<p>ProdukterOttaskiffer, sten som varar i generationerOttaskiffern utm\u00e4rker sig med sitt distinkta och speciella f\u00e4rgspektrum samt sin f\u00f6rm\u00e5ga att anpsassas. Med en l\u00e5ng livsl\u00e4ngd och en slutprodukt som kr\u00e4ver minimalt underh\u00e5ll \u00e4r Ottaskiffern ett fantastisk material f\u00f6r b\u00e5de utomhus- och inomhusbruk. Utforska v\u00e5rt m\u00e5ngsidiga utbud av produkter och f\u00e5 information och inspiration till dina egna id\u00e9er [&hellip;]<\/p>\n","protected":false},"author":4,"featured_media":0,"parent":0,"menu_order":0,"comment_status":"closed","ping_status":"closed","template":"","meta":{"_et_pb_use_builder":"on","_et_pb_old_content":"","_et_gb_content_width":"","footnotes":""},"dipi_cpt_category":[],"class_list":["post-23944961","page","type-page","status-publish","hentry"],"yoast_head":"<!-- This site is optimized with the Yoast SEO plugin v27.5 - https:\/\/yoast.com\/product\/yoast-seo-wordpress\/ -->\n<title>Produkter - Otta Skifer AS<\/title>\n<meta name=\"robots\" content=\"index, follow, max-snippet:-1, max-image-preview:large, max-video-preview:-1\" \/>\n<link rel=\"canonical\" href=\"https:\/\/ottaskifer.no\/sv\/produkter\/\" \/>\n<meta property=\"og:locale\" content=\"sv_SE\" \/>\n<meta property=\"og:type\" content=\"article\" \/>\n<meta property=\"og:title\" content=\"Produkter - Otta Skifer AS\" \/>\n<meta property=\"og:description\" content=\"ProdukterOttaskiffer, sten som varar i generationerOttaskiffern utm\u00e4rker sig med sitt distinkta och speciella f\u00e4rgspektrum samt sin f\u00f6rm\u00e5ga att anpsassas. Med en l\u00e5ng livsl\u00e4ngd och en slutprodukt som kr\u00e4ver minimalt underh\u00e5ll \u00e4r Ottaskiffern ett fantastisk material f\u00f6r b\u00e5de utomhus- och inomhusbruk. Utforska v\u00e5rt m\u00e5ngsidiga utbud av produkter och f\u00e5 information och inspiration till dina egna id\u00e9er [&hellip;]\" \/>\n<meta property=\"og:url\" content=\"https:\/\/ottaskifer.no\/sv\/produkter\/\" \/>\n<meta property=\"og:site_name\" content=\"Otta Skifer AS\" \/>\n<meta property=\"article:publisher\" content=\"https:\/\/www.facebook.com\/profile.php?id=61556584597085\" \/>\n<meta property=\"article:modified_time\" content=\"2024-10-23T10:37:02+00:00\" \/>\n<meta name=\"twitter:card\" content=\"summary_large_image\" \/>\n<meta name=\"twitter:label1\" content=\"Ber\u00e4knad l\u00e4stid\" \/>\n\t<meta name=\"twitter:data1\" content=\"8 minuter\" \/>\n<script type=\"application\/ld+json\" class=\"yoast-schema-graph\">{\"@context\":\"https:\\\/\\\/schema.org\",\"@graph\":[{\"@type\":\"WebPage\",\"@id\":\"https:\\\/\\\/ottaskifer.no\\\/sv\\\/produkter\\\/\",\"url\":\"https:\\\/\\\/ottaskifer.no\\\/sv\\\/produkter\\\/\",\"name\":\"Produkter - Otta Skifer AS\",\"isPartOf\":{\"@id\":\"https:\\\/\\\/ottaskifer.no\\\/sv\\\/#website\"},\"datePublished\":\"2023-11-01T11:36:54+00:00\",\"dateModified\":\"2024-10-23T10:37:02+00:00\",\"breadcrumb\":{\"@id\":\"https:\\\/\\\/ottaskifer.no\\\/sv\\\/produkter\\\/#breadcrumb\"},\"inLanguage\":\"sv-SE\",\"potentialAction\":[{\"@type\":\"ReadAction\",\"target\":[\"https:\\\/\\\/ottaskifer.no\\\/sv\\\/produkter\\\/\"]}]},{\"@type\":\"BreadcrumbList\",\"@id\":\"https:\\\/\\\/ottaskifer.no\\\/sv\\\/produkter\\\/#breadcrumb\",\"itemListElement\":[{\"@type\":\"ListItem\",\"position\":1,\"name\":\"Hjem\",\"item\":\"https:\\\/\\\/ottaskifer.no\\\/sv\\\/forside\\\/\"},{\"@type\":\"ListItem\",\"position\":2,\"name\":\"Produkter\"}]},{\"@type\":\"WebSite\",\"@id\":\"https:\\\/\\\/ottaskifer.no\\\/sv\\\/#website\",\"url\":\"https:\\\/\\\/ottaskifer.no\\\/sv\\\/\",\"name\":\"Otta Skifer\",\"description\":\"Stein som b\u00e6rer over generasjoner\",\"publisher\":{\"@id\":\"https:\\\/\\\/ottaskifer.no\\\/sv\\\/#organization\"},\"potentialAction\":[{\"@type\":\"SearchAction\",\"target\":{\"@type\":\"EntryPoint\",\"urlTemplate\":\"https:\\\/\\\/ottaskifer.no\\\/sv\\\/?s={search_term_string}\"},\"query-input\":{\"@type\":\"PropertyValueSpecification\",\"valueRequired\":true,\"valueName\":\"search_term_string\"}}],\"inLanguage\":\"sv-SE\"},{\"@type\":\"Organization\",\"@id\":\"https:\\\/\\\/ottaskifer.no\\\/sv\\\/#organization\",\"name\":\"Otta Skifer AS\",\"url\":\"https:\\\/\\\/ottaskifer.no\\\/sv\\\/\",\"logo\":{\"@type\":\"ImageObject\",\"inLanguage\":\"sv-SE\",\"@id\":\"https:\\\/\\\/ottaskifer.no\\\/sv\\\/#\\\/schema\\\/logo\\\/image\\\/\",\"url\":\"https:\\\/\\\/ottaskifer.no\\\/wp-content\\\/uploads\\\/2023\\\/10\\\/Otta_Skifer_staende_lys_RGB.svg\",\"contentUrl\":\"https:\\\/\\\/ottaskifer.no\\\/wp-content\\\/uploads\\\/2023\\\/10\\\/Otta_Skifer_staende_lys_RGB.svg\",\"width\":566,\"height\":336,\"caption\":\"Otta Skifer AS\"},\"image\":{\"@id\":\"https:\\\/\\\/ottaskifer.no\\\/sv\\\/#\\\/schema\\\/logo\\\/image\\\/\"},\"sameAs\":[\"https:\\\/\\\/www.facebook.com\\\/profile.php?id=61556584597085\"]}]}<\/script>\n<!-- \/ Yoast SEO plugin. -->","yoast_head_json":{"title":"Produkter - Otta Skifer AS","robots":{"index":"index","follow":"follow","max-snippet":"max-snippet:-1","max-image-preview":"max-image-preview:large","max-video-preview":"max-video-preview:-1"},"canonical":"https:\/\/ottaskifer.no\/sv\/produkter\/","og_locale":"sv_SE","og_type":"article","og_title":"Produkter - Otta Skifer AS","og_description":"ProdukterOttaskiffer, sten som varar i generationerOttaskiffern utm\u00e4rker sig med sitt distinkta och speciella f\u00e4rgspektrum samt sin f\u00f6rm\u00e5ga att anpsassas. Med en l\u00e5ng livsl\u00e4ngd och en slutprodukt som kr\u00e4ver minimalt underh\u00e5ll \u00e4r Ottaskiffern ett fantastisk material f\u00f6r b\u00e5de utomhus- och inomhusbruk. Utforska v\u00e5rt m\u00e5ngsidiga utbud av produkter och f\u00e5 information och inspiration till dina egna id\u00e9er [&hellip;]","og_url":"https:\/\/ottaskifer.no\/sv\/produkter\/","og_site_name":"Otta Skifer AS","article_publisher":"https:\/\/www.facebook.com\/profile.php?id=61556584597085","article_modified_time":"2024-10-23T10:37:02+00:00","twitter_card":"summary_large_image","twitter_misc":{"Ber\u00e4knad l\u00e4stid":"8 minuter"},"schema":{"@context":"https:\/\/schema.org","@graph":[{"@type":"WebPage","@id":"https:\/\/ottaskifer.no\/sv\/produkter\/","url":"https:\/\/ottaskifer.no\/sv\/produkter\/","name":"Produkter - Otta Skifer AS","isPartOf":{"@id":"https:\/\/ottaskifer.no\/sv\/#website"},"datePublished":"2023-11-01T11:36:54+00:00","dateModified":"2024-10-23T10:37:02+00:00","breadcrumb":{"@id":"https:\/\/ottaskifer.no\/sv\/produkter\/#breadcrumb"},"inLanguage":"sv-SE","potentialAction":[{"@type":"ReadAction","target":["https:\/\/ottaskifer.no\/sv\/produkter\/"]}]},{"@type":"BreadcrumbList","@id":"https:\/\/ottaskifer.no\/sv\/produkter\/#breadcrumb","itemListElement":[{"@type":"ListItem","position":1,"name":"Hjem","item":"https:\/\/ottaskifer.no\/sv\/forside\/"},{"@type":"ListItem","position":2,"name":"Produkter"}]},{"@type":"WebSite","@id":"https:\/\/ottaskifer.no\/sv\/#website","url":"https:\/\/ottaskifer.no\/sv\/","name":"Otta Skifer","description":"Stein som b\u00e6rer over generasjoner","publisher":{"@id":"https:\/\/ottaskifer.no\/sv\/#organization"},"potentialAction":[{"@type":"SearchAction","target":{"@type":"EntryPoint","urlTemplate":"https:\/\/ottaskifer.no\/sv\/?s={search_term_string}"},"query-input":{"@type":"PropertyValueSpecification","valueRequired":true,"valueName":"search_term_string"}}],"inLanguage":"sv-SE"},{"@type":"Organization","@id":"https:\/\/ottaskifer.no\/sv\/#organization","name":"Otta Skifer AS","url":"https:\/\/ottaskifer.no\/sv\/","logo":{"@type":"ImageObject","inLanguage":"sv-SE","@id":"https:\/\/ottaskifer.no\/sv\/#\/schema\/logo\/image\/","url":"https:\/\/ottaskifer.no\/wp-content\/uploads\/2023\/10\/Otta_Skifer_staende_lys_RGB.svg","contentUrl":"https:\/\/ottaskifer.no\/wp-content\/uploads\/2023\/10\/Otta_Skifer_staende_lys_RGB.svg","width":566,"height":336,"caption":"Otta Skifer AS"},"image":{"@id":"https:\/\/ottaskifer.no\/sv\/#\/schema\/logo\/image\/"},"sameAs":["https:\/\/www.facebook.com\/profile.php?id=61556584597085"]}]}},"_links":{"self":[{"href":"https:\/\/ottaskifer.no\/sv\/wp-json\/wp\/v2\/pages\/23944961","targetHints":{"allow":["GET"]}}],"collection":[{"href":"https:\/\/ottaskifer.no\/sv\/wp-json\/wp\/v2\/pages"}],"about":[{"href":"https:\/\/ottaskifer.no\/sv\/wp-json\/wp\/v2\/types\/page"}],"author":[{"embeddable":true,"href":"https:\/\/ottaskifer.no\/sv\/wp-json\/wp\/v2\/users\/4"}],"replies":[{"embeddable":true,"href":"https:\/\/ottaskifer.no\/sv\/wp-json\/wp\/v2\/comments?post=23944961"}],"version-history":[{"count":0,"href":"https:\/\/ottaskifer.no\/sv\/wp-json\/wp\/v2\/pages\/23944961\/revisions"}],"wp:attachment":[{"href":"https:\/\/ottaskifer.no\/sv\/wp-json\/wp\/v2\/media?parent=23944961"}],"wp:term":[{"taxonomy":"dipi_cpt_category","embeddable":true,"href":"https:\/\/ottaskifer.no\/sv\/wp-json\/wp\/v2\/dipi_cpt_category?post=23944961"}],"curies":[{"name":"wp","href":"https:\/\/api.w.org\/{rel}","templated":true}]}}