{"id":23944966,"date":"2024-01-03T14:05:07","date_gmt":"2024-01-03T13:05:07","guid":{"rendered":"https:\/\/ottaskifer.no\/orland-cultural-center\/"},"modified":"2024-10-23T14:23:59","modified_gmt":"2024-10-23T13:23:59","slug":"orland-cultural-center","status":"publish","type":"page","link":"https:\/\/ottaskifer.no\/sv\/referenser\/orland-cultural-center\/","title":{"rendered":"\u00d8rland Kulturcenter"},"content":{"rendered":"<p>[et_pb_section fb_built=&#8221;1&#8243; _builder_version=&#8221;4.23.4&#8243; _module_preset=&#8221;default&#8221; background_color=&#8221;#D0D3B5&#8243; custom_margin=&#8221;-13vh||||false|false&#8221; custom_padding=&#8221;13vh||10vh||false|false&#8221; locked=&#8221;off&#8221; global_colors_info=&#8221;{}&#8221;][et_pb_row custom_padding_last_edited=&#8221;on|tablet&#8221; _builder_version=&#8221;4.23.1&#8243; _module_preset=&#8221;default&#8221; custom_padding=&#8221;5%||3%||false|false&#8221; custom_padding_tablet=&#8221;8%||8%||true|false&#8221; custom_padding_phone=&#8221;8%||8%||true|false&#8221; global_colors_info=&#8221;{}&#8221;][et_pb_column type=&#8221;4_4&#8243; _builder_version=&#8221;4.23&#8243; _module_preset=&#8221;default&#8221; global_colors_info=&#8221;{}&#8221;][et_pb_text _builder_version=&#8221;4.24.0&#8243; _module_preset=&#8221;default&#8221; header_text_align=&#8221;center&#8221; header_text_color=&#8221;#003A42&#8243; header_font_size=&#8221;4em&#8221; header_line_height=&#8221;1.3em&#8221; header_2_text_color=&#8221;#003A42&#8243; header_2_font_size=&#8221;4em&#8221; header_2_line_height=&#8221;1.3em&#8221; header_font_size_tablet=&#8221;3em&#8221; header_font_size_phone=&#8221;2.7em&#8221; header_font_size_last_edited=&#8221;on|phone&#8221; header_2_font_size_tablet=&#8221;3em&#8221; header_2_font_size_phone=&#8221;2.7em&#8221; header_2_font_size_last_edited=&#8221;on|desktop&#8221; global_colors_info=&#8221;{}&#8221;]<\/p>\n<h1 class=\"p1\">\u00d8rland Kulturcenter<\/h1>\n<p>[\/et_pb_text][\/et_pb_column][\/et_pb_row][et_pb_row column_structure=&#8221;1_2,1_2&#8243; custom_padding_last_edited=&#8221;on|tablet&#8221; _builder_version=&#8221;4.23.1&#8243; _module_preset=&#8221;default&#8221; custom_padding=&#8221;5%||3%||false|false&#8221; custom_padding_tablet=&#8221;8%||8%||true|false&#8221; custom_padding_phone=&#8221;8%||8%||true|false&#8221; global_colors_info=&#8221;{}&#8221;][et_pb_column type=&#8221;1_2&#8243; _builder_version=&#8221;4.23&#8243; _module_preset=&#8221;default&#8221; global_colors_info=&#8221;{}&#8221;][et_pb_text _builder_version=&#8221;4.26.0&#8243; _module_preset=&#8221;default&#8221; text_font=&#8221;Centra No2 Light||||||||&#8221; text_text_color=&#8221;#000000&#8243; text_font_size=&#8221;1.1em&#8221; text_line_height=&#8221;1.5em&#8221; min_height=&#8221;144.5px&#8221; hover_enabled=&#8221;0&#8243; global_colors_info=&#8221;{}&#8221; sticky_enabled=&#8221;0&#8243;]<\/p>\n<p>\u00d8rland Kulturcenter omfattar h\u00f6rsal, bio, bibliotek, kulturskola och l\u00e4genheter, samt en utbyggnad av det befintliga \u00d8rland Kysthotell.<\/p>\n<p>Kulturcentret stod f\u00e4rdigt 2009 och projektet \u00e4r lyckat b\u00e5de ur ett milj\u00f6m\u00e4ssigt och ekonomiskt perspektiv. Ottaskiffer t\u00e4cker b\u00e5de de utv\u00e4ndiga och inv\u00e4ndiga fasaderna. <\/p>\n<p>F\u00f6r att minimera kostnader kapades endast ena \u00e4nden av Ottaskifferplattorna, medan den andra \u00e4nden l\u00e4mnades r\u00e5 och obehandlad. <\/p>\n<p>Skiffern lades i tre bredder, vilket m\u00f6jliggjorde en effektiv anv\u00e4ndning av materialet: \u00f6verskottsmaterialet fr\u00e5n den bredaste plattan anv\u00e4ndes som den mellersta, och \u00f6verskottsmaterialet fr\u00e5n den mellersta plattan anv\u00e4ndes som den smalaste. Detta sparade kostnader och minimerade avfall. <\/p>\n<p>Den grova \u00f6verlappningen av plattorna medf\u00f6rde vissa utmaningar med vinden. P\u00e5 \u00d8rlandet bl\u00e5ser det mycket, d\u00e4rf\u00f6r valde man att f\u00e4sta varje platta med 3-4 spikar, tv\u00e5 i toppen och en eller tv\u00e5 i botten.<\/p>\n<p>Samtidigt utnyttjar skiffern det s\u00e4regna, st\u00e4ndigt skiftande ljuset p\u00e5 \u00d8rlandet, genom att \u00e4ndra f\u00e4rg och karakt\u00e4r med v\u00e4xlande v\u00e4der- och ljusf\u00f6rh\u00e5llanden.<\/p>\n<p>Vid huvuding\u00e5ngen spelar Ottaskiffer en central roll som en exklusiv och gl\u00e4nsande gr\u00e5-svart l\u00f6pare in mot d\u00f6rren. <\/p>\n<p>Kulturcentrets h\u00f6rsal \u00e4r ocks\u00e5 kl\u00e4dd med Ottaskiffer, vilket ger anl\u00e4ggningen en s\u00e4rpr\u00e4glad karakt\u00e4r. F\u00f6rutom att framh\u00e4va byggnaden i det flacka landskapet, ger den ocks\u00e5 ett starkt fokus p\u00e5 den inv\u00e4ndiga glasg\u00e5ngen.<\/p>\n<p>Allt som allt \u00e4r detta ett sp\u00e4nnande och v\u00e4l genomf\u00f6rt projekt. <\/p>\n<p>[\/et_pb_text][\/et_pb_column][et_pb_column type=&#8221;1_2&#8243; _builder_version=&#8221;4.23&#8243; _module_preset=&#8221;default&#8221; global_colors_info=&#8221;{}&#8221;][et_pb_text _builder_version=&#8221;4.24.0&#8243; _module_preset=&#8221;default&#8221; text_font=&#8221;Centra No2 Light||||||||&#8221; text_text_color=&#8221;#FFFFFF&#8221; text_font_size=&#8221;1.1em&#8221; text_line_height=&#8221;1.5em&#8221; background_color=&#8221;#9C9666&#8243; custom_margin=&#8221;39px||||false|false&#8221; custom_padding=&#8221;18px||18px|48px|false|false&#8221; global_colors_info=&#8221;{}&#8221;]<\/p>\n<ul>\n<li>Plats: Brekstad, Norge<\/li>\n<li>Bygg\u00e5r: 2009<\/li>\n<li>Byggherre: \u00d8rlandet kommune och \u00d8rlandet Kysthotel<\/li>\n<li>Arkitekt: PKA arkitekter<\/li>\n<li>Stenleverant\u00f6r: Bedrock<\/li>\n<\/ul>\n<p>[\/et_pb_text][et_pb_image src=&#8221;https:\/\/ottaskifer.no\/wp-content\/uploads\/2024\/07\/DSC_8006-scaled.jpg&#8221; _builder_version=&#8221;4.26.0&#8243; _module_preset=&#8221;default&#8221; alt=&#8221;\u00d8rlandet kulturhus | Ing\u00e5ngsdel i Ottaskifer | Otta Skifer AS&#8221; title_text=&#8221;\u00d8rlandet kulturhus | Ing\u00e5ngsdel i Ottaskifer | Otta Skifer AS&#8221; hover_enabled=&#8221;0&#8243; sticky_enabled=&#8221;0&#8243;][\/et_pb_image][\/et_pb_column][\/et_pb_row][et_pb_row column_structure=&#8221;2_3,1_3&#8243; use_custom_gutter=&#8221;on&#8221; gutter_width=&#8221;2&#8243; _builder_version=&#8221;4.23.4&#8243; _module_preset=&#8221;default&#8221; global_colors_info=&#8221;{}&#8221;][et_pb_column type=&#8221;2_3&#8243; _builder_version=&#8221;4.23.4&#8243; _module_preset=&#8221;default&#8221; global_colors_info=&#8221;{}&#8221;][et_pb_image src=&#8221;https:\/\/ottaskifer.no\/wp-content\/uploads\/2024\/01\/Orland-kultursenter-Otta-DSC_7905.jpg&#8221; alt=&#8221;Fasadskiffer \u00d8rland Kulturhus | Otta Skifer&#8221; title_text=&#8221;Fasadskiffer \u00d8rland Kulturhus | Otta Skifer&#8221; _builder_version=&#8221;4.23.4&#8243; _module_preset=&#8221;default&#8221; global_colors_info=&#8221;{}&#8221;][\/et_pb_image][\/et_pb_column][et_pb_column type=&#8221;1_3&#8243; _builder_version=&#8221;4.23.4&#8243; _module_preset=&#8221;default&#8221; global_colors_info=&#8221;{}&#8221;][et_pb_image src=&#8221;https:\/\/ottaskifer.no\/wp-content\/uploads\/2024\/01\/DSC_8056.jpg&#8221; alt=&#8221;Fasadskiffer \u00d8rland Kulturhus | Otta Skifer&#8221; title_text=&#8221;Fasadskiffer \u00d8rland Kulturhus | Otta Skifer&#8221; _builder_version=&#8221;4.23.4&#8243; _module_preset=&#8221;default&#8221; width=&#8221;80%&#8221; width_tablet=&#8221;100%&#8221; width_phone=&#8221;100%&#8221; width_last_edited=&#8221;on|tablet&#8221; global_colors_info=&#8221;{}&#8221;][\/et_pb_image][et_pb_text _builder_version=&#8221;4.24.0&#8243; _module_preset=&#8221;default&#8221; text_font=&#8221;Centra No2 Light||||||||&#8221; text_text_color=&#8221;#000000&#8243; text_font_size=&#8221;1.1em&#8221; text_line_height=&#8221;1.5em&#8221; header_4_text_color=&#8221;#003A42&#8243; locked=&#8221;off&#8221; global_colors_info=&#8221;{}&#8221;]<\/p>\n<h4>Utv\u00e4ndig fasad<\/h4>\n<p>[\/et_pb_text][\/et_pb_column][\/et_pb_row][\/et_pb_section][et_pb_section fb_built=&#8221;1&#8243; _builder_version=&#8221;4.23.4&#8243; _module_preset=&#8221;default&#8221; background_color=&#8221;rgba(0,58,66,0.1)&#8221; custom_padding=&#8221;10vh||10vh||true|false&#8221; global_colors_info=&#8221;{}&#8221;][et_pb_row column_structure=&#8221;1_4,3_4&#8243; _builder_version=&#8221;4.23.4&#8243; _module_preset=&#8221;default&#8221; global_colors_info=&#8221;{}&#8221;][et_pb_column type=&#8221;1_4&#8243; _builder_version=&#8221;4.23.4&#8243; _module_preset=&#8221;default&#8221; global_colors_info=&#8221;{}&#8221;][\/et_pb_column][et_pb_column type=&#8221;3_4&#8243; _builder_version=&#8221;4.23.4&#8243; _module_preset=&#8221;default&#8221; global_colors_info=&#8221;{}&#8221;][et_pb_image src=&#8221;https:\/\/ottaskifer.no\/wp-content\/uploads\/2024\/01\/DSC_8049-1.jpg&#8221; alt=&#8221;Fasadskiffer \u00d8rland Kulturhus | Otta Skifer&#8221; title_text=&#8221;Fasadskiffer \u00d8rland Kulturhus | Otta Skifer&#8221; _builder_version=&#8221;4.23.4&#8243; _module_preset=&#8221;default&#8221; global_colors_info=&#8221;{}&#8221;][\/et_pb_image][\/et_pb_column][\/et_pb_row][\/et_pb_section][et_pb_section fb_built=&#8221;1&#8243; _builder_version=&#8221;4.23.4&#8243; _module_preset=&#8221;default&#8221; background_color=&#8221;rgba(107,176,177,0.2)&#8221; custom_padding=&#8221;10vh||10vh||true|false&#8221; global_colors_info=&#8221;{}&#8221;][et_pb_row column_structure=&#8221;1_3,1_3,1_3&#8243; use_custom_gutter=&#8221;on&#8221; gutter_width=&#8221;2&#8243; make_equal=&#8221;on&#8221; _builder_version=&#8221;4.23.4&#8243; _module_preset=&#8221;default&#8221; global_colors_info=&#8221;{}&#8221;][et_pb_column type=&#8221;1_3&#8243; _builder_version=&#8221;4.23.4&#8243; _module_preset=&#8221;default&#8221; global_colors_info=&#8221;{}&#8221;][et_pb_image src=&#8221;https:\/\/ottaskifer.no\/wp-content\/uploads\/2024\/01\/DSC_7987.jpg&#8221; alt=&#8221;Fasadskiffer \u00d8rland Kulturhus | Otta Skifer&#8221; title_text=&#8221;Fasadskiffer \u00d8rland Kulturhus | Otta Skifer&#8221; _builder_version=&#8221;4.23.4&#8243; _module_preset=&#8221;default&#8221; global_colors_info=&#8221;{}&#8221;][\/et_pb_image][\/et_pb_column][et_pb_column type=&#8221;1_3&#8243; _builder_version=&#8221;4.23.4&#8243; _module_preset=&#8221;default&#8221; global_colors_info=&#8221;{}&#8221;][et_pb_image src=&#8221;https:\/\/ottaskifer.no\/wp-content\/uploads\/2024\/01\/Orland-kultursenter-just.jpg&#8221; alt=&#8221;Fasadskiffer \u00d8rland Kulturhus | Otta Skifer&#8221; title_text=&#8221;Fasadskiffer \u00d8rland Kulturhus | Otta Skifer&#8221; _builder_version=&#8221;4.23.4&#8243; _module_preset=&#8221;default&#8221; global_colors_info=&#8221;{}&#8221;][\/et_pb_image][\/et_pb_column][et_pb_column type=&#8221;1_3&#8243; _builder_version=&#8221;4.23.4&#8243; _module_preset=&#8221;default&#8221; custom_css_main_element=&#8221;margin: auto auto 0;&#8221; global_colors_info=&#8221;{}&#8221;][\/et_pb_column][\/et_pb_row][\/et_pb_section][et_pb_section fb_built=&#8221;1&#8243; _builder_version=&#8221;4.23.4&#8243; _module_preset=&#8221;default&#8221; background_color=&#8221;rgba(0,58,66,0.1)&#8221; custom_padding=&#8221;10vh||10vh||true|false&#8221; global_colors_info=&#8221;{}&#8221;][et_pb_row column_structure=&#8221;1_3,2_3&#8243; use_custom_gutter=&#8221;on&#8221; gutter_width=&#8221;2&#8243; make_equal=&#8221;on&#8221; _builder_version=&#8221;4.23.4&#8243; _module_preset=&#8221;default&#8221; global_colors_info=&#8221;{}&#8221;][et_pb_column type=&#8221;1_3&#8243; _builder_version=&#8221;4.23.4&#8243; _module_preset=&#8221;default&#8221; custom_css_main_element=&#8221;margin: auto auto 0;&#8221; global_colors_info=&#8221;{}&#8221;][et_pb_image src=&#8221;https:\/\/ottaskifer.no\/wp-content\/uploads\/2024\/01\/DSC_7978.jpg&#8221; alt=&#8221;Fasadskiffer \u00d8rland Kulturhus | Otta Skifer&#8221; title_text=&#8221;Fasadskiffer \u00d8rland Kulturhus | Otta Skifer&#8221; _builder_version=&#8221;4.23.4&#8243; _module_preset=&#8221;default&#8221; global_colors_info=&#8221;{}&#8221;][\/et_pb_image][\/et_pb_column][et_pb_column type=&#8221;2_3&#8243; _builder_version=&#8221;4.23.4&#8243; _module_preset=&#8221;default&#8221; global_colors_info=&#8221;{}&#8221;][et_pb_image src=&#8221;https:\/\/ottaskifer.no\/wp-content\/uploads\/2024\/01\/DSC_7973.jpg&#8221; alt=&#8221;Fasadskiffer \u00d8rland Kulturhus | Otta Skifer&#8221; title_text=&#8221;Fasadskiffer \u00d8rland Kulturhus | Otta Skifer&#8221; _builder_version=&#8221;4.23.4&#8243; _module_preset=&#8221;default&#8221; global_colors_info=&#8221;{}&#8221;][\/et_pb_image][\/et_pb_column][\/et_pb_row][\/et_pb_section][et_pb_section fb_built=&#8221;1&#8243; _builder_version=&#8221;4.23.4&#8243; _module_preset=&#8221;default&#8221; background_color=&#8221;rgba(156,150,102,0.3)&#8221; custom_padding=&#8221;10vh||10vh||true|false&#8221; global_colors_info=&#8221;{}&#8221;][et_pb_row column_structure=&#8221;3_4,1_4&#8243; use_custom_gutter=&#8221;on&#8221; gutter_width=&#8221;2&#8243; _builder_version=&#8221;4.23.4&#8243; _module_preset=&#8221;default&#8221; global_colors_info=&#8221;{}&#8221;][et_pb_column type=&#8221;3_4&#8243; _builder_version=&#8221;4.23.4&#8243; _module_preset=&#8221;default&#8221; global_colors_info=&#8221;{}&#8221;][et_pb_image src=&#8221;https:\/\/ottaskifer.no\/wp-content\/uploads\/2024\/01\/Orland-kultursenter-Otta-DSC_7909.jpg&#8221; alt=&#8221;Fasadskiffer \u00d8rland Kulturhus | Otta Skifer&#8221; title_text=&#8221;Fasadskiffer \u00d8rland Kulturhus | Otta Skifer&#8221; _builder_version=&#8221;4.23.4&#8243; _module_preset=&#8221;default&#8221; global_colors_info=&#8221;{}&#8221;][\/et_pb_image][\/et_pb_column][et_pb_column type=&#8221;1_4&#8243; _builder_version=&#8221;4.23.4&#8243; _module_preset=&#8221;default&#8221; global_colors_info=&#8221;{}&#8221;][\/et_pb_column][\/et_pb_row][\/et_pb_section][et_pb_section fb_built=&#8221;1&#8243; _builder_version=&#8221;4.23.4&#8243; _module_preset=&#8221;default&#8221; background_color=&#8221;#D0D3B5&#8243; custom_padding=&#8221;10vh||15vh||false|false&#8221; locked=&#8221;off&#8221; global_colors_info=&#8221;{}&#8221;][et_pb_row column_structure=&#8221;1_3,1_3,1_3&#8243; use_custom_gutter=&#8221;on&#8221; gutter_width=&#8221;2&#8243; make_equal=&#8221;on&#8221; _builder_version=&#8221;4.23.4&#8243; _module_preset=&#8221;default&#8221; global_colors_info=&#8221;{}&#8221;][et_pb_column type=&#8221;1_3&#8243; _builder_version=&#8221;4.23.4&#8243; _module_preset=&#8221;default&#8221; custom_css_main_element=&#8221;margin: auto auto 0;&#8221; global_colors_info=&#8221;{}&#8221;][\/et_pb_column][et_pb_column type=&#8221;1_3&#8243; _builder_version=&#8221;4.23.4&#8243; _module_preset=&#8221;default&#8221; global_colors_info=&#8221;{}&#8221;][et_pb_image src=&#8221;https:\/\/ottaskifer.no\/wp-content\/uploads\/2024\/01\/DSC_7948.jpg&#8221; alt=&#8221;Fasadskiffer \u00d8rland Kulturhus | Otta Skifer&#8221; title_text=&#8221;Fasadskiffer \u00d8rland Kulturhus | Otta Skifer&#8221; _builder_version=&#8221;4.23.4&#8243; _module_preset=&#8221;default&#8221; global_colors_info=&#8221;{}&#8221;][\/et_pb_image][\/et_pb_column][et_pb_column type=&#8221;1_3&#8243; _builder_version=&#8221;4.23.4&#8243; _module_preset=&#8221;default&#8221; global_colors_info=&#8221;{}&#8221;][et_pb_image src=&#8221;https:\/\/ottaskifer.no\/wp-content\/uploads\/2024\/01\/DSC_7933.jpg&#8221; alt=&#8221;Fasadskiffer \u00d8rland Kulturhus | Otta Skifer&#8221; title_text=&#8221;Fasadskiffer \u00d8rland Kulturhus | Otta Skifer&#8221; _builder_version=&#8221;4.23.4&#8243; _module_preset=&#8221;default&#8221; global_colors_info=&#8221;{}&#8221;][\/et_pb_image][\/et_pb_column][\/et_pb_row][\/et_pb_section]<\/p>\n","protected":false},"excerpt":{"rendered":"<p>\u00d8rland Kulturcenter\u00d8rland Kulturcenter omfattar h\u00f6rsal, bio, bibliotek, kulturskola och l\u00e4genheter, samt en utbyggnad av det befintliga \u00d8rland Kysthotell. Kulturcentret stod f\u00e4rdigt 2009 och projektet \u00e4r lyckat b\u00e5de ur ett milj\u00f6m\u00e4ssigt och ekonomiskt perspektiv. Ottaskiffer t\u00e4cker b\u00e5de de utv\u00e4ndiga och inv\u00e4ndiga fasaderna. F\u00f6r att minimera kostnader kapades endast ena \u00e4nden av Ottaskifferplattorna, medan den andra \u00e4nden [&hellip;]<\/p>\n","protected":false},"author":4,"featured_media":0,"parent":23944993,"menu_order":0,"comment_status":"closed","ping_status":"closed","template":"","meta":{"_et_pb_use_builder":"on","_et_pb_old_content":"","_et_gb_content_width":"","footnotes":""},"dipi_cpt_category":[],"class_list":["post-23944966","page","type-page","status-publish","hentry"],"yoast_head":"<!-- This site is optimized with the Yoast SEO plugin v27.4 - https:\/\/yoast.com\/product\/yoast-seo-wordpress\/ -->\n<title>\u00d8rland Kulturcenter - Otta Skifer AS<\/title>\n<meta name=\"robots\" content=\"index, follow, max-snippet:-1, max-image-preview:large, max-video-preview:-1\" \/>\n<link rel=\"canonical\" href=\"https:\/\/ottaskifer.no\/sv\/referenser\/orland-cultural-center\/\" \/>\n<meta property=\"og:locale\" content=\"sv_SE\" \/>\n<meta property=\"og:type\" content=\"article\" \/>\n<meta property=\"og:title\" content=\"\u00d8rland Kulturcenter - Otta Skifer AS\" \/>\n<meta property=\"og:description\" content=\"\u00d8rland Kulturcenter\u00d8rland Kulturcenter omfattar h\u00f6rsal, bio, bibliotek, kulturskola och l\u00e4genheter, samt en utbyggnad av det befintliga \u00d8rland Kysthotell. Kulturcentret stod f\u00e4rdigt 2009 och projektet \u00e4r lyckat b\u00e5de ur ett milj\u00f6m\u00e4ssigt och ekonomiskt perspektiv. Ottaskiffer t\u00e4cker b\u00e5de de utv\u00e4ndiga och inv\u00e4ndiga fasaderna. F\u00f6r att minimera kostnader kapades endast ena \u00e4nden av Ottaskifferplattorna, medan den andra \u00e4nden [&hellip;]\" \/>\n<meta property=\"og:url\" content=\"https:\/\/ottaskifer.no\/sv\/referenser\/orland-cultural-center\/\" \/>\n<meta property=\"og:site_name\" content=\"Otta Skifer AS\" \/>\n<meta property=\"article:publisher\" content=\"https:\/\/www.facebook.com\/profile.php?id=61556584597085\" \/>\n<meta property=\"article:modified_time\" content=\"2024-10-23T13:23:59+00:00\" \/>\n<meta name=\"twitter:card\" content=\"summary_large_image\" \/>\n<meta name=\"twitter:label1\" content=\"Ber\u00e4knad l\u00e4stid\" \/>\n\t<meta name=\"twitter:data1\" content=\"8 minuter\" \/>\n<script type=\"application\/ld+json\" class=\"yoast-schema-graph\">{\"@context\":\"https:\\\/\\\/schema.org\",\"@graph\":[{\"@type\":\"WebPage\",\"@id\":\"https:\\\/\\\/ottaskifer.no\\\/sv\\\/referenser\\\/orland-cultural-center\\\/\",\"url\":\"https:\\\/\\\/ottaskifer.no\\\/sv\\\/referenser\\\/orland-cultural-center\\\/\",\"name\":\"\u00d8rland Kulturcenter - Otta Skifer AS\",\"isPartOf\":{\"@id\":\"https:\\\/\\\/ottaskifer.no\\\/sv\\\/#website\"},\"datePublished\":\"2024-01-03T13:05:07+00:00\",\"dateModified\":\"2024-10-23T13:23:59+00:00\",\"breadcrumb\":{\"@id\":\"https:\\\/\\\/ottaskifer.no\\\/sv\\\/referenser\\\/orland-cultural-center\\\/#breadcrumb\"},\"inLanguage\":\"sv-SE\",\"potentialAction\":[{\"@type\":\"ReadAction\",\"target\":[\"https:\\\/\\\/ottaskifer.no\\\/sv\\\/referenser\\\/orland-cultural-center\\\/\"]}]},{\"@type\":\"BreadcrumbList\",\"@id\":\"https:\\\/\\\/ottaskifer.no\\\/sv\\\/referenser\\\/orland-cultural-center\\\/#breadcrumb\",\"itemListElement\":[{\"@type\":\"ListItem\",\"position\":1,\"name\":\"Hjem\",\"item\":\"https:\\\/\\\/ottaskifer.no\\\/sv\\\/forside\\\/\"},{\"@type\":\"ListItem\",\"position\":2,\"name\":\"Referenser\",\"item\":\"https:\\\/\\\/ottaskifer.no\\\/sv\\\/referenser\\\/\"},{\"@type\":\"ListItem\",\"position\":3,\"name\":\"\u00d8rland Kulturcenter\"}]},{\"@type\":\"WebSite\",\"@id\":\"https:\\\/\\\/ottaskifer.no\\\/sv\\\/#website\",\"url\":\"https:\\\/\\\/ottaskifer.no\\\/sv\\\/\",\"name\":\"Otta Skifer\",\"description\":\"Stein som b\u00e6rer over generasjoner\",\"publisher\":{\"@id\":\"https:\\\/\\\/ottaskifer.no\\\/sv\\\/#organization\"},\"potentialAction\":[{\"@type\":\"SearchAction\",\"target\":{\"@type\":\"EntryPoint\",\"urlTemplate\":\"https:\\\/\\\/ottaskifer.no\\\/sv\\\/?s={search_term_string}\"},\"query-input\":{\"@type\":\"PropertyValueSpecification\",\"valueRequired\":true,\"valueName\":\"search_term_string\"}}],\"inLanguage\":\"sv-SE\"},{\"@type\":\"Organization\",\"@id\":\"https:\\\/\\\/ottaskifer.no\\\/sv\\\/#organization\",\"name\":\"Otta Skifer AS\",\"url\":\"https:\\\/\\\/ottaskifer.no\\\/sv\\\/\",\"logo\":{\"@type\":\"ImageObject\",\"inLanguage\":\"sv-SE\",\"@id\":\"https:\\\/\\\/ottaskifer.no\\\/sv\\\/#\\\/schema\\\/logo\\\/image\\\/\",\"url\":\"https:\\\/\\\/ottaskifer.no\\\/wp-content\\\/uploads\\\/2023\\\/10\\\/Otta_Skifer_staende_lys_RGB.svg\",\"contentUrl\":\"https:\\\/\\\/ottaskifer.no\\\/wp-content\\\/uploads\\\/2023\\\/10\\\/Otta_Skifer_staende_lys_RGB.svg\",\"width\":566,\"height\":336,\"caption\":\"Otta Skifer AS\"},\"image\":{\"@id\":\"https:\\\/\\\/ottaskifer.no\\\/sv\\\/#\\\/schema\\\/logo\\\/image\\\/\"},\"sameAs\":[\"https:\\\/\\\/www.facebook.com\\\/profile.php?id=61556584597085\"]}]}<\/script>\n<!-- \/ Yoast SEO plugin. -->","yoast_head_json":{"title":"\u00d8rland Kulturcenter - Otta Skifer AS","robots":{"index":"index","follow":"follow","max-snippet":"max-snippet:-1","max-image-preview":"max-image-preview:large","max-video-preview":"max-video-preview:-1"},"canonical":"https:\/\/ottaskifer.no\/sv\/referenser\/orland-cultural-center\/","og_locale":"sv_SE","og_type":"article","og_title":"\u00d8rland Kulturcenter - Otta Skifer AS","og_description":"\u00d8rland Kulturcenter\u00d8rland Kulturcenter omfattar h\u00f6rsal, bio, bibliotek, kulturskola och l\u00e4genheter, samt en utbyggnad av det befintliga \u00d8rland Kysthotell. Kulturcentret stod f\u00e4rdigt 2009 och projektet \u00e4r lyckat b\u00e5de ur ett milj\u00f6m\u00e4ssigt och ekonomiskt perspektiv. Ottaskiffer t\u00e4cker b\u00e5de de utv\u00e4ndiga och inv\u00e4ndiga fasaderna. F\u00f6r att minimera kostnader kapades endast ena \u00e4nden av Ottaskifferplattorna, medan den andra \u00e4nden [&hellip;]","og_url":"https:\/\/ottaskifer.no\/sv\/referenser\/orland-cultural-center\/","og_site_name":"Otta Skifer AS","article_publisher":"https:\/\/www.facebook.com\/profile.php?id=61556584597085","article_modified_time":"2024-10-23T13:23:59+00:00","twitter_card":"summary_large_image","twitter_misc":{"Ber\u00e4knad l\u00e4stid":"8 minuter"},"schema":{"@context":"https:\/\/schema.org","@graph":[{"@type":"WebPage","@id":"https:\/\/ottaskifer.no\/sv\/referenser\/orland-cultural-center\/","url":"https:\/\/ottaskifer.no\/sv\/referenser\/orland-cultural-center\/","name":"\u00d8rland Kulturcenter - Otta Skifer AS","isPartOf":{"@id":"https:\/\/ottaskifer.no\/sv\/#website"},"datePublished":"2024-01-03T13:05:07+00:00","dateModified":"2024-10-23T13:23:59+00:00","breadcrumb":{"@id":"https:\/\/ottaskifer.no\/sv\/referenser\/orland-cultural-center\/#breadcrumb"},"inLanguage":"sv-SE","potentialAction":[{"@type":"ReadAction","target":["https:\/\/ottaskifer.no\/sv\/referenser\/orland-cultural-center\/"]}]},{"@type":"BreadcrumbList","@id":"https:\/\/ottaskifer.no\/sv\/referenser\/orland-cultural-center\/#breadcrumb","itemListElement":[{"@type":"ListItem","position":1,"name":"Hjem","item":"https:\/\/ottaskifer.no\/sv\/forside\/"},{"@type":"ListItem","position":2,"name":"Referenser","item":"https:\/\/ottaskifer.no\/sv\/referenser\/"},{"@type":"ListItem","position":3,"name":"\u00d8rland Kulturcenter"}]},{"@type":"WebSite","@id":"https:\/\/ottaskifer.no\/sv\/#website","url":"https:\/\/ottaskifer.no\/sv\/","name":"Otta Skifer","description":"Stein som b\u00e6rer over generasjoner","publisher":{"@id":"https:\/\/ottaskifer.no\/sv\/#organization"},"potentialAction":[{"@type":"SearchAction","target":{"@type":"EntryPoint","urlTemplate":"https:\/\/ottaskifer.no\/sv\/?s={search_term_string}"},"query-input":{"@type":"PropertyValueSpecification","valueRequired":true,"valueName":"search_term_string"}}],"inLanguage":"sv-SE"},{"@type":"Organization","@id":"https:\/\/ottaskifer.no\/sv\/#organization","name":"Otta Skifer AS","url":"https:\/\/ottaskifer.no\/sv\/","logo":{"@type":"ImageObject","inLanguage":"sv-SE","@id":"https:\/\/ottaskifer.no\/sv\/#\/schema\/logo\/image\/","url":"https:\/\/ottaskifer.no\/wp-content\/uploads\/2023\/10\/Otta_Skifer_staende_lys_RGB.svg","contentUrl":"https:\/\/ottaskifer.no\/wp-content\/uploads\/2023\/10\/Otta_Skifer_staende_lys_RGB.svg","width":566,"height":336,"caption":"Otta Skifer AS"},"image":{"@id":"https:\/\/ottaskifer.no\/sv\/#\/schema\/logo\/image\/"},"sameAs":["https:\/\/www.facebook.com\/profile.php?id=61556584597085"]}]}},"_links":{"self":[{"href":"https:\/\/ottaskifer.no\/sv\/wp-json\/wp\/v2\/pages\/23944966","targetHints":{"allow":["GET"]}}],"collection":[{"href":"https:\/\/ottaskifer.no\/sv\/wp-json\/wp\/v2\/pages"}],"about":[{"href":"https:\/\/ottaskifer.no\/sv\/wp-json\/wp\/v2\/types\/page"}],"author":[{"embeddable":true,"href":"https:\/\/ottaskifer.no\/sv\/wp-json\/wp\/v2\/users\/4"}],"replies":[{"embeddable":true,"href":"https:\/\/ottaskifer.no\/sv\/wp-json\/wp\/v2\/comments?post=23944966"}],"version-history":[{"count":0,"href":"https:\/\/ottaskifer.no\/sv\/wp-json\/wp\/v2\/pages\/23944966\/revisions"}],"up":[{"embeddable":true,"href":"https:\/\/ottaskifer.no\/sv\/wp-json\/wp\/v2\/pages\/23944993"}],"wp:attachment":[{"href":"https:\/\/ottaskifer.no\/sv\/wp-json\/wp\/v2\/media?parent=23944966"}],"wp:term":[{"taxonomy":"dipi_cpt_category","embeddable":true,"href":"https:\/\/ottaskifer.no\/sv\/wp-json\/wp\/v2\/dipi_cpt_category?post=23944966"}],"curies":[{"name":"wp","href":"https:\/\/api.w.org\/{rel}","templated":true}]}}