{"id":23944971,"date":"2024-01-03T10:30:29","date_gmt":"2024-01-03T09:30:29","guid":{"rendered":"https:\/\/ottaskifer.no\/dombas-kyrka\/"},"modified":"2024-10-23T14:11:57","modified_gmt":"2024-10-23T13:11:57","slug":"dombas-kyrka","status":"publish","type":"page","link":"https:\/\/ottaskifer.no\/sv\/referenser\/dombas-kyrka\/","title":{"rendered":"Domb\u00e5s kyrka"},"content":{"rendered":"<p>[et_pb_section fb_built=&#8221;1&#8243; _builder_version=&#8221;4.23.4&#8243; _module_preset=&#8221;default&#8221; background_color=&#8221;rgba(0,58,66,0.1)&#8221; custom_margin=&#8221;-13vh||||false|false&#8221; custom_padding=&#8221;13vh||10vh||false|false&#8221; locked=&#8221;off&#8221; global_colors_info=&#8221;{}&#8221;][et_pb_row custom_padding_last_edited=&#8221;on|tablet&#8221; _builder_version=&#8221;4.23.1&#8243; _module_preset=&#8221;default&#8221; custom_padding=&#8221;5%||3%||false|false&#8221; custom_padding_tablet=&#8221;8%||8%||true|false&#8221; custom_padding_phone=&#8221;8%||8%||true|false&#8221; global_colors_info=&#8221;{}&#8221;][et_pb_column type=&#8221;4_4&#8243; _builder_version=&#8221;4.23&#8243; _module_preset=&#8221;default&#8221; global_colors_info=&#8221;{}&#8221;][et_pb_text _builder_version=&#8221;4.23.4&#8243; _module_preset=&#8221;default&#8221; header_text_align=&#8221;center&#8221; header_text_color=&#8221;#003A42&#8243; header_font_size=&#8221;4em&#8221; header_line_height=&#8221;1.3em&#8221; header_2_text_color=&#8221;#003A42&#8243; header_2_font_size=&#8221;4em&#8221; header_2_line_height=&#8221;1.3em&#8221; hover_enabled=&#8221;0&#8243; header_font_size_tablet=&#8221;3em&#8221; header_font_size_phone=&#8221;2.7em&#8221; header_font_size_last_edited=&#8221;on|phone&#8221; header_2_font_size_tablet=&#8221;3em&#8221; header_2_font_size_phone=&#8221;2.7em&#8221; header_2_font_size_last_edited=&#8221;on|desktop&#8221; global_colors_info=&#8221;{}&#8221; sticky_enabled=&#8221;0&#8243;]<\/p>\n<h1 class=\"p1\">Domb\u00e5s kyrka<\/h1>\n<p>[\/et_pb_text][et_pb_text _builder_version=&#8221;4.24.0&#8243; _module_preset=&#8221;default&#8221; header_3_text_color=&#8221;#003A42&#8243; header_3_font_size=&#8221;1.8em&#8221; header_4_text_color=&#8221;#003A42&#8243; header_4_font_size=&#8221;1.6em&#8221; custom_margin=&#8221;||0px||false|false&#8221; custom_padding=&#8221;7%||0px||false|false&#8221; hover_enabled=&#8221;0&#8243; header_4_font_size_last_edited=&#8221;off|desktop&#8221; global_colors_info=&#8221;{}&#8221; sticky_enabled=&#8221;0&#8243;]<\/p>\n<h3 class=\"p1\">Skiffertaket p\u00e5 Domb\u00e5s kyrka<\/h3>\n<p>[\/et_pb_text][et_pb_text _builder_version=&#8221;4.24.0&#8243; _module_preset=&#8221;default&#8221; text_font=&#8221;Centra No2 Light||||||||&#8221; text_text_color=&#8221;#000000&#8243; text_font_size=&#8221;1.1em&#8221; text_line_height=&#8221;1.5em&#8221; hover_enabled=&#8221;0&#8243; global_colors_info=&#8221;{}&#8221; sticky_enabled=&#8221;0&#8243;]<\/p>\n<p><span>Domb\u00e5s kyrka, en bastion av historia och kultur, st\u00e5r stolt med sitt torn och tak kl\u00e4dda i Ottaskiffer. <\/span><span>Kyrkan \u00e4r en korskyrka, byggd 1939, med \u00e5ttkantig takryttare \u00f6ver korset. Kyrkan \u00e4r uppf\u00f6rd i tredubbelt lager av lokalt skiffer, efter ritningar av Magnus och Esben Poulsson. Det \u00e4r en typisk Magnus Poulsson-kyrka med ett valmat tak med pyramidal utformning. <\/span><\/p>\n<p><span>\u00c5r 2020 fick kyrkan stora skador efter en brand. Restaureringsarbetet startade 2021.<\/span><span><\/span><\/p>\n<p><span><\/span><\/p>\n<p>[\/et_pb_text][\/et_pb_column][\/et_pb_row][et_pb_row column_structure=&#8221;2_3,1_3&#8243; use_custom_gutter=&#8221;on&#8221; gutter_width=&#8221;2&#8243; _builder_version=&#8221;4.23.4&#8243; _module_preset=&#8221;default&#8221; global_colors_info=&#8221;{}&#8221;][et_pb_column type=&#8221;2_3&#8243; _builder_version=&#8221;4.23.4&#8243; _module_preset=&#8221;default&#8221; global_colors_info=&#8221;{}&#8221;][et_pb_image src=&#8221;https:\/\/ottaskifer.no\/wp-content\/uploads\/2024\/02\/Dombas-kirke_Otta-rust-takskifer-firkantskifer-takstein_11-scaled.jpg&#8221; alt=&#8221;Domb\u00e5s kyrka_Otta rost skiffertak firkantskifer takstein_11&#8243; title_text=&#8221;Domb\u00e5s kyrka_Otta rost skiffertak firkantskifer takstein_11&#8243; _builder_version=&#8221;4.24.0&#8243; _module_preset=&#8221;default&#8221; global_colors_info=&#8221;{}&#8221;][\/et_pb_image][\/et_pb_column][et_pb_column type=&#8221;1_3&#8243; _builder_version=&#8221;4.23.4&#8243; _module_preset=&#8221;default&#8221; global_colors_info=&#8221;{}&#8221;][et_pb_image src=&#8221;https:\/\/ottaskifer.no\/wp-content\/uploads\/2023\/11\/Dombas-kirke_Otta-rust-takskifer-firkantskifer-takstein_04.jpg&#8221; alt=&#8221;Skiffertak Domb\u00e5s Kyrka | Otta Skifer&#8221; title_text=&#8221;Skiffertak Domb\u00e5s Kyrka | Otta Skifer&#8221; _builder_version=&#8221;4.24.0&#8243; _module_preset=&#8221;default&#8221; width=&#8221;80%&#8221; width_tablet=&#8221;100%&#8221; width_phone=&#8221;100%&#8221; width_last_edited=&#8221;on|tablet&#8221; global_colors_info=&#8221;{}&#8221;][\/et_pb_image][et_pb_text _builder_version=&#8221;4.24.0&#8243; _module_preset=&#8221;default&#8221; text_font=&#8221;Centra No2 Light||||||||&#8221; text_text_color=&#8221;#000000&#8243; text_font_size=&#8221;1.1em&#8221; text_line_height=&#8221;1.5em&#8221; header_4_text_color=&#8221;#003A42&#8243; locked=&#8221;off&#8221; global_colors_info=&#8221;{}&#8221;]<\/p>\n<h4>Ursprungligt tak f\u00f6re branden 2020<\/h4>\n<p>[\/et_pb_text][\/et_pb_column][\/et_pb_row][\/et_pb_section][et_pb_section fb_built=&#8221;1&#8243; _builder_version=&#8221;4.23.4&#8243; _module_preset=&#8221;default&#8221; background_color=&#8221;rgba(107,176,177,0.2)&#8221; custom_padding=&#8221;10vh||10vh||true|false&#8221; global_colors_info=&#8221;{}&#8221;][et_pb_row column_structure=&#8221;1_3,1_3,1_3&#8243; use_custom_gutter=&#8221;on&#8221; gutter_width=&#8221;2&#8243; make_equal=&#8221;on&#8221; _builder_version=&#8221;4.23.4&#8243; _module_preset=&#8221;default&#8221; global_colors_info=&#8221;{}&#8221;][et_pb_column type=&#8221;1_3&#8243; _builder_version=&#8221;4.23.4&#8243; _module_preset=&#8221;default&#8221; global_colors_info=&#8221;{}&#8221;][et_pb_image src=&#8221;https:\/\/ottaskifer.no\/wp-content\/uploads\/2023\/11\/Dombas-kirke_Otta-rust-takskifer-firkantskifer-takstein_05-scaled.jpg&#8221; alt=&#8221;Skiffertak Domb\u00e5s Kyrka | Otta Skifer&#8221; title_text=&#8221;Skiffertak Domb\u00e5s Kyrka | Otta Skifer&#8221; _builder_version=&#8221;4.24.0&#8243; _module_preset=&#8221;default&#8221; global_colors_info=&#8221;{}&#8221;][\/et_pb_image][\/et_pb_column][et_pb_column type=&#8221;1_3&#8243; _builder_version=&#8221;4.23.4&#8243; _module_preset=&#8221;default&#8221; global_colors_info=&#8221;{}&#8221;][et_pb_image src=&#8221;https:\/\/ottaskifer.no\/wp-content\/uploads\/2024\/01\/DSC_4946.jpg&#8221; alt=&#8221;Skiffertak Domb\u00e5s Kyrka | Otta Skifer&#8221; title_text=&#8221;Skiffertak Domb\u00e5s Kyrka | Otta Skifer&#8221; _builder_version=&#8221;4.23.4&#8243; _module_preset=&#8221;default&#8221; global_colors_info=&#8221;{}&#8221;][\/et_pb_image][\/et_pb_column][et_pb_column type=&#8221;1_3&#8243; _builder_version=&#8221;4.23.4&#8243; _module_preset=&#8221;default&#8221; global_colors_info=&#8221;{}&#8221;][et_pb_text _builder_version=&#8221;4.24.0&#8243; _module_preset=&#8221;default&#8221; text_font=&#8221;Centra No2 Light||||||||&#8221; text_text_color=&#8221;#000000&#8243; text_font_size=&#8221;1.1em&#8221; text_line_height=&#8221;1.5em&#8221; header_4_text_color=&#8221;#003A42&#8243; locked=&#8221;off&#8221; global_colors_info=&#8221;{}&#8221;]<\/p>\n<h4>Det nya taket efter restaureringen.<\/h4>\n<p>[\/et_pb_text][\/et_pb_column][\/et_pb_row][\/et_pb_section][et_pb_section fb_built=&#8221;1&#8243; _builder_version=&#8221;4.23.4&#8243; _module_preset=&#8221;default&#8221; background_color=&#8221;#D0D3B5&#8243; custom_padding=&#8221;10vh||15vh||false|false&#8221; global_colors_info=&#8221;{}&#8221;][et_pb_row column_structure=&#8221;1_3,1_3,1_3&#8243; use_custom_gutter=&#8221;on&#8221; gutter_width=&#8221;2&#8243; make_equal=&#8221;on&#8221; _builder_version=&#8221;4.23.4&#8243; _module_preset=&#8221;default&#8221; global_colors_info=&#8221;{}&#8221;][et_pb_column type=&#8221;1_3&#8243; _builder_version=&#8221;4.23.4&#8243; _module_preset=&#8221;default&#8221; custom_css_main_element=&#8221;margin: auto auto 0;&#8221; global_colors_info=&#8221;{}&#8221;][et_pb_text _builder_version=&#8221;4.24.0&#8243; _module_preset=&#8221;default&#8221; text_font=&#8221;Centra No2 Light||||||||&#8221; text_text_color=&#8221;#000000&#8243; text_font_size=&#8221;1.1em&#8221; text_line_height=&#8221;1.5em&#8221; header_4_text_color=&#8221;#003A42&#8243; locked=&#8221;off&#8221; global_colors_info=&#8221;{}&#8221;]<\/p>\n<h4>Det nya taket efter restaureringen.<\/h4>\n<p>[\/et_pb_text][\/et_pb_column][et_pb_column type=&#8221;1_3&#8243; _builder_version=&#8221;4.23.4&#8243; _module_preset=&#8221;default&#8221; global_colors_info=&#8221;{}&#8221;][et_pb_image src=&#8221;https:\/\/ottaskifer.no\/wp-content\/uploads\/2024\/01\/DSC_4987.jpg&#8221; alt=&#8221;Skiffertak Domb\u00e5s Kyrka | Otta Skifer&#8221; title_text=&#8221;Skiffertak Domb\u00e5s Kyrka | Otta Skifer&#8221; _builder_version=&#8221;4.23.4&#8243; _module_preset=&#8221;default&#8221; global_colors_info=&#8221;{}&#8221;][\/et_pb_image][\/et_pb_column][et_pb_column type=&#8221;1_3&#8243; _builder_version=&#8221;4.23.4&#8243; _module_preset=&#8221;default&#8221; global_colors_info=&#8221;{}&#8221;][et_pb_image src=&#8221;https:\/\/ottaskifer.no\/wp-content\/uploads\/2024\/01\/DSC_4944.jpg&#8221; alt=&#8221;Skiffertak Domb\u00e5s Kyrka | Otta Skifer&#8221; title_text=&#8221;Skiffertak Domb\u00e5s Kyrka | Otta Skifer&#8221; _builder_version=&#8221;4.23.4&#8243; _module_preset=&#8221;default&#8221; global_colors_info=&#8221;{}&#8221;][\/et_pb_image][\/et_pb_column][\/et_pb_row][\/et_pb_section]<\/p>\n","protected":false},"excerpt":{"rendered":"<p>Domb\u00e5s kyrkaSkiffertaket p\u00e5 Domb\u00e5s kyrkaDomb\u00e5s kyrka, en bastion av historia och kultur, st\u00e5r stolt med sitt torn och tak kl\u00e4dda i Ottaskiffer. Kyrkan \u00e4r en korskyrka, byggd 1939, med \u00e5ttkantig takryttare \u00f6ver korset. Kyrkan \u00e4r uppf\u00f6rd i tredubbelt lager av lokalt skiffer, efter ritningar av Magnus och Esben Poulsson. Det \u00e4r en typisk Magnus Poulsson-kyrka [&hellip;]<\/p>\n","protected":false},"author":4,"featured_media":0,"parent":23944993,"menu_order":0,"comment_status":"closed","ping_status":"closed","template":"","meta":{"_et_pb_use_builder":"on","_et_pb_old_content":"","_et_gb_content_width":"","footnotes":""},"dipi_cpt_category":[],"class_list":["post-23944971","page","type-page","status-publish","hentry"],"yoast_head":"<!-- This site is optimized with the Yoast SEO plugin v27.4 - https:\/\/yoast.com\/product\/yoast-seo-wordpress\/ -->\n<title>Domb\u00e5s kyrka - Otta Skifer AS<\/title>\n<meta name=\"robots\" content=\"index, follow, max-snippet:-1, max-image-preview:large, max-video-preview:-1\" \/>\n<link rel=\"canonical\" href=\"https:\/\/ottaskifer.no\/sv\/referenser\/dombas-kyrka\/\" \/>\n<meta property=\"og:locale\" content=\"sv_SE\" \/>\n<meta property=\"og:type\" content=\"article\" \/>\n<meta property=\"og:title\" content=\"Domb\u00e5s kyrka - Otta Skifer AS\" \/>\n<meta property=\"og:description\" content=\"Domb\u00e5s kyrkaSkiffertaket p\u00e5 Domb\u00e5s kyrkaDomb\u00e5s kyrka, en bastion av historia och kultur, st\u00e5r stolt med sitt torn och tak kl\u00e4dda i Ottaskiffer. Kyrkan \u00e4r en korskyrka, byggd 1939, med \u00e5ttkantig takryttare \u00f6ver korset. Kyrkan \u00e4r uppf\u00f6rd i tredubbelt lager av lokalt skiffer, efter ritningar av Magnus och Esben Poulsson. Det \u00e4r en typisk Magnus Poulsson-kyrka [&hellip;]\" \/>\n<meta property=\"og:url\" content=\"https:\/\/ottaskifer.no\/sv\/referenser\/dombas-kyrka\/\" \/>\n<meta property=\"og:site_name\" content=\"Otta Skifer AS\" \/>\n<meta property=\"article:publisher\" content=\"https:\/\/www.facebook.com\/profile.php?id=61556584597085\" \/>\n<meta property=\"article:modified_time\" content=\"2024-10-23T13:11:57+00:00\" \/>\n<meta name=\"twitter:card\" content=\"summary_large_image\" \/>\n<meta name=\"twitter:label1\" content=\"Ber\u00e4knad l\u00e4stid\" \/>\n\t<meta name=\"twitter:data1\" content=\"5 minuter\" \/>\n<script type=\"application\/ld+json\" class=\"yoast-schema-graph\">{\"@context\":\"https:\\\/\\\/schema.org\",\"@graph\":[{\"@type\":\"WebPage\",\"@id\":\"https:\\\/\\\/ottaskifer.no\\\/sv\\\/referenser\\\/dombas-kyrka\\\/\",\"url\":\"https:\\\/\\\/ottaskifer.no\\\/sv\\\/referenser\\\/dombas-kyrka\\\/\",\"name\":\"Domb\u00e5s kyrka - Otta Skifer AS\",\"isPartOf\":{\"@id\":\"https:\\\/\\\/ottaskifer.no\\\/sv\\\/#website\"},\"datePublished\":\"2024-01-03T09:30:29+00:00\",\"dateModified\":\"2024-10-23T13:11:57+00:00\",\"breadcrumb\":{\"@id\":\"https:\\\/\\\/ottaskifer.no\\\/sv\\\/referenser\\\/dombas-kyrka\\\/#breadcrumb\"},\"inLanguage\":\"sv-SE\",\"potentialAction\":[{\"@type\":\"ReadAction\",\"target\":[\"https:\\\/\\\/ottaskifer.no\\\/sv\\\/referenser\\\/dombas-kyrka\\\/\"]}]},{\"@type\":\"BreadcrumbList\",\"@id\":\"https:\\\/\\\/ottaskifer.no\\\/sv\\\/referenser\\\/dombas-kyrka\\\/#breadcrumb\",\"itemListElement\":[{\"@type\":\"ListItem\",\"position\":1,\"name\":\"Hjem\",\"item\":\"https:\\\/\\\/ottaskifer.no\\\/sv\\\/forside\\\/\"},{\"@type\":\"ListItem\",\"position\":2,\"name\":\"Referenser\",\"item\":\"https:\\\/\\\/ottaskifer.no\\\/sv\\\/referenser\\\/\"},{\"@type\":\"ListItem\",\"position\":3,\"name\":\"Domb\u00e5s kyrka\"}]},{\"@type\":\"WebSite\",\"@id\":\"https:\\\/\\\/ottaskifer.no\\\/sv\\\/#website\",\"url\":\"https:\\\/\\\/ottaskifer.no\\\/sv\\\/\",\"name\":\"Otta Skifer\",\"description\":\"Stein som b\u00e6rer over generasjoner\",\"publisher\":{\"@id\":\"https:\\\/\\\/ottaskifer.no\\\/sv\\\/#organization\"},\"potentialAction\":[{\"@type\":\"SearchAction\",\"target\":{\"@type\":\"EntryPoint\",\"urlTemplate\":\"https:\\\/\\\/ottaskifer.no\\\/sv\\\/?s={search_term_string}\"},\"query-input\":{\"@type\":\"PropertyValueSpecification\",\"valueRequired\":true,\"valueName\":\"search_term_string\"}}],\"inLanguage\":\"sv-SE\"},{\"@type\":\"Organization\",\"@id\":\"https:\\\/\\\/ottaskifer.no\\\/sv\\\/#organization\",\"name\":\"Otta Skifer AS\",\"url\":\"https:\\\/\\\/ottaskifer.no\\\/sv\\\/\",\"logo\":{\"@type\":\"ImageObject\",\"inLanguage\":\"sv-SE\",\"@id\":\"https:\\\/\\\/ottaskifer.no\\\/sv\\\/#\\\/schema\\\/logo\\\/image\\\/\",\"url\":\"https:\\\/\\\/ottaskifer.no\\\/wp-content\\\/uploads\\\/2023\\\/10\\\/Otta_Skifer_staende_lys_RGB.svg\",\"contentUrl\":\"https:\\\/\\\/ottaskifer.no\\\/wp-content\\\/uploads\\\/2023\\\/10\\\/Otta_Skifer_staende_lys_RGB.svg\",\"width\":566,\"height\":336,\"caption\":\"Otta Skifer AS\"},\"image\":{\"@id\":\"https:\\\/\\\/ottaskifer.no\\\/sv\\\/#\\\/schema\\\/logo\\\/image\\\/\"},\"sameAs\":[\"https:\\\/\\\/www.facebook.com\\\/profile.php?id=61556584597085\"]}]}<\/script>\n<!-- \/ Yoast SEO plugin. -->","yoast_head_json":{"title":"Domb\u00e5s kyrka - Otta Skifer AS","robots":{"index":"index","follow":"follow","max-snippet":"max-snippet:-1","max-image-preview":"max-image-preview:large","max-video-preview":"max-video-preview:-1"},"canonical":"https:\/\/ottaskifer.no\/sv\/referenser\/dombas-kyrka\/","og_locale":"sv_SE","og_type":"article","og_title":"Domb\u00e5s kyrka - Otta Skifer AS","og_description":"Domb\u00e5s kyrkaSkiffertaket p\u00e5 Domb\u00e5s kyrkaDomb\u00e5s kyrka, en bastion av historia och kultur, st\u00e5r stolt med sitt torn och tak kl\u00e4dda i Ottaskiffer. Kyrkan \u00e4r en korskyrka, byggd 1939, med \u00e5ttkantig takryttare \u00f6ver korset. Kyrkan \u00e4r uppf\u00f6rd i tredubbelt lager av lokalt skiffer, efter ritningar av Magnus och Esben Poulsson. Det \u00e4r en typisk Magnus Poulsson-kyrka [&hellip;]","og_url":"https:\/\/ottaskifer.no\/sv\/referenser\/dombas-kyrka\/","og_site_name":"Otta Skifer AS","article_publisher":"https:\/\/www.facebook.com\/profile.php?id=61556584597085","article_modified_time":"2024-10-23T13:11:57+00:00","twitter_card":"summary_large_image","twitter_misc":{"Ber\u00e4knad l\u00e4stid":"5 minuter"},"schema":{"@context":"https:\/\/schema.org","@graph":[{"@type":"WebPage","@id":"https:\/\/ottaskifer.no\/sv\/referenser\/dombas-kyrka\/","url":"https:\/\/ottaskifer.no\/sv\/referenser\/dombas-kyrka\/","name":"Domb\u00e5s kyrka - Otta Skifer AS","isPartOf":{"@id":"https:\/\/ottaskifer.no\/sv\/#website"},"datePublished":"2024-01-03T09:30:29+00:00","dateModified":"2024-10-23T13:11:57+00:00","breadcrumb":{"@id":"https:\/\/ottaskifer.no\/sv\/referenser\/dombas-kyrka\/#breadcrumb"},"inLanguage":"sv-SE","potentialAction":[{"@type":"ReadAction","target":["https:\/\/ottaskifer.no\/sv\/referenser\/dombas-kyrka\/"]}]},{"@type":"BreadcrumbList","@id":"https:\/\/ottaskifer.no\/sv\/referenser\/dombas-kyrka\/#breadcrumb","itemListElement":[{"@type":"ListItem","position":1,"name":"Hjem","item":"https:\/\/ottaskifer.no\/sv\/forside\/"},{"@type":"ListItem","position":2,"name":"Referenser","item":"https:\/\/ottaskifer.no\/sv\/referenser\/"},{"@type":"ListItem","position":3,"name":"Domb\u00e5s kyrka"}]},{"@type":"WebSite","@id":"https:\/\/ottaskifer.no\/sv\/#website","url":"https:\/\/ottaskifer.no\/sv\/","name":"Otta Skifer","description":"Stein som b\u00e6rer over generasjoner","publisher":{"@id":"https:\/\/ottaskifer.no\/sv\/#organization"},"potentialAction":[{"@type":"SearchAction","target":{"@type":"EntryPoint","urlTemplate":"https:\/\/ottaskifer.no\/sv\/?s={search_term_string}"},"query-input":{"@type":"PropertyValueSpecification","valueRequired":true,"valueName":"search_term_string"}}],"inLanguage":"sv-SE"},{"@type":"Organization","@id":"https:\/\/ottaskifer.no\/sv\/#organization","name":"Otta Skifer AS","url":"https:\/\/ottaskifer.no\/sv\/","logo":{"@type":"ImageObject","inLanguage":"sv-SE","@id":"https:\/\/ottaskifer.no\/sv\/#\/schema\/logo\/image\/","url":"https:\/\/ottaskifer.no\/wp-content\/uploads\/2023\/10\/Otta_Skifer_staende_lys_RGB.svg","contentUrl":"https:\/\/ottaskifer.no\/wp-content\/uploads\/2023\/10\/Otta_Skifer_staende_lys_RGB.svg","width":566,"height":336,"caption":"Otta Skifer AS"},"image":{"@id":"https:\/\/ottaskifer.no\/sv\/#\/schema\/logo\/image\/"},"sameAs":["https:\/\/www.facebook.com\/profile.php?id=61556584597085"]}]}},"_links":{"self":[{"href":"https:\/\/ottaskifer.no\/sv\/wp-json\/wp\/v2\/pages\/23944971","targetHints":{"allow":["GET"]}}],"collection":[{"href":"https:\/\/ottaskifer.no\/sv\/wp-json\/wp\/v2\/pages"}],"about":[{"href":"https:\/\/ottaskifer.no\/sv\/wp-json\/wp\/v2\/types\/page"}],"author":[{"embeddable":true,"href":"https:\/\/ottaskifer.no\/sv\/wp-json\/wp\/v2\/users\/4"}],"replies":[{"embeddable":true,"href":"https:\/\/ottaskifer.no\/sv\/wp-json\/wp\/v2\/comments?post=23944971"}],"version-history":[{"count":0,"href":"https:\/\/ottaskifer.no\/sv\/wp-json\/wp\/v2\/pages\/23944971\/revisions"}],"up":[{"embeddable":true,"href":"https:\/\/ottaskifer.no\/sv\/wp-json\/wp\/v2\/pages\/23944993"}],"wp:attachment":[{"href":"https:\/\/ottaskifer.no\/sv\/wp-json\/wp\/v2\/media?parent=23944971"}],"wp:term":[{"taxonomy":"dipi_cpt_category","embeddable":true,"href":"https:\/\/ottaskifer.no\/sv\/wp-json\/wp\/v2\/dipi_cpt_category?post=23944971"}],"curies":[{"name":"wp","href":"https:\/\/api.w.org\/{rel}","templated":true}]}}