{"id":23944989,"date":"2023-11-01T12:40:06","date_gmt":"2023-11-01T11:40:06","guid":{"rendered":"https:\/\/ottaskifer.no\/hur-koper-man\/"},"modified":"2024-10-24T14:05:47","modified_gmt":"2024-10-24T13:05:47","slug":"hur-koper-man","status":"publish","type":"page","link":"https:\/\/ottaskifer.no\/sv\/hur-koper-man\/","title":{"rendered":"\u00c5terf\u00f6rs\u00e4ljare"},"content":{"rendered":"<p>[et_pb_section fb_built=&#8221;1&#8243; admin_label=&#8221;Introduksjon&#8221; _builder_version=&#8221;4.23.1&#8243; _module_preset=&#8221;default&#8221; background_color=&#8221;#e6e1d0&#8243; custom_margin=&#8221;-13vh||||false|false&#8221; custom_padding=&#8221;13vh||||false|false&#8221; global_colors_info=&#8221;{}&#8221;][et_pb_row custom_padding_last_edited=&#8221;on|phone&#8221; _builder_version=&#8221;4.23.1&#8243; _module_preset=&#8221;default&#8221; custom_padding=&#8221;5%||5%||false|false&#8221; custom_padding_tablet=&#8221;8%||8%||true|false&#8221; custom_padding_phone=&#8221;8%||||false|false&#8221; global_colors_info=&#8221;{}&#8221;][et_pb_column type=&#8221;4_4&#8243; _builder_version=&#8221;4.23&#8243; _module_preset=&#8221;default&#8221; global_colors_info=&#8221;{}&#8221;][et_pb_text admin_label=&#8221;Tittel&#8221; _builder_version=&#8221;4.23.1&#8243; _module_preset=&#8221;default&#8221; header_text_align=&#8221;center&#8221; header_text_color=&#8221;#003A42&#8243; header_font_size=&#8221;4em&#8221; header_line_height=&#8221;1.3em&#8221; header_2_text_color=&#8221;#003A42&#8243; header_2_font_size=&#8221;4em&#8221; header_2_line_height=&#8221;1.3em&#8221; header_font_size_tablet=&#8221;3em&#8221; header_font_size_phone=&#8221;2.7em&#8221; header_font_size_last_edited=&#8221;on|phone&#8221; header_2_font_size_tablet=&#8221;3em&#8221; header_2_font_size_phone=&#8221;2.7em&#8221; header_2_font_size_last_edited=&#8221;on|desktop&#8221; global_colors_info=&#8221;{}&#8221;]<\/p>\n<h1 class=\"p1\">\u00c5terf\u00f6rs\u00e4ljare<\/h1>\n<p>[\/et_pb_text][et_pb_text _builder_version=&#8221;4.24.0&#8243; _module_preset=&#8221;default&#8221; text_font=&#8221;Centra No2 Light||||||||&#8221; text_text_color=&#8221;#000000&#8243; text_font_size=&#8221;1.1em&#8221; text_line_height=&#8221;1.5em&#8221; link_font=&#8221;||||on|||#DDB945|&#8221; link_text_color=&#8221;#003A42&#8243; custom_margin=&#8221;||0px||false|false&#8221; custom_padding=&#8221;7%||0px||false|false&#8221; hover_enabled=&#8221;0&#8243; global_colors_info=&#8221;{}&#8221; sticky_enabled=&#8221;0&#8243;]<\/p>\n<p>Otta Skifer AS \u00e4r producent och leverant\u00f6r av skiffer i alla format. Skiffern vi f\u00f6r\u00e4dlar utvinns fr\u00e5n Pillarguri-brottet. Vi levererar Ottaskiffer till en rad \u00e5terf\u00f6rs\u00e4ljare, och det \u00e4r fr\u00e5n dessa du kan k\u00f6pa v\u00e5r skiffer. Snart kommer du att hitta en fullst\u00e4ndig \u00f6versikt \u00f6ver v\u00e5ra \u00e5terf\u00f6rs\u00e4ljare, men tills dess kan du kontakta oss s\u00e5 hj\u00e4lper vi dig att hitta n\u00e4rmaste \u00e5terf\u00f6rs\u00e4ljare.    <\/p>\n<p>Ottaskiffern \u00e4r en lagervara med kort leveranstid p\u00e5 de flesta av v\u00e5ra produkter. F\u00f6rutom butikernas egna lager har vi ocks\u00e5 ett stort huvudlager h\u00e4r p\u00e5 Otta. <\/p>\n<p>Vid skr\u00e4ddarsydda best\u00e4llningar kan viss leveranstid f\u00f6rv\u00e4ntas.<\/p>\n<p>&nbsp;<\/p>\n<p>[\/et_pb_text][et_pb_button button_url=&#8221;@ET-DC@eyJkeW5hbWljIjp0cnVlLCJjb250ZW50IjoicG9zdF9saW5rX3VybF9wYWdlIiwic2V0dGluZ3MiOnsicG9zdF9pZCI6Ijc5IiwiZW5hYmxlX2h0bWwiOiJvZmYifX0=@&#8221; button_text=&#8221;Kontakta oss&#8221; _builder_version=&#8221;4.23.1&#8243; _dynamic_attributes=&#8221;button_url&#8221; _module_preset=&#8221;default&#8221; global_colors_info=&#8221;{}&#8221;][\/et_pb_button][\/et_pb_column][\/et_pb_row][\/et_pb_section]<\/p>\n","protected":false},"excerpt":{"rendered":"<p>\u00c5terf\u00f6rs\u00e4ljareOtta Skifer AS \u00e4r producent och leverant\u00f6r av skiffer i alla format. Skiffern vi f\u00f6r\u00e4dlar utvinns fr\u00e5n Pillarguri-brottet. Vi levererar Ottaskiffer till en rad \u00e5terf\u00f6rs\u00e4ljare, och det \u00e4r fr\u00e5n dessa du kan k\u00f6pa v\u00e5r skiffer. Snart kommer du att hitta en fullst\u00e4ndig \u00f6versikt \u00f6ver v\u00e5ra \u00e5terf\u00f6rs\u00e4ljare, men tills dess kan du kontakta oss s\u00e5 hj\u00e4lper [&hellip;]<\/p>\n","protected":false},"author":4,"featured_media":0,"parent":0,"menu_order":0,"comment_status":"closed","ping_status":"closed","template":"","meta":{"_et_pb_use_builder":"on","_et_pb_old_content":"","_et_gb_content_width":"","footnotes":""},"dipi_cpt_category":[],"class_list":["post-23944989","page","type-page","status-publish","hentry"],"yoast_head":"<!-- This site is optimized with the Yoast SEO plugin v27.5 - https:\/\/yoast.com\/product\/yoast-seo-wordpress\/ -->\n<title>\u00c5terf\u00f6rs\u00e4ljare - Otta Skifer AS<\/title>\n<meta name=\"robots\" content=\"index, follow, max-snippet:-1, max-image-preview:large, max-video-preview:-1\" \/>\n<link rel=\"canonical\" href=\"https:\/\/ottaskifer.no\/sv\/hur-koper-man\/\" \/>\n<meta property=\"og:locale\" content=\"sv_SE\" \/>\n<meta property=\"og:type\" content=\"article\" \/>\n<meta property=\"og:title\" content=\"\u00c5terf\u00f6rs\u00e4ljare - Otta Skifer AS\" \/>\n<meta property=\"og:description\" content=\"\u00c5terf\u00f6rs\u00e4ljareOtta Skifer AS \u00e4r producent och leverant\u00f6r av skiffer i alla format. Skiffern vi f\u00f6r\u00e4dlar utvinns fr\u00e5n Pillarguri-brottet. Vi levererar Ottaskiffer till en rad \u00e5terf\u00f6rs\u00e4ljare, och det \u00e4r fr\u00e5n dessa du kan k\u00f6pa v\u00e5r skiffer. Snart kommer du att hitta en fullst\u00e4ndig \u00f6versikt \u00f6ver v\u00e5ra \u00e5terf\u00f6rs\u00e4ljare, men tills dess kan du kontakta oss s\u00e5 hj\u00e4lper [&hellip;]\" \/>\n<meta property=\"og:url\" content=\"https:\/\/ottaskifer.no\/sv\/hur-koper-man\/\" \/>\n<meta property=\"og:site_name\" content=\"Otta Skifer AS\" \/>\n<meta property=\"article:publisher\" content=\"https:\/\/www.facebook.com\/profile.php?id=61556584597085\" \/>\n<meta property=\"article:modified_time\" content=\"2024-10-24T13:05:47+00:00\" \/>\n<meta name=\"twitter:card\" content=\"summary_large_image\" \/>\n<meta name=\"twitter:label1\" content=\"Ber\u00e4knad l\u00e4stid\" \/>\n\t<meta name=\"twitter:data1\" content=\"2 minuter\" \/>\n<script type=\"application\/ld+json\" class=\"yoast-schema-graph\">{\"@context\":\"https:\\\/\\\/schema.org\",\"@graph\":[{\"@type\":\"WebPage\",\"@id\":\"https:\\\/\\\/ottaskifer.no\\\/sv\\\/hur-koper-man\\\/\",\"url\":\"https:\\\/\\\/ottaskifer.no\\\/sv\\\/hur-koper-man\\\/\",\"name\":\"\u00c5terf\u00f6rs\u00e4ljare - Otta Skifer AS\",\"isPartOf\":{\"@id\":\"https:\\\/\\\/ottaskifer.no\\\/sv\\\/#website\"},\"datePublished\":\"2023-11-01T11:40:06+00:00\",\"dateModified\":\"2024-10-24T13:05:47+00:00\",\"breadcrumb\":{\"@id\":\"https:\\\/\\\/ottaskifer.no\\\/sv\\\/hur-koper-man\\\/#breadcrumb\"},\"inLanguage\":\"sv-SE\",\"potentialAction\":[{\"@type\":\"ReadAction\",\"target\":[\"https:\\\/\\\/ottaskifer.no\\\/sv\\\/hur-koper-man\\\/\"]}]},{\"@type\":\"BreadcrumbList\",\"@id\":\"https:\\\/\\\/ottaskifer.no\\\/sv\\\/hur-koper-man\\\/#breadcrumb\",\"itemListElement\":[{\"@type\":\"ListItem\",\"position\":1,\"name\":\"Hjem\",\"item\":\"https:\\\/\\\/ottaskifer.no\\\/sv\\\/forside\\\/\"},{\"@type\":\"ListItem\",\"position\":2,\"name\":\"\u00c5terf\u00f6rs\u00e4ljare\"}]},{\"@type\":\"WebSite\",\"@id\":\"https:\\\/\\\/ottaskifer.no\\\/sv\\\/#website\",\"url\":\"https:\\\/\\\/ottaskifer.no\\\/sv\\\/\",\"name\":\"Otta Skifer\",\"description\":\"Stein som b\u00e6rer over generasjoner\",\"publisher\":{\"@id\":\"https:\\\/\\\/ottaskifer.no\\\/sv\\\/#organization\"},\"potentialAction\":[{\"@type\":\"SearchAction\",\"target\":{\"@type\":\"EntryPoint\",\"urlTemplate\":\"https:\\\/\\\/ottaskifer.no\\\/sv\\\/?s={search_term_string}\"},\"query-input\":{\"@type\":\"PropertyValueSpecification\",\"valueRequired\":true,\"valueName\":\"search_term_string\"}}],\"inLanguage\":\"sv-SE\"},{\"@type\":\"Organization\",\"@id\":\"https:\\\/\\\/ottaskifer.no\\\/sv\\\/#organization\",\"name\":\"Otta Skifer AS\",\"url\":\"https:\\\/\\\/ottaskifer.no\\\/sv\\\/\",\"logo\":{\"@type\":\"ImageObject\",\"inLanguage\":\"sv-SE\",\"@id\":\"https:\\\/\\\/ottaskifer.no\\\/sv\\\/#\\\/schema\\\/logo\\\/image\\\/\",\"url\":\"https:\\\/\\\/ottaskifer.no\\\/wp-content\\\/uploads\\\/2023\\\/10\\\/Otta_Skifer_staende_lys_RGB.svg\",\"contentUrl\":\"https:\\\/\\\/ottaskifer.no\\\/wp-content\\\/uploads\\\/2023\\\/10\\\/Otta_Skifer_staende_lys_RGB.svg\",\"width\":566,\"height\":336,\"caption\":\"Otta Skifer AS\"},\"image\":{\"@id\":\"https:\\\/\\\/ottaskifer.no\\\/sv\\\/#\\\/schema\\\/logo\\\/image\\\/\"},\"sameAs\":[\"https:\\\/\\\/www.facebook.com\\\/profile.php?id=61556584597085\"]}]}<\/script>\n<!-- \/ Yoast SEO plugin. -->","yoast_head_json":{"title":"\u00c5terf\u00f6rs\u00e4ljare - Otta Skifer AS","robots":{"index":"index","follow":"follow","max-snippet":"max-snippet:-1","max-image-preview":"max-image-preview:large","max-video-preview":"max-video-preview:-1"},"canonical":"https:\/\/ottaskifer.no\/sv\/hur-koper-man\/","og_locale":"sv_SE","og_type":"article","og_title":"\u00c5terf\u00f6rs\u00e4ljare - Otta Skifer AS","og_description":"\u00c5terf\u00f6rs\u00e4ljareOtta Skifer AS \u00e4r producent och leverant\u00f6r av skiffer i alla format. Skiffern vi f\u00f6r\u00e4dlar utvinns fr\u00e5n Pillarguri-brottet. Vi levererar Ottaskiffer till en rad \u00e5terf\u00f6rs\u00e4ljare, och det \u00e4r fr\u00e5n dessa du kan k\u00f6pa v\u00e5r skiffer. Snart kommer du att hitta en fullst\u00e4ndig \u00f6versikt \u00f6ver v\u00e5ra \u00e5terf\u00f6rs\u00e4ljare, men tills dess kan du kontakta oss s\u00e5 hj\u00e4lper [&hellip;]","og_url":"https:\/\/ottaskifer.no\/sv\/hur-koper-man\/","og_site_name":"Otta Skifer AS","article_publisher":"https:\/\/www.facebook.com\/profile.php?id=61556584597085","article_modified_time":"2024-10-24T13:05:47+00:00","twitter_card":"summary_large_image","twitter_misc":{"Ber\u00e4knad l\u00e4stid":"2 minuter"},"schema":{"@context":"https:\/\/schema.org","@graph":[{"@type":"WebPage","@id":"https:\/\/ottaskifer.no\/sv\/hur-koper-man\/","url":"https:\/\/ottaskifer.no\/sv\/hur-koper-man\/","name":"\u00c5terf\u00f6rs\u00e4ljare - Otta Skifer AS","isPartOf":{"@id":"https:\/\/ottaskifer.no\/sv\/#website"},"datePublished":"2023-11-01T11:40:06+00:00","dateModified":"2024-10-24T13:05:47+00:00","breadcrumb":{"@id":"https:\/\/ottaskifer.no\/sv\/hur-koper-man\/#breadcrumb"},"inLanguage":"sv-SE","potentialAction":[{"@type":"ReadAction","target":["https:\/\/ottaskifer.no\/sv\/hur-koper-man\/"]}]},{"@type":"BreadcrumbList","@id":"https:\/\/ottaskifer.no\/sv\/hur-koper-man\/#breadcrumb","itemListElement":[{"@type":"ListItem","position":1,"name":"Hjem","item":"https:\/\/ottaskifer.no\/sv\/forside\/"},{"@type":"ListItem","position":2,"name":"\u00c5terf\u00f6rs\u00e4ljare"}]},{"@type":"WebSite","@id":"https:\/\/ottaskifer.no\/sv\/#website","url":"https:\/\/ottaskifer.no\/sv\/","name":"Otta Skifer","description":"Stein som b\u00e6rer over generasjoner","publisher":{"@id":"https:\/\/ottaskifer.no\/sv\/#organization"},"potentialAction":[{"@type":"SearchAction","target":{"@type":"EntryPoint","urlTemplate":"https:\/\/ottaskifer.no\/sv\/?s={search_term_string}"},"query-input":{"@type":"PropertyValueSpecification","valueRequired":true,"valueName":"search_term_string"}}],"inLanguage":"sv-SE"},{"@type":"Organization","@id":"https:\/\/ottaskifer.no\/sv\/#organization","name":"Otta Skifer AS","url":"https:\/\/ottaskifer.no\/sv\/","logo":{"@type":"ImageObject","inLanguage":"sv-SE","@id":"https:\/\/ottaskifer.no\/sv\/#\/schema\/logo\/image\/","url":"https:\/\/ottaskifer.no\/wp-content\/uploads\/2023\/10\/Otta_Skifer_staende_lys_RGB.svg","contentUrl":"https:\/\/ottaskifer.no\/wp-content\/uploads\/2023\/10\/Otta_Skifer_staende_lys_RGB.svg","width":566,"height":336,"caption":"Otta Skifer AS"},"image":{"@id":"https:\/\/ottaskifer.no\/sv\/#\/schema\/logo\/image\/"},"sameAs":["https:\/\/www.facebook.com\/profile.php?id=61556584597085"]}]}},"_links":{"self":[{"href":"https:\/\/ottaskifer.no\/sv\/wp-json\/wp\/v2\/pages\/23944989","targetHints":{"allow":["GET"]}}],"collection":[{"href":"https:\/\/ottaskifer.no\/sv\/wp-json\/wp\/v2\/pages"}],"about":[{"href":"https:\/\/ottaskifer.no\/sv\/wp-json\/wp\/v2\/types\/page"}],"author":[{"embeddable":true,"href":"https:\/\/ottaskifer.no\/sv\/wp-json\/wp\/v2\/users\/4"}],"replies":[{"embeddable":true,"href":"https:\/\/ottaskifer.no\/sv\/wp-json\/wp\/v2\/comments?post=23944989"}],"version-history":[{"count":0,"href":"https:\/\/ottaskifer.no\/sv\/wp-json\/wp\/v2\/pages\/23944989\/revisions"}],"wp:attachment":[{"href":"https:\/\/ottaskifer.no\/sv\/wp-json\/wp\/v2\/media?parent=23944989"}],"wp:term":[{"taxonomy":"dipi_cpt_category","embeddable":true,"href":"https:\/\/ottaskifer.no\/sv\/wp-json\/wp\/v2\/dipi_cpt_category?post=23944989"}],"curies":[{"name":"wp","href":"https:\/\/api.w.org\/{rel}","templated":true}]}}