{"id":23945068,"date":"2024-04-05T08:51:25","date_gmt":"2024-04-05T07:51:25","guid":{"rendered":"https:\/\/ottaskifer.no\/eagle-nest-eco-lodge\/"},"modified":"2024-10-23T14:28:40","modified_gmt":"2024-10-23T13:28:40","slug":"eagle-nest-eco-lodge","status":"publish","type":"page","link":"https:\/\/ottaskifer.no\/sv\/eagle-nest-eco-lodge\/","title":{"rendered":"Eagle Nest Eco Lodge"},"content":{"rendered":"<p>[et_pb_section fb_built=&#8221;1&#8243; _builder_version=&#8221;4.23.4&#8243; _module_preset=&#8221;default&#8221; background_color=&#8221;#D0D3B5&#8243; custom_margin=&#8221;-13vh||||false|false&#8221; custom_padding=&#8221;13vh||10vh||false|false&#8221; locked=&#8221;off&#8221; global_colors_info=&#8221;{}&#8221;][et_pb_row custom_padding_last_edited=&#8221;on|tablet&#8221; _builder_version=&#8221;4.23.1&#8243; _module_preset=&#8221;default&#8221; custom_padding=&#8221;5%||3%||false|false&#8221; custom_padding_tablet=&#8221;8%||8%||true|false&#8221; custom_padding_phone=&#8221;8%||8%||true|false&#8221; global_colors_info=&#8221;{}&#8221;][et_pb_column type=&#8221;4_4&#8243; _builder_version=&#8221;4.23&#8243; _module_preset=&#8221;default&#8221; global_colors_info=&#8221;{}&#8221;][et_pb_text _builder_version=&#8221;4.24.3&#8243; _module_preset=&#8221;default&#8221; header_text_align=&#8221;center&#8221; header_text_color=&#8221;#003A42&#8243; header_font_size=&#8221;4em&#8221; header_line_height=&#8221;1.3em&#8221; header_2_text_color=&#8221;#003A42&#8243; header_2_font_size=&#8221;4em&#8221; header_2_line_height=&#8221;1.3em&#8221; header_font_size_tablet=&#8221;3em&#8221; header_font_size_phone=&#8221;2.7em&#8221; header_font_size_last_edited=&#8221;on|phone&#8221; header_2_font_size_tablet=&#8221;3em&#8221; header_2_font_size_phone=&#8221;2.7em&#8221; header_2_font_size_last_edited=&#8221;on|desktop&#8221; global_colors_info=&#8221;{}&#8221;]<\/p>\n<h1 class=\"p1\">Eagle Nest Eco Lodge<\/h1>\n<p>[\/et_pb_text][\/et_pb_column][\/et_pb_row][et_pb_row column_structure=&#8221;1_2,1_2&#8243; custom_padding_last_edited=&#8221;on|tablet&#8221; _builder_version=&#8221;4.23.1&#8243; _module_preset=&#8221;default&#8221; custom_padding=&#8221;5%||3%||false|false&#8221; custom_padding_tablet=&#8221;8%||8%||true|false&#8221; custom_padding_phone=&#8221;8%||8%||true|false&#8221; global_colors_info=&#8221;{}&#8221;][et_pb_column type=&#8221;1_2&#8243; _builder_version=&#8221;4.23&#8243; _module_preset=&#8221;default&#8221; global_colors_info=&#8221;{}&#8221;][et_pb_text _builder_version=&#8221;4.24.0&#8243; _module_preset=&#8221;default&#8221; header_3_text_color=&#8221;#003A42&#8243; header_3_font_size=&#8221;1.8em&#8221; header_4_text_color=&#8221;#003A42&#8243; header_4_font_size=&#8221;1.6em&#8221; custom_margin=&#8221;||0px||false|false&#8221; custom_padding=&#8221;7%||0px||false|false&#8221; header_4_font_size_last_edited=&#8221;off|desktop&#8221; global_colors_info=&#8221;{}&#8221;]<\/p>\n<h3 class=\"p1\">Skifferfasad och interi\u00f6r<\/h3>\n<p>[\/et_pb_text][et_pb_text _builder_version=&#8221;4.24.3&#8243; _module_preset=&#8221;default&#8221; text_font=&#8221;Centra No2 Light||||||||&#8221; text_text_color=&#8221;#000000&#8243; text_font_size=&#8221;1.1em&#8221; text_line_height=&#8221;1.5em&#8221; global_colors_info=&#8221;{}&#8221;]<\/p>\n<p>Eagle Nest Eco Lodge vid Otta i Gudbrandsdalen \u00e4r ett spektakul\u00e4rt boende, bel\u00e4get h\u00f6gt bland Jotunheimen, Rondane och Dovres fj\u00e4ll. Den sv\u00e4vande hotellsuiten p\u00e5 901 meters h\u00f6jd erbjuder en fantastisk utsikt \u00f6ver h\u00f6gfj\u00e4ll, f\u00e4bodar, \u00e4lvar och en o\u00e4ndlig himmel. Lodgen \u00e4r skapad av tv\u00e5 lokala sj\u00e4lar med stor noggrannhet och erbjuder nyskapande arkitektur, delikat interi\u00f6r och lyx som matchar den omgivande fj\u00e4llv\u00e4rlden.  <\/p>\n<p>Byggd p\u00e5 Gudbrandsdalens rika hantverks- och kulturtraditioner, best\u00e5r lodgen huvudsakligen av material h\u00e4mtade fr\u00e5n naturen. <\/p>\n<p>Ordet \u201cn\u00e4rproducerat\u201d \u00e4r s\u00e4llan mer passande \u00e4n h\u00e4r, med Pillarguribrottet bara ett stenkast bort. Ottaskiffer anv\u00e4ndes d\u00e4rf\u00f6r b\u00e5de p\u00e5 fasaden och i interi\u00f6ren. Fasadens kvadratiska skifferplattor har klippta kanter och finns i b\u00e5de svart och rost, vilket g\u00f6r att fasaden glittrar i solen. Lodgen, som \u00e4r utsatt f\u00f6r v\u00e4der och vind, har en skifferfasad som s\u00e4kerst\u00e4ller en underh\u00e5llsfri och robust byggnad.    <\/p>\n<p>F\u00f6rutom fasaden har Ottaskiffer anv\u00e4nts i interi\u00f6ren, b\u00e5de i badrummet och i k\u00f6ket.<\/p>\n<p><span>\u201cPillarguribrottet, som ligger ett stenkast fr\u00e5n lodgen d\u00e4r Otta Skiffer h\u00e4mtar sin sten, var ett naturligt val f\u00f6r utsmyckning av lodgen. Du hittar skiffersten b\u00e5de i interi\u00f6r och exteri\u00f6r, vilket ger b\u00e5de en lyxig och robust k\u00e4nsla,\u201d s\u00e4ger Ingrid Tho fr\u00e5n Eagle Nest Eco Lodge<\/span> <\/p>\n<p>[\/et_pb_text][\/et_pb_column][et_pb_column type=&#8221;1_2&#8243; _builder_version=&#8221;4.23&#8243; _module_preset=&#8221;default&#8221; global_colors_info=&#8221;{}&#8221;][et_pb_text _builder_version=&#8221;4.24.3&#8243; _module_preset=&#8221;default&#8221; text_font=&#8221;Centra No2 Light||||||||&#8221; text_text_color=&#8221;#FFFFFF&#8221; text_font_size=&#8221;1.1em&#8221; text_line_height=&#8221;1.5em&#8221; background_color=&#8221;#9C9666&#8243; custom_margin=&#8221;39px||||false|false&#8221; custom_padding=&#8221;18px||18px|48px|false|false&#8221; hover_enabled=&#8221;0&#8243; global_colors_info=&#8221;{}&#8221; sticky_enabled=&#8221;0&#8243;]<\/p>\n<ul>\n<li>Plats: Otta, Gudbrandsdalen<\/li>\n<li>Bygg\u00e5r: 2021<\/li>\n<li>Byggherre: Ingrid och Geir Lyftingsmo Tho<\/li>\n<li>Arkitekt: Ingrid och Geir Lyftingsmo Tho<\/li>\n<li>Sten leverant\u00f6r: Otta Skifer AS<\/li>\n<\/ul>\n<p>[\/et_pb_text][\/et_pb_column][\/et_pb_row][et_pb_row column_structure=&#8221;2_3,1_3&#8243; use_custom_gutter=&#8221;on&#8221; gutter_width=&#8221;2&#8243; _builder_version=&#8221;4.23.4&#8243; _module_preset=&#8221;default&#8221; global_colors_info=&#8221;{}&#8221;][et_pb_column type=&#8221;2_3&#8243; _builder_version=&#8221;4.23.4&#8243; _module_preset=&#8221;default&#8221; global_colors_info=&#8221;{}&#8221;][et_pb_image src=&#8221;https:\/\/ottaskifer.no\/wp-content\/uploads\/2024\/04\/Fasade-Eagle-Nest-overblikk_web-scaled.jpg&#8221; alt=&#8221;Eagle Nest Eco Lodge | Otta Skifer&#8221; title_text=&#8221;Eagle Nest Eco Lodge | Otta Skifer&#8221; _builder_version=&#8221;4.24.3&#8243; _module_preset=&#8221;default&#8221; global_colors_info=&#8221;{}&#8221;][\/et_pb_image][\/et_pb_column][et_pb_column type=&#8221;1_3&#8243; _builder_version=&#8221;4.23.4&#8243; _module_preset=&#8221;default&#8221; global_colors_info=&#8221;{}&#8221;][et_pb_image src=&#8221;https:\/\/ottaskifer.no\/wp-content\/uploads\/2024\/04\/Fasade-Eagle-Nest_web-crop.jpg&#8221; alt=&#8221;Ottaskifer | Fasade | Eagle Nest Eco Lodge | Otta Skifer&#8221; title_text=&#8221;Ottaskifer | Fasade | Eagle Nest Eco Lodge | Otta Skifer&#8221; _builder_version=&#8221;4.24.3&#8243; _module_preset=&#8221;default&#8221; width=&#8221;80%&#8221; width_tablet=&#8221;100%&#8221; width_phone=&#8221;100%&#8221; width_last_edited=&#8221;on|tablet&#8221; global_colors_info=&#8221;{}&#8221;][\/et_pb_image][\/et_pb_column][\/et_pb_row][\/et_pb_section][et_pb_section fb_built=&#8221;1&#8243; _builder_version=&#8221;4.23.4&#8243; _module_preset=&#8221;default&#8221; background_color=&#8221;rgba(0,58,66,0.1)&#8221; custom_padding=&#8221;10vh||10vh||true|false&#8221; global_colors_info=&#8221;{}&#8221;][et_pb_row column_structure=&#8221;1_4,3_4&#8243; _builder_version=&#8221;4.23.4&#8243; _module_preset=&#8221;default&#8221; global_colors_info=&#8221;{}&#8221;][et_pb_column type=&#8221;1_4&#8243; _builder_version=&#8221;4.23.4&#8243; _module_preset=&#8221;default&#8221; global_colors_info=&#8221;{}&#8221;][et_pb_image src=&#8221;https:\/\/ottaskifer.no\/wp-content\/uploads\/2024\/04\/Fasade_naturoverflate_web.jpg&#8221; alt=&#8221;Ottaskifer | Fasade | Eagle Nest Eco Lodge | Otta Skifer&#8221; title_text=&#8221;Ottaskifer | Fasade | Eagle Nest Eco Lodge | Otta Skifer&#8221; _builder_version=&#8221;4.24.3&#8243; _module_preset=&#8221;default&#8221; global_colors_info=&#8221;{}&#8221;][\/et_pb_image][\/et_pb_column][et_pb_column type=&#8221;3_4&#8243; _builder_version=&#8221;4.23.4&#8243; _module_preset=&#8221;default&#8221; global_colors_info=&#8221;{}&#8221;][et_pb_image src=&#8221;https:\/\/ottaskifer.no\/wp-content\/uploads\/2024\/04\/Fasade-Eagle-Nest-1_web-scaled.jpg&#8221; alt=&#8221;Ottaskifer | Fasade | Eagle Nest Eco Lodge | Otta Skifer&#8221; title_text=&#8221;Ottaskifer | Fasade | Eagle Nest Eco Lodge | Otta Skifer&#8221; _builder_version=&#8221;4.24.3&#8243; _module_preset=&#8221;default&#8221; global_colors_info=&#8221;{}&#8221;][\/et_pb_image][\/et_pb_column][\/et_pb_row][\/et_pb_section][et_pb_section fb_built=&#8221;1&#8243; _builder_version=&#8221;4.23.4&#8243; _module_preset=&#8221;default&#8221; background_color=&#8221;rgba(107,176,177,0.2)&#8221; custom_padding=&#8221;10vh||15vh||false|false&#8221; global_colors_info=&#8221;{}&#8221;][et_pb_row column_structure=&#8221;1_3,2_3&#8243; use_custom_gutter=&#8221;on&#8221; gutter_width=&#8221;2&#8243; make_equal=&#8221;on&#8221; _builder_version=&#8221;4.23.4&#8243; _module_preset=&#8221;default&#8221; global_colors_info=&#8221;{}&#8221;][et_pb_column type=&#8221;1_3&#8243; _builder_version=&#8221;4.23.4&#8243; _module_preset=&#8221;default&#8221; custom_css_main_element=&#8221;margin: auto auto 0;&#8221; global_colors_info=&#8221;{}&#8221;][et_pb_image src=&#8221;https:\/\/ottaskifer.no\/wp-content\/uploads\/2024\/04\/Interior_dussjone-baderom_web-scaled.jpg&#8221; alt=&#8221;Ottaskifer | Dusjsone | Eagle Nest Eco Lodge | Otta Skifer&#8221; title_text=&#8221;Ottaskifer | Dusjsone | Eagle Nest Eco Lodge | Otta Skifer&#8221; _builder_version=&#8221;4.24.3&#8243; _module_preset=&#8221;default&#8221; width=&#8221;70%&#8221; width_tablet=&#8221;100%&#8221; width_phone=&#8221;100%&#8221; width_last_edited=&#8221;on|tablet&#8221; global_colors_info=&#8221;{}&#8221;][\/et_pb_image][\/et_pb_column][et_pb_column type=&#8221;2_3&#8243; _builder_version=&#8221;4.23.4&#8243; _module_preset=&#8221;default&#8221; global_colors_info=&#8221;{}&#8221;][et_pb_image src=&#8221;https:\/\/ottaskifer.no\/wp-content\/uploads\/2024\/04\/Interior_rust_web.jpg&#8221; alt=&#8221;Ottaskifer | Spisebord rust | Eagle Nest Eco Lodge | Otta Skifer&#8221; title_text=&#8221;Ottaskifer | Spisebord rust | Eagle Nest Eco Lodge | Otta Skifer&#8221; _builder_version=&#8221;4.24.3&#8243; _module_preset=&#8221;default&#8221; global_colors_info=&#8221;{}&#8221;][\/et_pb_image][\/et_pb_column][\/et_pb_row][\/et_pb_section]<\/p>\n","protected":false},"excerpt":{"rendered":"<p>Eagle Nest Eco LodgeSkifferfasad och interi\u00f6rEagle Nest Eco Lodge vid Otta i Gudbrandsdalen \u00e4r ett spektakul\u00e4rt boende, bel\u00e4get h\u00f6gt bland Jotunheimen, Rondane och Dovres fj\u00e4ll. Den sv\u00e4vande hotellsuiten p\u00e5 901 meters h\u00f6jd erbjuder en fantastisk utsikt \u00f6ver h\u00f6gfj\u00e4ll, f\u00e4bodar, \u00e4lvar och en o\u00e4ndlig himmel. Lodgen \u00e4r skapad av tv\u00e5 lokala sj\u00e4lar med stor noggrannhet och [&hellip;]<\/p>\n","protected":false},"author":5,"featured_media":0,"parent":0,"menu_order":0,"comment_status":"closed","ping_status":"closed","template":"","meta":{"_et_pb_use_builder":"on","_et_pb_old_content":"","_et_gb_content_width":"","footnotes":""},"dipi_cpt_category":[],"class_list":["post-23945068","page","type-page","status-publish","hentry"],"yoast_head":"<!-- This site is optimized with the Yoast SEO plugin v27.4 - https:\/\/yoast.com\/product\/yoast-seo-wordpress\/ -->\n<title>Eagle Nest Eco Lodge - Otta Skifer AS<\/title>\n<meta name=\"robots\" content=\"index, follow, max-snippet:-1, max-image-preview:large, max-video-preview:-1\" \/>\n<link rel=\"canonical\" href=\"https:\/\/ottaskifer.no\/sv\/eagle-nest-eco-lodge\/\" \/>\n<meta property=\"og:locale\" content=\"sv_SE\" \/>\n<meta property=\"og:type\" content=\"article\" \/>\n<meta property=\"og:title\" content=\"Eagle Nest Eco Lodge - Otta Skifer AS\" \/>\n<meta property=\"og:description\" content=\"Eagle Nest Eco LodgeSkifferfasad och interi\u00f6rEagle Nest Eco Lodge vid Otta i Gudbrandsdalen \u00e4r ett spektakul\u00e4rt boende, bel\u00e4get h\u00f6gt bland Jotunheimen, Rondane och Dovres fj\u00e4ll. Den sv\u00e4vande hotellsuiten p\u00e5 901 meters h\u00f6jd erbjuder en fantastisk utsikt \u00f6ver h\u00f6gfj\u00e4ll, f\u00e4bodar, \u00e4lvar och en o\u00e4ndlig himmel. Lodgen \u00e4r skapad av tv\u00e5 lokala sj\u00e4lar med stor noggrannhet och [&hellip;]\" \/>\n<meta property=\"og:url\" content=\"https:\/\/ottaskifer.no\/sv\/eagle-nest-eco-lodge\/\" \/>\n<meta property=\"og:site_name\" content=\"Otta Skifer AS\" \/>\n<meta property=\"article:publisher\" content=\"https:\/\/www.facebook.com\/profile.php?id=61556584597085\" \/>\n<meta property=\"article:modified_time\" content=\"2024-10-23T13:28:40+00:00\" \/>\n<meta name=\"twitter:card\" content=\"summary_large_image\" \/>\n<meta name=\"twitter:label1\" content=\"Ber\u00e4knad l\u00e4stid\" \/>\n\t<meta name=\"twitter:data1\" content=\"6 minuter\" \/>\n<script type=\"application\/ld+json\" class=\"yoast-schema-graph\">{\"@context\":\"https:\\\/\\\/schema.org\",\"@graph\":[{\"@type\":\"WebPage\",\"@id\":\"https:\\\/\\\/ottaskifer.no\\\/sv\\\/eagle-nest-eco-lodge\\\/\",\"url\":\"https:\\\/\\\/ottaskifer.no\\\/sv\\\/eagle-nest-eco-lodge\\\/\",\"name\":\"Eagle Nest Eco Lodge - Otta Skifer AS\",\"isPartOf\":{\"@id\":\"https:\\\/\\\/ottaskifer.no\\\/sv\\\/#website\"},\"datePublished\":\"2024-04-05T07:51:25+00:00\",\"dateModified\":\"2024-10-23T13:28:40+00:00\",\"breadcrumb\":{\"@id\":\"https:\\\/\\\/ottaskifer.no\\\/sv\\\/eagle-nest-eco-lodge\\\/#breadcrumb\"},\"inLanguage\":\"sv-SE\",\"potentialAction\":[{\"@type\":\"ReadAction\",\"target\":[\"https:\\\/\\\/ottaskifer.no\\\/sv\\\/eagle-nest-eco-lodge\\\/\"]}]},{\"@type\":\"BreadcrumbList\",\"@id\":\"https:\\\/\\\/ottaskifer.no\\\/sv\\\/eagle-nest-eco-lodge\\\/#breadcrumb\",\"itemListElement\":[{\"@type\":\"ListItem\",\"position\":1,\"name\":\"Hjem\",\"item\":\"https:\\\/\\\/ottaskifer.no\\\/sv\\\/forside\\\/\"},{\"@type\":\"ListItem\",\"position\":2,\"name\":\"Eagle Nest Eco Lodge\"}]},{\"@type\":\"WebSite\",\"@id\":\"https:\\\/\\\/ottaskifer.no\\\/sv\\\/#website\",\"url\":\"https:\\\/\\\/ottaskifer.no\\\/sv\\\/\",\"name\":\"Otta Skifer\",\"description\":\"Stein som b\u00e6rer over generasjoner\",\"publisher\":{\"@id\":\"https:\\\/\\\/ottaskifer.no\\\/sv\\\/#organization\"},\"potentialAction\":[{\"@type\":\"SearchAction\",\"target\":{\"@type\":\"EntryPoint\",\"urlTemplate\":\"https:\\\/\\\/ottaskifer.no\\\/sv\\\/?s={search_term_string}\"},\"query-input\":{\"@type\":\"PropertyValueSpecification\",\"valueRequired\":true,\"valueName\":\"search_term_string\"}}],\"inLanguage\":\"sv-SE\"},{\"@type\":\"Organization\",\"@id\":\"https:\\\/\\\/ottaskifer.no\\\/sv\\\/#organization\",\"name\":\"Otta Skifer AS\",\"url\":\"https:\\\/\\\/ottaskifer.no\\\/sv\\\/\",\"logo\":{\"@type\":\"ImageObject\",\"inLanguage\":\"sv-SE\",\"@id\":\"https:\\\/\\\/ottaskifer.no\\\/sv\\\/#\\\/schema\\\/logo\\\/image\\\/\",\"url\":\"https:\\\/\\\/ottaskifer.no\\\/wp-content\\\/uploads\\\/2023\\\/10\\\/Otta_Skifer_staende_lys_RGB.svg\",\"contentUrl\":\"https:\\\/\\\/ottaskifer.no\\\/wp-content\\\/uploads\\\/2023\\\/10\\\/Otta_Skifer_staende_lys_RGB.svg\",\"width\":566,\"height\":336,\"caption\":\"Otta Skifer AS\"},\"image\":{\"@id\":\"https:\\\/\\\/ottaskifer.no\\\/sv\\\/#\\\/schema\\\/logo\\\/image\\\/\"},\"sameAs\":[\"https:\\\/\\\/www.facebook.com\\\/profile.php?id=61556584597085\"]}]}<\/script>\n<!-- \/ Yoast SEO plugin. -->","yoast_head_json":{"title":"Eagle Nest Eco Lodge - Otta Skifer AS","robots":{"index":"index","follow":"follow","max-snippet":"max-snippet:-1","max-image-preview":"max-image-preview:large","max-video-preview":"max-video-preview:-1"},"canonical":"https:\/\/ottaskifer.no\/sv\/eagle-nest-eco-lodge\/","og_locale":"sv_SE","og_type":"article","og_title":"Eagle Nest Eco Lodge - Otta Skifer AS","og_description":"Eagle Nest Eco LodgeSkifferfasad och interi\u00f6rEagle Nest Eco Lodge vid Otta i Gudbrandsdalen \u00e4r ett spektakul\u00e4rt boende, bel\u00e4get h\u00f6gt bland Jotunheimen, Rondane och Dovres fj\u00e4ll. Den sv\u00e4vande hotellsuiten p\u00e5 901 meters h\u00f6jd erbjuder en fantastisk utsikt \u00f6ver h\u00f6gfj\u00e4ll, f\u00e4bodar, \u00e4lvar och en o\u00e4ndlig himmel. Lodgen \u00e4r skapad av tv\u00e5 lokala sj\u00e4lar med stor noggrannhet och [&hellip;]","og_url":"https:\/\/ottaskifer.no\/sv\/eagle-nest-eco-lodge\/","og_site_name":"Otta Skifer AS","article_publisher":"https:\/\/www.facebook.com\/profile.php?id=61556584597085","article_modified_time":"2024-10-23T13:28:40+00:00","twitter_card":"summary_large_image","twitter_misc":{"Ber\u00e4knad l\u00e4stid":"6 minuter"},"schema":{"@context":"https:\/\/schema.org","@graph":[{"@type":"WebPage","@id":"https:\/\/ottaskifer.no\/sv\/eagle-nest-eco-lodge\/","url":"https:\/\/ottaskifer.no\/sv\/eagle-nest-eco-lodge\/","name":"Eagle Nest Eco Lodge - Otta Skifer AS","isPartOf":{"@id":"https:\/\/ottaskifer.no\/sv\/#website"},"datePublished":"2024-04-05T07:51:25+00:00","dateModified":"2024-10-23T13:28:40+00:00","breadcrumb":{"@id":"https:\/\/ottaskifer.no\/sv\/eagle-nest-eco-lodge\/#breadcrumb"},"inLanguage":"sv-SE","potentialAction":[{"@type":"ReadAction","target":["https:\/\/ottaskifer.no\/sv\/eagle-nest-eco-lodge\/"]}]},{"@type":"BreadcrumbList","@id":"https:\/\/ottaskifer.no\/sv\/eagle-nest-eco-lodge\/#breadcrumb","itemListElement":[{"@type":"ListItem","position":1,"name":"Hjem","item":"https:\/\/ottaskifer.no\/sv\/forside\/"},{"@type":"ListItem","position":2,"name":"Eagle Nest Eco Lodge"}]},{"@type":"WebSite","@id":"https:\/\/ottaskifer.no\/sv\/#website","url":"https:\/\/ottaskifer.no\/sv\/","name":"Otta Skifer","description":"Stein som b\u00e6rer over generasjoner","publisher":{"@id":"https:\/\/ottaskifer.no\/sv\/#organization"},"potentialAction":[{"@type":"SearchAction","target":{"@type":"EntryPoint","urlTemplate":"https:\/\/ottaskifer.no\/sv\/?s={search_term_string}"},"query-input":{"@type":"PropertyValueSpecification","valueRequired":true,"valueName":"search_term_string"}}],"inLanguage":"sv-SE"},{"@type":"Organization","@id":"https:\/\/ottaskifer.no\/sv\/#organization","name":"Otta Skifer AS","url":"https:\/\/ottaskifer.no\/sv\/","logo":{"@type":"ImageObject","inLanguage":"sv-SE","@id":"https:\/\/ottaskifer.no\/sv\/#\/schema\/logo\/image\/","url":"https:\/\/ottaskifer.no\/wp-content\/uploads\/2023\/10\/Otta_Skifer_staende_lys_RGB.svg","contentUrl":"https:\/\/ottaskifer.no\/wp-content\/uploads\/2023\/10\/Otta_Skifer_staende_lys_RGB.svg","width":566,"height":336,"caption":"Otta Skifer AS"},"image":{"@id":"https:\/\/ottaskifer.no\/sv\/#\/schema\/logo\/image\/"},"sameAs":["https:\/\/www.facebook.com\/profile.php?id=61556584597085"]}]}},"_links":{"self":[{"href":"https:\/\/ottaskifer.no\/sv\/wp-json\/wp\/v2\/pages\/23945068","targetHints":{"allow":["GET"]}}],"collection":[{"href":"https:\/\/ottaskifer.no\/sv\/wp-json\/wp\/v2\/pages"}],"about":[{"href":"https:\/\/ottaskifer.no\/sv\/wp-json\/wp\/v2\/types\/page"}],"author":[{"embeddable":true,"href":"https:\/\/ottaskifer.no\/sv\/wp-json\/wp\/v2\/users\/5"}],"replies":[{"embeddable":true,"href":"https:\/\/ottaskifer.no\/sv\/wp-json\/wp\/v2\/comments?post=23945068"}],"version-history":[{"count":0,"href":"https:\/\/ottaskifer.no\/sv\/wp-json\/wp\/v2\/pages\/23945068\/revisions"}],"wp:attachment":[{"href":"https:\/\/ottaskifer.no\/sv\/wp-json\/wp\/v2\/media?parent=23945068"}],"wp:term":[{"taxonomy":"dipi_cpt_category","embeddable":true,"href":"https:\/\/ottaskifer.no\/sv\/wp-json\/wp\/v2\/dipi_cpt_category?post=23945068"}],"curies":[{"name":"wp","href":"https:\/\/api.w.org\/{rel}","templated":true}]}}