{"id":23945284,"date":"2025-11-18T13:51:19","date_gmt":"2025-11-18T12:51:19","guid":{"rendered":"https:\/\/ottaskifer.no\/vikingatidens-museum\/"},"modified":"2025-11-18T14:23:46","modified_gmt":"2025-11-18T13:23:46","slug":"vikingatidens-museum","status":"publish","type":"page","link":"https:\/\/ottaskifer.no\/sv\/vikingatidens-museum\/","title":{"rendered":"Vikingtidsmuseet"},"content":{"rendered":"<p>[et_pb_section fb_built=&#8221;1&#8243; _builder_version=&#8221;4.23.4&#8243; _module_preset=&#8221;default&#8221; background_color=&#8221;#D0D3B5&#8243; custom_margin=&#8221;-13vh||||false|false&#8221; custom_padding=&#8221;13vh||10vh||false|false&#8221; locked=&#8221;off&#8221; global_colors_info=&#8221;{}&#8221; theme_builder_area=&#8221;post_content&#8221;][et_pb_row custom_padding_last_edited=&#8221;on|tablet&#8221; _builder_version=&#8221;4.23.1&#8243; _module_preset=&#8221;default&#8221; custom_padding=&#8221;5%||3%||false|false&#8221; custom_padding_tablet=&#8221;8%||8%||true|false&#8221; custom_padding_phone=&#8221;8%||8%||true|false&#8221; global_colors_info=&#8221;{}&#8221; theme_builder_area=&#8221;post_content&#8221;][et_pb_column type=&#8221;4_4&#8243; _builder_version=&#8221;4.23&#8243; _module_preset=&#8221;default&#8221; global_colors_info=&#8221;{}&#8221; theme_builder_area=&#8221;post_content&#8221;][et_pb_text _builder_version=&#8221;4.23.4&#8243; _module_preset=&#8221;default&#8221; header_text_align=&#8221;center&#8221; header_text_color=&#8221;#003A42&#8243; header_font_size=&#8221;4em&#8221; header_line_height=&#8221;1.3em&#8221; header_2_text_color=&#8221;#003A42&#8243; header_2_font_size=&#8221;4em&#8221; header_2_line_height=&#8221;1.3em&#8221; header_font_size_tablet=&#8221;3em&#8221; header_font_size_phone=&#8221;2.7em&#8221; header_font_size_last_edited=&#8221;on|phone&#8221; header_2_font_size_tablet=&#8221;3em&#8221; header_2_font_size_phone=&#8221;2.7em&#8221; header_2_font_size_last_edited=&#8221;on|desktop&#8221; global_colors_info=&#8221;{}&#8221; theme_builder_area=&#8221;post_content&#8221;]<\/p>\n<h1 class=\"p1\">Vikingtidsmuseet p\u00e5 Bygd\u00f8y<\/h1>\n<p>[\/et_pb_text][\/et_pb_column][\/et_pb_row][et_pb_row column_structure=&#8221;1_2,1_2&#8243; custom_padding_last_edited=&#8221;on|tablet&#8221; _builder_version=&#8221;4.23.1&#8243; _module_preset=&#8221;default&#8221; custom_padding=&#8221;5%||3%||false|false&#8221; custom_padding_tablet=&#8221;8%||8%||true|false&#8221; custom_padding_phone=&#8221;8%||8%||true|false&#8221; global_colors_info=&#8221;{}&#8221; theme_builder_area=&#8221;post_content&#8221;][et_pb_column type=&#8221;1_2&#8243; _builder_version=&#8221;4.23&#8243; _module_preset=&#8221;default&#8221; global_colors_info=&#8221;{}&#8221; theme_builder_area=&#8221;post_content&#8221;][et_pb_text _builder_version=&#8221;4.24.0&#8243; _module_preset=&#8221;default&#8221; header_3_text_color=&#8221;#003A42&#8243; header_3_font_size=&#8221;1.8em&#8221; header_4_text_color=&#8221;#003A42&#8243; header_4_font_size=&#8221;1.6em&#8221; custom_margin=&#8221;||0px||false|false&#8221; custom_padding=&#8221;7%||0px||false|false&#8221; header_4_font_size_last_edited=&#8221;off|desktop&#8221; global_colors_info=&#8221;{}&#8221; theme_builder_area=&#8221;post_content&#8221;]<\/p>\n<h3 class=\"p1\">Modern arkitektur m\u00f6ter urgammal r\u00e5vara<\/h3>\n<p>[\/et_pb_text][et_pb_text _builder_version=&#8221;4.27.4&#8243; _module_preset=&#8221;default&#8221; text_font=&#8221;Centra No2 Light||||||||&#8221; text_text_color=&#8221;#000000&#8243; text_font_size=&#8221;1.1em&#8221; text_line_height=&#8221;1.5em&#8221; custom_padding=&#8221;||0px|||&#8221; hover_enabled=&#8221;0&#8243; global_colors_info=&#8221;{}&#8221; theme_builder_area=&#8221;post_content&#8221; sticky_enabled=&#8221;0&#8243;]<\/p>\n<p>Taket p\u00e5 det nya Vikingtidsmuseet p\u00e5 Bygd\u00f8y \u00e4r t\u00e4ckt med Otta-skiffer. Det har varit ett otroligt sp\u00e4nnande projekt, inte minst eftersom taket \u00e4r kr\u00f6kt och dubbelkr\u00f6kt och nocken har en h\u00f6jdskillnad p\u00e5 2,5 meter. L\u00f6sningen blev d\u00e4rf\u00f6r att l\u00e4gga skifferplattorna med en stor \u00f6verlappning.  <\/p>\n<p>Ottaskifer anv\u00e4nds och 20 procent av all sten \u00e4r Ottaskiferrost. All skiffer utvinns fr\u00e5n Pillarguri stenbrottet h\u00e4r p\u00e5 Otta. Utvinningen sker \u00e5ret runt, fr\u00e5n de varmaste sommardagarna till minusgrader p\u00e5 30\u00b0C. Den f\u00f6rsta stenen levererades i oktober 2024 och i slutet av april 2025 hade alla stenar levererats. Museet kommer att vara klart f\u00f6r inflyttning 2026.    <\/p>\n<h3>Ett av v\u00e5ra st\u00f6rsta projekt<\/h3>\n<p>Samma dag som vi fick beskedet att uppdraget var v\u00e5rt var det stort firande i produktionshallen och stoltheten var p\u00e5taglig. En leverans av s\u00e5dana dimensioner kr\u00e4ver extrem kunskap, hantverkskunnande och precision, och hela v\u00e4rdekedjan f\u00f6r leveransen \u00e4r lokal. Som ett litet produktionsbolag i Gudbrandsdalen \u00e4r det riktigt h\u00e4ftigt att bli uppm\u00e4rksammad p\u00e5 nationell (och internationell) niv\u00e5! Det \u00e4r \u00e4nnu mer givande att inse att statliga kunder v\u00e4ljer lokala leverant\u00f6rer och \u00e4kta norska r\u00e5varor som kommer att h\u00e5lla i generationer.   <\/p>\n<p>Vi landade snabbt p\u00e5 f\u00f6tterna n\u00e4r vi ins\u00e5g den extrema komplexiteten i vad en s\u00e5dan leverans innebar: Det h\u00e4r \u00e4r ett stort och kr\u00e4vande projekt med en leverans av 54.706 skifferplattor p\u00e5 sex m\u00e5nader!<\/p>\n<p>Skifferstenarna tillverkades i 30 olika storlekar f\u00f6r b\u00e5de tak och fasader, och produktionen var d\u00e4rf\u00f6r intensiv p\u00e5 flera s\u00e4tt: sj\u00e4lva produktionen var komplicerad, f\u00f6rpackningen var komplicerad och logistiken \u00e4nnu mer komplicerad.<\/p>\n<h3>Solid leverans<\/h3>\n<p>Inte en enda sten levererades f\u00f6r sent och inte ett enda fel eller en enda defekt registrerades. Vi hanterade produktionen genom att endast k\u00f6ra effektiv dagtid och undvek d\u00e4rf\u00f6r 24-timmarsskift. <\/p>\n<p>Dessutom \u00e4r all skiffer handspikad, med s\u00e5 m\u00e5nga som 110.000 h\u00e5l stansade p\u00e5 byggarbetsplatsen! Det h\u00e4r taket \u00e4r verkligen ett bevis p\u00e5 att gamla byggnadstekniker g\u00e5r hand i hand med modern arkitektur. <\/p>\n<h3>Avancerad montering<\/h3>\n<p>Arkitekterna hade best\u00e4mt att skiffern inte skulle ha ett fast m\u00f6nster, vilket innebar att det var n\u00e5got mer komplicerat att l\u00e4gga skiffern eftersom man var tvungen att se till att det inte uppstod n\u00e5gra m\u00f6nster p\u00e5 v\u00e4gen. De skickliga yrkesverksamma fr\u00e5n Ellinggard utm\u00e4rkte sig verkligen f\u00f6r denna uppgift.<\/p>\n<h3>Naturlig f\u00f6rsk\u00f6ning och utveckling<\/h3>\n<p>F\u00f6re installationen testades skiffern f\u00f6r temperaturer ned till 20 minusgrader. Skiffer \u00e4r ett av naturens mest h\u00e5llbara material och \u00e4r idealiskt f\u00f6r tuffa v\u00e4derf\u00f6rh\u00e5llanden. <\/p>\n<p>Det spektakul\u00e4ra skiffertaket \u00e4r nu f\u00e4rdigt och kommer med \u00e5ren att f\u00e5 en fantastisk patina. Detta \u00e4r n\u00e5got att se fram emot att observera i framtiden! <\/p>\n<p>[\/et_pb_text][\/et_pb_column][et_pb_column type=&#8221;1_2&#8243; _builder_version=&#8221;4.23&#8243; _module_preset=&#8221;default&#8221; global_colors_info=&#8221;{}&#8221; theme_builder_area=&#8221;post_content&#8221;][et_pb_text _builder_version=&#8221;4.27.4&#8243; _module_preset=&#8221;default&#8221; text_font=&#8221;Centra No2 Light||||||||&#8221; text_text_color=&#8221;#FFFFFF&#8221; text_font_size=&#8221;1.1em&#8221; text_line_height=&#8221;1.5em&#8221; background_color=&#8221;#9C9666&#8243; custom_margin=&#8221;39px||||false|false&#8221; custom_padding=&#8221;18px||18px|48px|false|false&#8221; hover_enabled=&#8221;0&#8243; global_colors_info=&#8221;{}&#8221; theme_builder_area=&#8221;post_content&#8221; sticky_enabled=&#8221;0&#8243;]<\/p>\n<ul>\n<li>Plats: Bygd\u00f8y, Oslo<\/li>\n<li>\u00c5r f\u00f6r byggnation: 2024-2026<\/li>\n<li>Kund: AF Gruppen<\/li>\n<li>Arkitekt: AART Arkitekter<\/li>\n<li>Installation: Ellinggard<\/li>\n<\/ul>\n<p>[\/et_pb_text][et_pb_image src=&#8221;https:\/\/ottaskifer.no\/wp-content\/uploads\/2025\/11\/VikingT.jpg&#8221; _builder_version=&#8221;4.27.4&#8243; _module_preset=&#8221;default&#8221; theme_builder_area=&#8221;post_content&#8221; alt=&#8221;Ottaskifferfasad p\u00e5 Vikingtidsmuseet, Bygd\u00f8y, Oslo&#8221; title_text=&#8221;Ottaskifferfasad p\u00e5 Vikingtidsmuseet, Bygd\u00f8y, Oslo&#8221; hover_enabled=&#8221;0&#8243; sticky_enabled=&#8221;0&#8243;][\/et_pb_image][et_pb_image src=&#8221;https:\/\/ottaskifer.no\/wp-content\/uploads\/2025\/11\/Bilde-3-OS.png&#8221; _builder_version=&#8221;4.27.4&#8243; _module_preset=&#8221;default&#8221; theme_builder_area=&#8221;post_content&#8221; alt=&#8221;Takskiffer av Ottaskiffer p\u00e5 Vikingtidsmuseet, Bygd\u00f8y, Oslo.&#8221; title_text=&#8221;Takskiffer av Ottaskiffer p\u00e5 Vikingtidsmuseet, Bygd\u00f8y, Oslo.&#8221; hover_enabled=&#8221;0&#8243; sticky_enabled=&#8221;0&#8243;][\/et_pb_image][\/et_pb_column][\/et_pb_row][et_pb_row column_structure=&#8221;2_3,1_3&#8243; use_custom_gutter=&#8221;on&#8221; gutter_width=&#8221;2&#8243; _builder_version=&#8221;4.23.4&#8243; _module_preset=&#8221;default&#8221; global_colors_info=&#8221;{}&#8221; theme_builder_area=&#8221;post_content&#8221;][et_pb_column type=&#8221;2_3&#8243; _builder_version=&#8221;4.23.4&#8243; _module_preset=&#8221;default&#8221; global_colors_info=&#8221;{}&#8221; theme_builder_area=&#8221;post_content&#8221;][et_pb_image src=&#8221;https:\/\/ottaskifer.no\/wp-content\/uploads\/2025\/11\/Tak-VTM-31.10.2025-Foto-Marius-Lyso.png&#8221; alt=&#8221;Takskiffer i Otta-skiffer p\u00e5 Vikingtidsmuseet p\u00e5 Bygd\u00f8y i Oslo. Foto: Marius Lys\u00f8. &#8221; title_text=&#8221;Takskiffer i Otta-skiffer p\u00e5 Vikingtidsmuseet p\u00e5 Bygd\u00f8y i Oslo. Foto: Marius Lys\u00f8. &#8221; _builder_version=&#8221;4.27.4&#8243; _module_preset=&#8221;default&#8221; hover_enabled=&#8221;0&#8243; global_colors_info=&#8221;{}&#8221; theme_builder_area=&#8221;post_content&#8221; sticky_enabled=&#8221;0&#8243;][\/et_pb_image][\/et_pb_column][et_pb_column type=&#8221;1_3&#8243; _builder_version=&#8221;4.23.4&#8243; _module_preset=&#8221;default&#8221; global_colors_info=&#8221;{}&#8221; theme_builder_area=&#8221;post_content&#8221;][et_pb_image src=&#8221;https:\/\/ottaskifer.no\/wp-content\/uploads\/2025\/11\/Bilde-4-OS.png&#8221; title_text=&#8221;Takskiffer av Ottaskifer installeras p\u00e5 Vikingtidsmuseet, Bygd\u00f8y, Oslo.&#8221; _builder_version=&#8221;4.27.4&#8243; _module_preset=&#8221;default&#8221; width=&#8221;80%&#8221; width_tablet=&#8221;100%&#8221; width_phone=&#8221;100%&#8221; width_last_edited=&#8221;on|tablet&#8221; hover_enabled=&#8221;0&#8243; global_colors_info=&#8221;{}&#8221; theme_builder_area=&#8221;post_content&#8221; alt=&#8221;Takskiffer av Ottaskifer installeras p\u00e5 Vikingtidsmuseet, Bygd\u00f8y, Oslo.&#8221; sticky_enabled=&#8221;0&#8243;][\/et_pb_image][\/et_pb_column][\/et_pb_row][\/et_pb_section][et_pb_section fb_built=&#8221;1&#8243; _builder_version=&#8221;4.23.4&#8243; _module_preset=&#8221;default&#8221; background_color=&#8221;rgba(0,58,66,0.1)&#8221; custom_padding=&#8221;10vh||10vh||true|false&#8221; global_colors_info=&#8221;{}&#8221; theme_builder_area=&#8221;post_content&#8221;][et_pb_row _builder_version=&#8221;4.23.4&#8243; _module_preset=&#8221;default&#8221; global_colors_info=&#8221;{}&#8221; theme_builder_area=&#8221;post_content&#8221;][et_pb_column type=&#8221;4_4&#8243; _builder_version=&#8221;4.23.4&#8243; _module_preset=&#8221;default&#8221; global_colors_info=&#8221;{}&#8221; theme_builder_area=&#8221;post_content&#8221;][et_pb_image src=&#8221;https:\/\/ottaskifer.no\/wp-content\/uploads\/2025\/11\/Vikingtid.png&#8221; title_text=&#8221;Ottaskifferfasad p\u00e5 Vikingtidsmuseet, Bygd\u00f8y, Oslo&#8221; _builder_version=&#8221;4.27.4&#8243; _module_preset=&#8221;default&#8221; hover_enabled=&#8221;0&#8243; global_colors_info=&#8221;{}&#8221; theme_builder_area=&#8221;post_content&#8221; alt=&#8221;Ottaskifferfasad p\u00e5 Vikingtidsmuseet, Bygd\u00f8y, Oslo&#8221; sticky_enabled=&#8221;0&#8243;][\/et_pb_image][\/et_pb_column][\/et_pb_row][\/et_pb_section][et_pb_section fb_built=&#8221;1&#8243; _builder_version=&#8221;4.23.4&#8243; _module_preset=&#8221;default&#8221; background_color=&#8221;rgba(107,176,177,0.2)&#8221; custom_padding=&#8221;10vh||10vh||true|false&#8221; global_colors_info=&#8221;{}&#8221; theme_builder_area=&#8221;post_content&#8221;][et_pb_row column_structure=&#8221;1_3,1_3,1_3&#8243; use_custom_gutter=&#8221;on&#8221; gutter_width=&#8221;2&#8243; make_equal=&#8221;on&#8221; _builder_version=&#8221;4.23.4&#8243; _module_preset=&#8221;default&#8221; global_colors_info=&#8221;{}&#8221; theme_builder_area=&#8221;post_content&#8221;][et_pb_column type=&#8221;1_3&#8243; _builder_version=&#8221;4.23.4&#8243; _module_preset=&#8221;default&#8221; global_colors_info=&#8221;{}&#8221; theme_builder_area=&#8221;post_content&#8221;][et_pb_image src=&#8221;https:\/\/ottaskifer.no\/wp-content\/uploads\/2025\/11\/DJI_20250423114819_0009_D-scaled.jpg&#8221; title_text=&#8221;Ottaskifer \u00e4r installerad p\u00e5 Vikingtidsmuseet, Bygd\u00f8y, Oslo.&#8221; _builder_version=&#8221;4.27.4&#8243; _module_preset=&#8221;default&#8221; hover_enabled=&#8221;0&#8243; global_colors_info=&#8221;{}&#8221; theme_builder_area=&#8221;post_content&#8221; alt=&#8221;Ottaskifer \u00e4r installerad p\u00e5 Vikingtidsmuseet, Bygd\u00f8y, Oslo.&#8221; sticky_enabled=&#8221;0&#8243;][\/et_pb_image][\/et_pb_column][et_pb_column type=&#8221;1_3&#8243; _builder_version=&#8221;4.23.4&#8243; _module_preset=&#8221;default&#8221; global_colors_info=&#8221;{}&#8221; theme_builder_area=&#8221;post_content&#8221;][et_pb_image src=&#8221;https:\/\/ottaskifer.no\/wp-content\/uploads\/2025\/11\/Bilde-2-OS.png&#8221; title_text=&#8221;Takskiffer av Ottaskiffer p\u00e5 Vikingtidsmuseet, Bygd\u00f8y, Oslo.&#8221; _builder_version=&#8221;4.27.4&#8243; _module_preset=&#8221;default&#8221; hover_enabled=&#8221;0&#8243; global_colors_info=&#8221;{}&#8221; theme_builder_area=&#8221;post_content&#8221; alt=&#8221;Takskiffer av Ottaskiffer p\u00e5 Vikingtidsmuseet, Bygd\u00f8y, Oslo.&#8221; sticky_enabled=&#8221;0&#8243;][\/et_pb_image][\/et_pb_column][et_pb_column _builder_version=&#8221;4.27.4&#8243; _module_preset=&#8221;default&#8221; type=&#8221;1_3&#8243; theme_builder_area=&#8221;post_content&#8221;][et_pb_image src=&#8221;https:\/\/ottaskifer.no\/wp-content\/uploads\/2025\/11\/DJI_20250423114718_0004_D-scaled.jpg&#8221; title_text=&#8221;Ottaskifer \u00e4r installerad p\u00e5 Vikingtidsmuseet, Bygd\u00f8y, Oslo.&#8221; _builder_version=&#8221;4.27.4&#8243; _module_preset=&#8221;default&#8221; hover_enabled=&#8221;0&#8243; global_colors_info=&#8221;{}&#8221; theme_builder_area=&#8221;post_content&#8221; alt=&#8221;Ottaskifer \u00e4r installerad p\u00e5 Vikingtidsmuseet, Bygd\u00f8y, Oslo.&#8221; sticky_enabled=&#8221;0&#8243;][\/et_pb_image][\/et_pb_column][\/et_pb_row][\/et_pb_section][et_pb_section fb_built=&#8221;1&#8243; _builder_version=&#8221;4.23.4&#8243; _module_preset=&#8221;default&#8221; background_color=&#8221;rgba(0,58,66,0.1)&#8221; custom_padding=&#8221;10vh||10vh||true|false&#8221; global_colors_info=&#8221;{}&#8221; theme_builder_area=&#8221;post_content&#8221;][et_pb_row use_custom_gutter=&#8221;on&#8221; gutter_width=&#8221;2&#8243; make_equal=&#8221;on&#8221; _builder_version=&#8221;4.23.4&#8243; _module_preset=&#8221;default&#8221; global_colors_info=&#8221;{}&#8221; theme_builder_area=&#8221;post_content&#8221;][et_pb_column type=&#8221;4_4&#8243; _builder_version=&#8221;4.23.4&#8243; _module_preset=&#8221;default&#8221; custom_css_main_element=&#8221;margin: auto auto 0;&#8221; global_colors_info=&#8221;{}&#8221; theme_builder_area=&#8221;post_content&#8221;][et_pb_image src=&#8221;https:\/\/ottaskifer.no\/wp-content\/uploads\/2025\/11\/Bilde-1-OS.png&#8221; title_text=&#8221;Otta skiffer p\u00e5 Vikingtidsmuseet, Bygd\u00f8y, Oslo.&#8221; _builder_version=&#8221;4.27.4&#8243; _module_preset=&#8221;default&#8221; hover_enabled=&#8221;0&#8243; global_colors_info=&#8221;{}&#8221; theme_builder_area=&#8221;post_content&#8221; alt=&#8221;Otta skiffer p\u00e5 Vikingtidsmuseet, Bygd\u00f8y, Oslo.&#8221; sticky_enabled=&#8221;0&#8243;][\/et_pb_image][\/et_pb_column][\/et_pb_row][\/et_pb_section]<\/p>\n","protected":false},"excerpt":{"rendered":"<p>Vikingtidsmuseet p\u00e5 Bygd\u00f8yModern arkitektur m\u00f6ter urgammal r\u00e5varaTaket p\u00e5 det nya Vikingtidsmuseet p\u00e5 Bygd\u00f8y \u00e4r t\u00e4ckt med Otta-skiffer. Det har varit ett otroligt sp\u00e4nnande projekt, inte minst eftersom taket \u00e4r kr\u00f6kt och dubbelkr\u00f6kt och nocken har en h\u00f6jdskillnad p\u00e5 2,5 meter. L\u00f6sningen blev d\u00e4rf\u00f6r att l\u00e4gga skifferplattorna med en stor \u00f6verlappning. Ottaskifer anv\u00e4nds och 20 procent [&hellip;]<\/p>\n","protected":false},"author":5,"featured_media":0,"parent":0,"menu_order":0,"comment_status":"closed","ping_status":"closed","template":"","meta":{"_et_pb_use_builder":"on","_et_pb_old_content":"","_et_gb_content_width":"","footnotes":""},"dipi_cpt_category":[],"class_list":["post-23945284","page","type-page","status-publish","hentry"],"yoast_head":"<!-- This site is optimized with the Yoast SEO plugin v27.4 - https:\/\/yoast.com\/product\/yoast-seo-wordpress\/ -->\n<title>Vikingtidsmuseet - Otta Skifer AS<\/title>\n<meta name=\"robots\" content=\"index, follow, max-snippet:-1, max-image-preview:large, max-video-preview:-1\" \/>\n<link rel=\"canonical\" href=\"https:\/\/ottaskifer.no\/sv\/vikingatidens-museum\/\" \/>\n<meta property=\"og:locale\" content=\"sv_SE\" \/>\n<meta property=\"og:type\" content=\"article\" \/>\n<meta property=\"og:title\" content=\"Vikingtidsmuseet - Otta Skifer AS\" \/>\n<meta property=\"og:description\" content=\"Vikingtidsmuseet p\u00e5 Bygd\u00f8yModern arkitektur m\u00f6ter urgammal r\u00e5varaTaket p\u00e5 det nya Vikingtidsmuseet p\u00e5 Bygd\u00f8y \u00e4r t\u00e4ckt med Otta-skiffer. Det har varit ett otroligt sp\u00e4nnande projekt, inte minst eftersom taket \u00e4r kr\u00f6kt och dubbelkr\u00f6kt och nocken har en h\u00f6jdskillnad p\u00e5 2,5 meter. L\u00f6sningen blev d\u00e4rf\u00f6r att l\u00e4gga skifferplattorna med en stor \u00f6verlappning. Ottaskifer anv\u00e4nds och 20 procent [&hellip;]\" \/>\n<meta property=\"og:url\" content=\"https:\/\/ottaskifer.no\/sv\/vikingatidens-museum\/\" \/>\n<meta property=\"og:site_name\" content=\"Otta Skifer AS\" \/>\n<meta property=\"article:publisher\" content=\"https:\/\/www.facebook.com\/profile.php?id=61556584597085\" \/>\n<meta property=\"article:modified_time\" content=\"2025-11-18T13:23:46+00:00\" \/>\n<meta name=\"twitter:card\" content=\"summary_large_image\" \/>\n<meta name=\"twitter:label1\" content=\"Ber\u00e4knad l\u00e4stid\" \/>\n\t<meta name=\"twitter:data1\" content=\"9 minuter\" \/>\n<script type=\"application\/ld+json\" class=\"yoast-schema-graph\">{\"@context\":\"https:\\\/\\\/schema.org\",\"@graph\":[{\"@type\":\"WebPage\",\"@id\":\"https:\\\/\\\/ottaskifer.no\\\/sv\\\/vikingatidens-museum\\\/\",\"url\":\"https:\\\/\\\/ottaskifer.no\\\/sv\\\/vikingatidens-museum\\\/\",\"name\":\"Vikingtidsmuseet - Otta Skifer AS\",\"isPartOf\":{\"@id\":\"https:\\\/\\\/ottaskifer.no\\\/sv\\\/#website\"},\"datePublished\":\"2025-11-18T12:51:19+00:00\",\"dateModified\":\"2025-11-18T13:23:46+00:00\",\"breadcrumb\":{\"@id\":\"https:\\\/\\\/ottaskifer.no\\\/sv\\\/vikingatidens-museum\\\/#breadcrumb\"},\"inLanguage\":\"sv-SE\",\"potentialAction\":[{\"@type\":\"ReadAction\",\"target\":[\"https:\\\/\\\/ottaskifer.no\\\/sv\\\/vikingatidens-museum\\\/\"]}]},{\"@type\":\"BreadcrumbList\",\"@id\":\"https:\\\/\\\/ottaskifer.no\\\/sv\\\/vikingatidens-museum\\\/#breadcrumb\",\"itemListElement\":[{\"@type\":\"ListItem\",\"position\":1,\"name\":\"Hjem\",\"item\":\"https:\\\/\\\/ottaskifer.no\\\/sv\\\/forside\\\/\"},{\"@type\":\"ListItem\",\"position\":2,\"name\":\"Vikingtidsmuseet\"}]},{\"@type\":\"WebSite\",\"@id\":\"https:\\\/\\\/ottaskifer.no\\\/sv\\\/#website\",\"url\":\"https:\\\/\\\/ottaskifer.no\\\/sv\\\/\",\"name\":\"Otta Skifer\",\"description\":\"Stein som b\u00e6rer over generasjoner\",\"publisher\":{\"@id\":\"https:\\\/\\\/ottaskifer.no\\\/sv\\\/#organization\"},\"potentialAction\":[{\"@type\":\"SearchAction\",\"target\":{\"@type\":\"EntryPoint\",\"urlTemplate\":\"https:\\\/\\\/ottaskifer.no\\\/sv\\\/?s={search_term_string}\"},\"query-input\":{\"@type\":\"PropertyValueSpecification\",\"valueRequired\":true,\"valueName\":\"search_term_string\"}}],\"inLanguage\":\"sv-SE\"},{\"@type\":\"Organization\",\"@id\":\"https:\\\/\\\/ottaskifer.no\\\/sv\\\/#organization\",\"name\":\"Otta Skifer AS\",\"url\":\"https:\\\/\\\/ottaskifer.no\\\/sv\\\/\",\"logo\":{\"@type\":\"ImageObject\",\"inLanguage\":\"sv-SE\",\"@id\":\"https:\\\/\\\/ottaskifer.no\\\/sv\\\/#\\\/schema\\\/logo\\\/image\\\/\",\"url\":\"https:\\\/\\\/ottaskifer.no\\\/wp-content\\\/uploads\\\/2023\\\/10\\\/Otta_Skifer_staende_lys_RGB.svg\",\"contentUrl\":\"https:\\\/\\\/ottaskifer.no\\\/wp-content\\\/uploads\\\/2023\\\/10\\\/Otta_Skifer_staende_lys_RGB.svg\",\"width\":566,\"height\":336,\"caption\":\"Otta Skifer AS\"},\"image\":{\"@id\":\"https:\\\/\\\/ottaskifer.no\\\/sv\\\/#\\\/schema\\\/logo\\\/image\\\/\"},\"sameAs\":[\"https:\\\/\\\/www.facebook.com\\\/profile.php?id=61556584597085\"]}]}<\/script>\n<!-- \/ Yoast SEO plugin. -->","yoast_head_json":{"title":"Vikingtidsmuseet - Otta Skifer AS","robots":{"index":"index","follow":"follow","max-snippet":"max-snippet:-1","max-image-preview":"max-image-preview:large","max-video-preview":"max-video-preview:-1"},"canonical":"https:\/\/ottaskifer.no\/sv\/vikingatidens-museum\/","og_locale":"sv_SE","og_type":"article","og_title":"Vikingtidsmuseet - Otta Skifer AS","og_description":"Vikingtidsmuseet p\u00e5 Bygd\u00f8yModern arkitektur m\u00f6ter urgammal r\u00e5varaTaket p\u00e5 det nya Vikingtidsmuseet p\u00e5 Bygd\u00f8y \u00e4r t\u00e4ckt med Otta-skiffer. Det har varit ett otroligt sp\u00e4nnande projekt, inte minst eftersom taket \u00e4r kr\u00f6kt och dubbelkr\u00f6kt och nocken har en h\u00f6jdskillnad p\u00e5 2,5 meter. L\u00f6sningen blev d\u00e4rf\u00f6r att l\u00e4gga skifferplattorna med en stor \u00f6verlappning. Ottaskifer anv\u00e4nds och 20 procent [&hellip;]","og_url":"https:\/\/ottaskifer.no\/sv\/vikingatidens-museum\/","og_site_name":"Otta Skifer AS","article_publisher":"https:\/\/www.facebook.com\/profile.php?id=61556584597085","article_modified_time":"2025-11-18T13:23:46+00:00","twitter_card":"summary_large_image","twitter_misc":{"Ber\u00e4knad l\u00e4stid":"9 minuter"},"schema":{"@context":"https:\/\/schema.org","@graph":[{"@type":"WebPage","@id":"https:\/\/ottaskifer.no\/sv\/vikingatidens-museum\/","url":"https:\/\/ottaskifer.no\/sv\/vikingatidens-museum\/","name":"Vikingtidsmuseet - Otta Skifer AS","isPartOf":{"@id":"https:\/\/ottaskifer.no\/sv\/#website"},"datePublished":"2025-11-18T12:51:19+00:00","dateModified":"2025-11-18T13:23:46+00:00","breadcrumb":{"@id":"https:\/\/ottaskifer.no\/sv\/vikingatidens-museum\/#breadcrumb"},"inLanguage":"sv-SE","potentialAction":[{"@type":"ReadAction","target":["https:\/\/ottaskifer.no\/sv\/vikingatidens-museum\/"]}]},{"@type":"BreadcrumbList","@id":"https:\/\/ottaskifer.no\/sv\/vikingatidens-museum\/#breadcrumb","itemListElement":[{"@type":"ListItem","position":1,"name":"Hjem","item":"https:\/\/ottaskifer.no\/sv\/forside\/"},{"@type":"ListItem","position":2,"name":"Vikingtidsmuseet"}]},{"@type":"WebSite","@id":"https:\/\/ottaskifer.no\/sv\/#website","url":"https:\/\/ottaskifer.no\/sv\/","name":"Otta Skifer","description":"Stein som b\u00e6rer over generasjoner","publisher":{"@id":"https:\/\/ottaskifer.no\/sv\/#organization"},"potentialAction":[{"@type":"SearchAction","target":{"@type":"EntryPoint","urlTemplate":"https:\/\/ottaskifer.no\/sv\/?s={search_term_string}"},"query-input":{"@type":"PropertyValueSpecification","valueRequired":true,"valueName":"search_term_string"}}],"inLanguage":"sv-SE"},{"@type":"Organization","@id":"https:\/\/ottaskifer.no\/sv\/#organization","name":"Otta Skifer AS","url":"https:\/\/ottaskifer.no\/sv\/","logo":{"@type":"ImageObject","inLanguage":"sv-SE","@id":"https:\/\/ottaskifer.no\/sv\/#\/schema\/logo\/image\/","url":"https:\/\/ottaskifer.no\/wp-content\/uploads\/2023\/10\/Otta_Skifer_staende_lys_RGB.svg","contentUrl":"https:\/\/ottaskifer.no\/wp-content\/uploads\/2023\/10\/Otta_Skifer_staende_lys_RGB.svg","width":566,"height":336,"caption":"Otta Skifer AS"},"image":{"@id":"https:\/\/ottaskifer.no\/sv\/#\/schema\/logo\/image\/"},"sameAs":["https:\/\/www.facebook.com\/profile.php?id=61556584597085"]}]}},"_links":{"self":[{"href":"https:\/\/ottaskifer.no\/sv\/wp-json\/wp\/v2\/pages\/23945284","targetHints":{"allow":["GET"]}}],"collection":[{"href":"https:\/\/ottaskifer.no\/sv\/wp-json\/wp\/v2\/pages"}],"about":[{"href":"https:\/\/ottaskifer.no\/sv\/wp-json\/wp\/v2\/types\/page"}],"author":[{"embeddable":true,"href":"https:\/\/ottaskifer.no\/sv\/wp-json\/wp\/v2\/users\/5"}],"replies":[{"embeddable":true,"href":"https:\/\/ottaskifer.no\/sv\/wp-json\/wp\/v2\/comments?post=23945284"}],"version-history":[{"count":0,"href":"https:\/\/ottaskifer.no\/sv\/wp-json\/wp\/v2\/pages\/23945284\/revisions"}],"wp:attachment":[{"href":"https:\/\/ottaskifer.no\/sv\/wp-json\/wp\/v2\/media?parent=23945284"}],"wp:term":[{"taxonomy":"dipi_cpt_category","embeddable":true,"href":"https:\/\/ottaskifer.no\/sv\/wp-json\/wp\/v2\/dipi_cpt_category?post=23945284"}],"curies":[{"name":"wp","href":"https:\/\/api.w.org\/{rel}","templated":true}]}}